{"id":1119,"date":"2026-04-16T09:50:02","date_gmt":"2026-04-16T12:50:02","guid":{"rendered":"https:\/\/educacaomedica.fint.edu.br\/?page_id=1119"},"modified":"2026-04-16T15:35:16","modified_gmt":"2026-04-16T18:35:16","slug":"ultrassonografia-musculoesqueletica-e-infiltracoes-guiadas","status":"publish","type":"page","link":"https:\/\/educacaomedica.fint.edu.br\/index.php\/extensao-universitaria\/ultrassonografia-musculoesqueletica-e-infiltracoes-guiadas\/","title":{"rendered":"Ultrassonografia Musculoesquel\u00e9tica e Infiltra\u00e7\u00f5es Guiadas"},"content":{"rendered":"\n<div class=\"wp-block-columns is-layout-flex wp-container-core-columns-layout-1 wp-block-columns-is-layout-flex\">\n<div class=\"wp-block-column is-layout-flow wp-block-column-is-layout-flow\"><div class=\"wp-block-image\">\n<figure class=\"alignright size-large is-resized\"><img loading=\"lazy\" decoding=\"async\" width=\"1024\" height=\"621\" src=\"https:\/\/educacaomedica.fint.edu.br\/wp-content\/uploads\/2026\/04\/tela-apresent-infiltracao-2-1024x621.png\" alt=\"\" class=\"wp-image-1128\" style=\"width:459px;height:auto\" srcset=\"https:\/\/educacaomedica.fint.edu.br\/wp-content\/uploads\/2026\/04\/tela-apresent-infiltracao-2-1024x621.png 1024w, https:\/\/educacaomedica.fint.edu.br\/wp-content\/uploads\/2026\/04\/tela-apresent-infiltracao-2-300x182.png 300w, https:\/\/educacaomedica.fint.edu.br\/wp-content\/uploads\/2026\/04\/tela-apresent-infiltracao-2-768x466.png 768w, https:\/\/educacaomedica.fint.edu.br\/wp-content\/uploads\/2026\/04\/tela-apresent-infiltracao-2.png 1450w\" sizes=\"(max-width: 1024px) 100vw, 1024px\" \/><\/figure><\/div><\/div>\n\n\n\n<div class=\"wp-block-column is-layout-flow wp-block-column-is-layout-flow\">\n<h2 class=\"wp-block-heading has-text-color has-link-color has-x-large-font-size wp-elements-a42261bd3f43655e7d6e81ad164eea0e\" style=\"color:#5059a1\">ULTRASSNOGRAFIA  MUSCULOESQUEL\u00c9TICA E INFILTRA\u00c7\u00d5ES GUIADAS: Da Imagem \u00e0 Interven\u00e7\u00e3o<\/h2>\n\n\n\n<p>O curso oferece&nbsp;<strong>conhecimento t\u00e9cnico e conceitual<\/strong>&nbsp;para m\u00e9dicos na integra\u00e7\u00e3o avan\u00e7ada entre imagem, racioc\u00ednio cl\u00ednico e interven\u00e7\u00f5es. Com uma abordagem h\u00edbrida de 30 horas, priorizando a pr\u00e1tica (24 horas de atividades presenciais), o foco \u00e9 na ultrassonografia como ferramenta de uso imediato (POCUS) e no desenvolvimento da habilidade para realiza\u00e7\u00e3o de infiltra\u00e7\u00f5es guiadas. O curso com<strong>&nbsp;pr\u00e1tica estruturada<\/strong>&nbsp;promove seguran\u00e7a t\u00e9cnica, reduz riscos, melhora desfechos cl\u00ednicos e contribui para a incorpora\u00e7\u00e3o de procedimentos com valor agregado \u00e0 pr\u00e1tica m\u00e9dica.<\/p>\n\n\n<div class=\"lightweight-accordion has-text-color has-background\"><details><summary class=\"lightweight-accordion-title\" style=\"color:#ffffff;background:#08366c;\"><span>Valor do Curso<\/span><\/summary><div class=\"lightweight-accordion-body\" style=\"border-color:#08366c;\">\n\n<p class=\"has-text-align-center has-black-color has-text-color has-link-color wp-elements-fa59e59e96cb519b4c6b1ceb5619ceba\">Valor da Inscri\u00e7\u00e3o: Gratuita <\/p>\n\n\n\n<hr class=\"wp-block-separator has-alpha-channel-opacity\"\/>\n\n\n\n<p class=\"has-text-align-center has-black-color has-text-color has-link-color wp-elements-c8e82947781be416c109c229be4bb9b4\"><strong>06 parcelas de $559<\/strong><\/p>\n\n\n\n<p class=\"has-text-align-center has-black-color has-text-color has-link-color has-small-font-size wp-elements-26c457b0a23e5a9c8c50f93d615ad7e9\">Fale com um consultor e garanta condi\u00e7\u00f5es especiais<\/p>\n\n<\/div><\/details><\/div>\n\n\n<div class=\"wp-block-buttons is-layout-flex wp-block-buttons-is-layout-flex\">\n<div class=\"wp-block-button has-custom-width wp-block-button__width-50\"><a class=\"wp-block-button__link has-background wp-element-button\" href=\"https:\/\/fint.jacad.com.br\/academico\/e-course\/v3\/link?idCurso=112\" style=\"background-color:#08366c\">Inscreva-se<\/a><\/div>\n\n\n\n<div class=\"wp-block-button has-custom-width wp-block-button__width-50\"><a class=\"wp-block-button__link has-background wp-element-button\" href=\"https:\/\/wa.me\/5519971386715?text=Ol%C3%A1%21%20Vi%20o%20curso%20de%20Expecializa\u00e7\u00e3o%C3%A7%C3%A3o%20em%20Ultrassonografia%20Musculoesquel\u00e9tica%20e%20Infiltra\u00e7\u00f5es%20Guiadas%20no%20site%20e%20gostaria%20de%20mais%20informa%C3%A7%C3%B5es%20por%20favor.\" style=\"background-color:#08366c\" target=\"_blank\" rel=\"noreferrer noopener\">Fale com um consultor<\/a><\/div>\n<\/div>\n<\/div>\n<\/div>\n\n\n\n<div class=\"wp-block-columns is-layout-flex wp-container-core-columns-layout-2 wp-block-columns-is-layout-flex\">\n<div class=\"wp-block-column is-layout-flow wp-block-column-is-layout-flow\"><div class=\"lightweight-accordion has-text-color has-background\"><details><summary class=\"lightweight-accordion-title\" style=\"color:#ffffff;background:#08366c;\"><span>Metodologia<\/span><\/summary><div class=\"lightweight-accordion-body\" style=\"border-color:#08366c;\">\n\n<p class=\"has-black-color has-text-color has-link-color wp-elements-8a24c63d6c96d45598a8771be6a66fc6\">Modelo h\u00edbrido que combina aulas virtuais ao vivo com 24 horas de intenso aprendizado pr\u00e1tico (hands-on). A metodologia de ensino se baseia na an\u00e1lise de casos reais, simula\u00e7\u00f5es de decis\u00f5es cl\u00ednicas e t\u00e9cnicas ativas de aprendizado (PBL).&nbsp;&nbsp;<\/p>\n\n<\/div><\/details><\/div><\/div>\n\n\n\n<div class=\"wp-block-column is-layout-flow wp-block-column-is-layout-flow\"><div class=\"lightweight-accordion has-text-color has-background\"><details><summary class=\"lightweight-accordion-title\" style=\"color:#ffffff;background:#08366c;\"><span>P\u00fablico-alvo<\/span><\/summary><div class=\"lightweight-accordion-body\" style=\"border-color:#08366c;\">\n\n<p class=\"has-black-color has-text-color has-link-color wp-elements-1bac3eadf2fb14ea9984c7724ca7373d\">Desenhado estrategicamente para m\u00e9dicos que trabalham em ortopedia, reumatologia, controle da dor, medicina esportiva e cl\u00ednica geral. O curso \u00e9 igualmente muito recomendado para residentes de \u00e1reas cl\u00ednicas ou cir\u00fargicas, assim como alunos de medicina que est\u00e3o em fase cl\u00ednica, oferecendo-lhes uma vantagem competitiva no mercado.&nbsp; &nbsp;<\/p>\n\n<\/div><\/details><\/div><\/div>\n\n\n\n<div class=\"wp-block-column is-layout-flow wp-block-column-is-layout-flow\"><div class=\"lightweight-accordion has-text-color has-background\"><details><summary class=\"lightweight-accordion-title\" style=\"color:#ffffff;background:#08366c;\"><span>Corpo Docente<\/span><\/summary><div class=\"lightweight-accordion-body\" style=\"border-color:#08366c;\">\n\n<p class=\"has-black-color has-text-color has-link-color wp-elements-2a7a6d10c30eadc1c785e38e11552c34\">Dra. Marushcka Salles Fraz\u00e3o de Assis: M\u00e9dica com especializa\u00e7\u00e3o em Neurocirurgia e ampla experi\u00eancia em ambientes cl\u00ednicos e acad\u00eamicos. Possui p\u00f3s-gradua\u00e7\u00f5es em Neurocirurgia Funcional, Psiquiatria e Administra\u00e7\u00e3o Hospitalar. \u00c9 especialista em manejo da Dor Cr\u00f4nica e Espasticidade, atuando em hospitais renomados e atualmente ocupando a posi\u00e7\u00e3o de Coordenadora do Programa de P\u00f3s-gradua\u00e7\u00e3o em Medicina da Dor da FINT.&nbsp;<\/p>\n\n<\/div><\/details><\/div><\/div>\n<\/div>\n\n\n\n<div class=\"wp-block-media-text has-media-on-the-right is-stacked-on-mobile\"><div class=\"wp-block-media-text__content\">\n<p><\/p>\n\n\n\n<h2 class=\"wp-block-heading has-large-font-size\">OBJETIVOS DO CURSO<\/h2>\n\n\n\n<p><strong>Objetivo Geral:<\/strong>&nbsp;Apresentar os fundamentos pr\u00e1ticos da ultrassonografia musculoesquel\u00e9tica para capacitar o aluno no diagn\u00f3stico preciso, na tomada de decis\u00e3o r\u00e1pida e na interven\u00e7\u00e3o adequada no ambiente cl\u00ednico.<\/p>\n\n\n\n<p><strong>Objetivos Espec\u00edficos:<\/strong><\/p>\n\n\n\n<ul>\n<li>Utilizar o ultrassom com seguran\u00e7a como ferramenta de diagn\u00f3stico imediato (POCUS)<sup><\/sup>.<\/li>\n\n\n\n<li>Realizar infiltra\u00e7\u00f5es guiadas com alt\u00edssima precis\u00e3o e seguran\u00e7a para o paciente<sup><\/sup>.<\/li>\n\n\n\n<li>Dominar a tr\u00edade cl\u00ednica moderna: integrar perfeitamente Imagem + Avalia\u00e7\u00e3o Cl\u00ednica + Interven\u00e7\u00e3o<sup><\/sup>.<\/li>\n\n\n\n<li>Desenvolver racioc\u00ednio cl\u00ednico afiado para a correta indica\u00e7\u00e3o (ou contraindica\u00e7\u00e3o) de procedimentos<sup><\/sup><sup><\/sup><sup><\/sup><sup><\/sup>.<\/li>\n\n\n\n<li>Aplicar protocolos r\u00e1pidos de avalia\u00e7\u00e3o musculoesquel\u00e9tica na rotina de atendimentos<sup><\/sup>.&nbsp;<\/li>\n<\/ul>\n<\/div><figure class=\"wp-block-media-text__media\"><img loading=\"lazy\" decoding=\"async\" width=\"487\" height=\"490\" src=\"https:\/\/educacaomedica.fint.edu.br\/wp-content\/uploads\/2026\/04\/grade-imagens-infiltracao.png\" alt=\"\" class=\"wp-image-1123 size-full\" srcset=\"https:\/\/educacaomedica.fint.edu.br\/wp-content\/uploads\/2026\/04\/grade-imagens-infiltracao.png 487w, https:\/\/educacaomedica.fint.edu.br\/wp-content\/uploads\/2026\/04\/grade-imagens-infiltracao-298x300.png 298w, https:\/\/educacaomedica.fint.edu.br\/wp-content\/uploads\/2026\/04\/grade-imagens-infiltracao-150x150.png 150w\" sizes=\"(max-width: 487px) 100vw, 487px\" \/><\/figure><\/div>\n\n\n\n<hr class=\"wp-block-separator has-alpha-channel-opacity\"\/>\n\n\n\n<div class=\"wp-block-columns is-layout-flex wp-container-core-columns-layout-3 wp-block-columns-is-layout-flex\">\n<div class=\"wp-block-column is-vertically-aligned-center is-layout-flow wp-block-column-is-layout-flow\">\n<h2 class=\"wp-block-heading has-text-align-center\">Inscreva-se<\/h2>\n\n\n\n<p class=\"has-black-color has-text-color has-link-color wp-elements-cf62715786b61789c1822be4d2a6f4f7\">Invista na sua carreira com uma forma\u00e7\u00e3o que une conhecimento especializado. Garanta sua vaga e prepare-se para proporcionar melhor qualidade de vida para os pacientes e seus familiares.<\/p>\n\n\n\n<div class=\"wp-block-buttons is-content-justification-center is-layout-flex wp-container-core-buttons-layout-2 wp-block-buttons-is-layout-flex\">\n<div class=\"wp-block-button\"><a class=\"wp-block-button__link has-background has-text-align-center wp-element-button\" style=\"background-color:#08366c\">Inscreva-se<\/a><\/div>\n<\/div>\n<\/div>\n<\/div>\n\n\n\n<figure class=\"wp-block-pullquote\"><blockquote><p>A realiza\u00e7\u00e3o deste curso est\u00e1 sujeita \u00e0 forma\u00e7\u00e3o de turma com um n\u00famero<br>m\u00ednimo de participantes.<\/p><\/blockquote><\/figure>\n\n\n\n<div class=\"wp-block-columns is-layout-flex wp-container-core-columns-layout-4 wp-block-columns-is-layout-flex\">\n<div class=\"wp-block-column is-layout-flow wp-block-column-is-layout-flow\">\n<figure class=\"wp-block-embed is-type-video is-provider-youtube wp-block-embed-youtube wp-embed-aspect-16-9 wp-has-aspect-ratio\"><div class=\"wp-block-embed__wrapper\">\n<iframe loading=\"lazy\" title=\"FINT de Perto: Conhe\u00e7a Toda a Estrutura que Faz a Diferen\u00e7a\" width=\"500\" height=\"281\" src=\"https:\/\/www.youtube.com\/embed\/7lBKCwlRirA?feature=oembed\" frameborder=\"0\" allow=\"accelerometer; autoplay; clipboard-write; encrypted-media; gyroscope; picture-in-picture; web-share\" referrerpolicy=\"strict-origin-when-cross-origin\" allowfullscreen><\/iframe>\n<\/div><\/figure>\n<\/div>\n\n\n\n<div class=\"wp-block-column is-layout-flow wp-block-column-is-layout-flow\">\n<h2 class=\"wp-block-heading\">A FINT de Perto: Conhe\u00e7a Toda a Estrutura que Faz a Diferen\u00e7a<\/h2>\n\n\n\n<p class=\"has-black-color has-text-color has-link-color wp-elements-8c3ea1ba063ba3ab072c00727a370a2b\"><strong>Aqui, cada detalhe foi pensado para voc\u00ea evoluir.<\/strong><br>Neste v\u00eddeo, voc\u00ea vai conhecer de perto a estrutura da FINT: espa\u00e7os modernos, tecnologia de ponta e ambientes que inspiram aprendizado. Aperte o play e sinta como \u00e9 estudar em um lugar feito para transformar sua trajet\u00f3ria.<\/p>\n<\/div>\n<\/div>\n","protected":false},"excerpt":{"rendered":"<p>ULTRASSNOGRAFIA MUSCULOESQUEL\u00c9TICA E INFILTRA\u00c7\u00d5ES GUIADAS: Da Imagem \u00e0 Interven\u00e7\u00e3o O curso oferece&nbsp;conhecimento t\u00e9cnico e conceitual&nbsp;para m\u00e9dicos na integra\u00e7\u00e3o avan\u00e7ada entre imagem, racioc\u00ednio cl\u00ednico e interven\u00e7\u00f5es. Com uma abordagem h\u00edbrida de 30 horas, priorizando a pr\u00e1tica (24 horas de atividades presenciais), o foco \u00e9 na ultrassonografia como ferramenta de uso imediato (POCUS) e no desenvolvimento da [&hellip;]<\/p>\n","protected":false},"author":7,"featured_media":0,"parent":16,"menu_order":0,"comment_status":"closed","ping_status":"closed","template":"template-fullwidth.php","meta":{"om_disable_all_campaigns":false,"_monsterinsights_skip_tracking":false,"_monsterinsights_sitenote_active":false,"_monsterinsights_sitenote_note":"","_monsterinsights_sitenote_category":0,"_uf_show_specific_survey":0,"_uf_disable_surveys":false,"footnotes":""},"aioseo_notices":[],"_links":{"self":[{"href":"https:\/\/educacaomedica.fint.edu.br\/index.php\/wp-json\/wp\/v2\/pages\/1119"}],"collection":[{"href":"https:\/\/educacaomedica.fint.edu.br\/index.php\/wp-json\/wp\/v2\/pages"}],"about":[{"href":"https:\/\/educacaomedica.fint.edu.br\/index.php\/wp-json\/wp\/v2\/types\/page"}],"author":[{"embeddable":true,"href":"https:\/\/educacaomedica.fint.edu.br\/index.php\/wp-json\/wp\/v2\/users\/7"}],"replies":[{"embeddable":true,"href":"https:\/\/educacaomedica.fint.edu.br\/index.php\/wp-json\/wp\/v2\/comments?post=1119"}],"version-history":[{"count":5,"href":"https:\/\/educacaomedica.fint.edu.br\/index.php\/wp-json\/wp\/v2\/pages\/1119\/revisions"}],"predecessor-version":[{"id":1153,"href":"https:\/\/educacaomedica.fint.edu.br\/index.php\/wp-json\/wp\/v2\/pages\/1119\/revisions\/1153"}],"up":[{"embeddable":true,"href":"https:\/\/educacaomedica.fint.edu.br\/index.php\/wp-json\/wp\/v2\/pages\/16"}],"wp:attachment":[{"href":"https:\/\/educacaomedica.fint.edu.br\/index.php\/wp-json\/wp\/v2\/media?parent=1119"}],"curies":[{"name":"wp","href":"https:\/\/api.w.org\/{rel}","templated":true}]}}