{"id":1130,"date":"2026-04-16T11:05:56","date_gmt":"2026-04-16T14:05:56","guid":{"rendered":"https:\/\/educacaomedica.fint.edu.br\/?page_id=1130"},"modified":"2026-04-16T15:36:03","modified_gmt":"2026-04-16T18:36:03","slug":"manejo-do-paciente-psiquiatrico-em-crise","status":"publish","type":"page","link":"https:\/\/educacaomedica.fint.edu.br\/index.php\/extensao-universitaria\/manejo-do-paciente-psiquiatrico-em-crise\/","title":{"rendered":"Manejo do Paciente Psiqui\u00e1trico em Crise"},"content":{"rendered":"\n<div class=\"wp-block-columns is-layout-flex wp-container-core-columns-layout-1 wp-block-columns-is-layout-flex\">\n<div class=\"wp-block-column is-layout-flow wp-block-column-is-layout-flow\"><div class=\"wp-block-image\">\n<figure class=\"alignright size-large is-resized\"><img loading=\"lazy\" decoding=\"async\" width=\"1024\" height=\"621\" src=\"https:\/\/educacaomedica.fint.edu.br\/wp-content\/uploads\/2026\/04\/tela-manejo-psiqui-1024x621.png\" alt=\"\" class=\"wp-image-1138\" style=\"width:412px;height:auto\" srcset=\"https:\/\/educacaomedica.fint.edu.br\/wp-content\/uploads\/2026\/04\/tela-manejo-psiqui-1024x621.png 1024w, https:\/\/educacaomedica.fint.edu.br\/wp-content\/uploads\/2026\/04\/tela-manejo-psiqui-300x182.png 300w, https:\/\/educacaomedica.fint.edu.br\/wp-content\/uploads\/2026\/04\/tela-manejo-psiqui-768x466.png 768w, https:\/\/educacaomedica.fint.edu.br\/wp-content\/uploads\/2026\/04\/tela-manejo-psiqui.png 1450w\" sizes=\"(max-width: 1024px) 100vw, 1024px\" \/><\/figure><\/div><\/div>\n\n\n\n<div class=\"wp-block-column is-layout-flow wp-block-column-is-layout-flow\">\n<h2 class=\"wp-block-heading has-text-color has-link-color has-x-large-font-size wp-elements-b131fe5471f3fbceed888f81cc272923\" style=\"color:#5059a1\">MANEJO DO PACIENTE PSIQUIATRICO EM CRISE<\/h2>\n\n\n\n<p>Prepare-se para conhecer os fundamentos do manejo do paciente psiqui\u00e1trico em crise, com o Dr. Loester Ribeiro, m\u00e9dico com mais de tr\u00eas d\u00e9cadas de atua\u00e7\u00e3o e ex-representante do CRM-SP. Este curso apresenta uma metodologia pr\u00e1tica e confi\u00e1vel, contribuindo para o desenvolvimento de habilidades cl\u00ednicas voltadas \u00e0 tomada de decis\u00e3o, \u00e0 avalia\u00e7\u00e3o de risco e \u00e0 defini\u00e7\u00e3o de condutas e encaminhamentos adequados. Com uma abordagem h\u00edbrida, combina a versatilidade do aprendizado online com a discuss\u00e3o de casos cl\u00ednicos e a experi\u00eancia intensiva de treinamento em um ambiente de simula\u00e7\u00e3o real na FINT. Aprenda a aplicar protocolos t\u00e9cnicos e \u00e9ticos para intervir com seguran\u00e7a nas situa\u00e7\u00f5es que envolvem vida e sa\u00fade mental.<\/p>\n\n\n<div class=\"lightweight-accordion has-text-color has-background\"><details><summary class=\"lightweight-accordion-title\" style=\"color:#ffffff;background:#08366c;\"><span>Valor do Curso<\/span><\/summary><div class=\"lightweight-accordion-body\" style=\"border-color:#08366c;\">\n\n<p class=\"has-text-align-center has-black-color has-text-color has-link-color wp-elements-fa59e59e96cb519b4c6b1ceb5619ceba\">Valor da Inscri\u00e7\u00e3o: Gratuita <\/p>\n\n\n\n<hr class=\"wp-block-separator has-alpha-channel-opacity\"\/>\n\n\n\n<p class=\"has-text-align-center has-black-color has-text-color has-link-color wp-elements-3386fa798b954fce1a30165b11465181\"><strong>06 parcelas de $529<\/strong><\/p>\n\n\n\n<p class=\"has-text-align-center has-black-color has-text-color has-link-color has-small-font-size wp-elements-26c457b0a23e5a9c8c50f93d615ad7e9\">Fale com um consultor e garanta condi\u00e7\u00f5es especiais<\/p>\n\n<\/div><\/details><\/div>\n\n\n<div class=\"wp-block-buttons is-layout-flex wp-block-buttons-is-layout-flex\">\n<div class=\"wp-block-button has-custom-width wp-block-button__width-50\"><a class=\"wp-block-button__link has-background wp-element-button\" href=\"https:\/\/fint.jacad.com.br\/academico\/e-course\/v3\/link?idCurso=111\" style=\"background-color:#08366c\">Inscreva-se<\/a><\/div>\n\n\n\n<div class=\"wp-block-button has-custom-width wp-block-button__width-50\"><a class=\"wp-block-button__link has-background wp-element-button\" href=\"https:\/\/wa.me\/5519971386715?text=Ol%C3%A1%21%20Vi%20o%20curso%20de%20Expecializa\u00e7\u00e3o%C3%A7%C3%A3o%20em%20Manejo%20do%20Paciente%20Psiqui\u00e1trico%20em%20Crise%20no%20site%20e%20gostaria%20de%20mais%20informa%C3%A7%C3%B5es%20por%20favor.\" style=\"background-color:#08366c\" target=\"_blank\" rel=\"noreferrer noopener\">Fale com um consultor<\/a><\/div>\n<\/div>\n<\/div>\n<\/div>\n\n\n\n<div class=\"wp-block-columns is-layout-flex wp-container-core-columns-layout-2 wp-block-columns-is-layout-flex\">\n<div class=\"wp-block-column is-layout-flow wp-block-column-is-layout-flow\"><div class=\"lightweight-accordion has-text-color has-background\"><details><summary class=\"lightweight-accordion-title\" style=\"color:#ffffff;background:#08366c;\"><span>Metodologia<\/span><\/summary><div class=\"lightweight-accordion-body\" style=\"border-color:#08366c;\">\n\n<p class=\"has-black-color has-text-color has-link-color wp-elements-21c891e6eafee4f4edb9f12b6be93e65\">Modelo h\u00edbrido de aprendizado te\u00f3rico e pr\u00e1tico (30h): 22h online com aulas ao vivo e an\u00e1lise de casos reais + 8h presenciais dedicadas a simula\u00e7\u00f5es de atendimento, pr\u00e1tica de comunica\u00e7\u00e3o cl\u00ednica e coment\u00e1rios organizados dos instrutore<\/p>\n\n<\/div><\/details><\/div><\/div>\n\n\n\n<div class=\"wp-block-column is-layout-flow wp-block-column-is-layout-flow\"><div class=\"lightweight-accordion has-text-color has-background\"><details><summary class=\"lightweight-accordion-title\" style=\"color:#ffffff;background:#08366c;\"><span>P\u00fablico-alvo<\/span><\/summary><div class=\"lightweight-accordion-body\" style=\"border-color:#08366c;\">\n\n<p class=\"has-black-color has-text-color has-link-color wp-elements-9caef13877a8722ca53952e4a18d22dd\">Este curso foi cuidadosamente elaborado para profissionais que trabalham diretamente com o p\u00fablico e desejam aprimorar suas habilidades t\u00e9cnicas: m\u00e9dicos e psic\u00f3logos que est\u00e3o interessados em se especializar em emerg\u00eancias psiqui\u00e1tricas, al\u00e9m de estudantes do \u00faltimo ano de Medicina e Psicologia que pretender se preparar para as demandas dos plant\u00f5es e da pr\u00e1tica cl\u00ednica, seja em hospitais ou em consult\u00f3rios. \u00c9 perfeito para aqueles que desejam se destacar no mercado por meio de uma forma\u00e7\u00e3o que combina rigor acad\u00eamico com a viv\u00eancia pr\u00e1tica de um dos principais especialistas da \u00e1rea.<\/p>\n\n<\/div><\/details><\/div><\/div>\n\n\n\n<div class=\"wp-block-column is-layout-flow wp-block-column-is-layout-flow\"><div class=\"lightweight-accordion has-text-color has-background\"><details><summary class=\"lightweight-accordion-title\" style=\"color:#ffffff;background:#08366c;\"><span>Corpo Docente<\/span><\/summary><div class=\"lightweight-accordion-body\" style=\"border-color:#08366c;\">\n\n<p class=\"has-black-color has-text-color has-link-color wp-elements-571e67ea7bc8c8f587e578015660d215\">Dr. Loester Silveira Ribeiro: Profissional de Sa\u00fade Mental especializado em psiquiatria e psican\u00e1lise (UFF\/UFRJ), possui ampla experi\u00eancia em administra\u00e7\u00e3o e cuidados. Mestre em Psiquiatria pela UFRJ e ex-representante do CRM-SP entre 2011 e 2018. Atuou como supervisor de resid\u00eancia m\u00e9dica no Conjunto Hospitalar do Mandaqui por 15 anos e dirige a se\u00e7\u00e3o de interconsulta hospitalar desde 2007. Leciona na UNINOVE e Cruzeiro do Sul, trazendo a experi\u00eancia pr\u00e1tica de quem trabalha com interna\u00e7\u00f5es involunt\u00e1rias na Unidade Experimental de Sa\u00fade. Reconhecido especialista em \u00e9tica e pr\u00e1ticas psiqui\u00e1tricas.<\/p>\n\n<\/div><\/details><\/div><\/div>\n<\/div>\n\n\n\n<div class=\"wp-block-media-text has-media-on-the-right is-stacked-on-mobile\"><div class=\"wp-block-media-text__content\">\n<p><\/p>\n\n\n\n<h2 class=\"wp-block-heading has-large-font-size\">OBJETIVOS DO CURSO<\/h2>\n\n\n\n<p>Foco principal \u00e9 preparar os alunos para lidar com crises psiqui\u00e1tricas complexas de maneira \u00e1gil e embasada. &nbsp;<\/p>\n\n\n\n<ul>\n<li><strong>Reconhecimento e Avalia\u00e7\u00e3o: <\/strong>Identificar crises em diferentes situa\u00e7\u00f5es e desenvolver um racioc\u00ednio cl\u00ednico para a an\u00e1lise do estado mental.<\/li>\n\n\n\n<li><strong>Gest\u00e3o de Risco:<\/strong> Dominar os protocolos para avalia\u00e7\u00e3o de riscos como suic\u00eddio, comportamento agressivo e vulnerabilidades sociais. &nbsp;<\/li>\n\n\n\n<li><strong>Conduta Cl\u00ednica:<\/strong> Compreender as abordagens farmacol\u00f3gicas e n\u00e3o farmacol\u00f3gicas para tratar agita\u00e7\u00e3o psicomotora, crises de p\u00e2nico e epis\u00f3dios de psicose.&nbsp;&nbsp;<\/li>\n\n\n\n<li><strong>Rede de Aten\u00e7\u00e3o:<\/strong> Entender os crit\u00e9rios t\u00e9cnicos para encaminhamentos e interna\u00e7\u00f5es, em colabora\u00e7\u00e3o com os CAPS e servi\u00e7os de emerg\u00eancia.<\/li>\n\n\n\n<li><strong>Habilidades de Comunica\u00e7\u00e3o: <\/strong>Aperfei\u00e7oar as habilidades de comunica\u00e7\u00e3o cr\u00edtica em situa\u00e7\u00f5es de alta press\u00e3o por meio de simula\u00e7\u00f5es realistas.<\/li>\n<\/ul>\n<\/div><figure class=\"wp-block-media-text__media\"><img loading=\"lazy\" decoding=\"async\" width=\"487\" height=\"490\" src=\"https:\/\/educacaomedica.fint.edu.br\/wp-content\/uploads\/2026\/04\/grade-imagens-manejo-psico.png\" alt=\"\" class=\"wp-image-1135 size-full\" srcset=\"https:\/\/educacaomedica.fint.edu.br\/wp-content\/uploads\/2026\/04\/grade-imagens-manejo-psico.png 487w, https:\/\/educacaomedica.fint.edu.br\/wp-content\/uploads\/2026\/04\/grade-imagens-manejo-psico-298x300.png 298w, https:\/\/educacaomedica.fint.edu.br\/wp-content\/uploads\/2026\/04\/grade-imagens-manejo-psico-150x150.png 150w\" sizes=\"(max-width: 487px) 100vw, 487px\" \/><\/figure><\/div>\n\n\n\n<hr class=\"wp-block-separator has-alpha-channel-opacity\"\/>\n\n\n\n<div class=\"wp-block-columns is-layout-flex wp-container-core-columns-layout-3 wp-block-columns-is-layout-flex\">\n<div class=\"wp-block-column is-vertically-aligned-center is-layout-flow wp-block-column-is-layout-flow\">\n<h2 class=\"wp-block-heading has-text-align-center\">Inscreva-se<\/h2>\n\n\n\n<p class=\"has-black-color has-text-color has-link-color wp-elements-cf62715786b61789c1822be4d2a6f4f7\">Invista na sua carreira com uma forma\u00e7\u00e3o que une conhecimento especializado. Garanta sua vaga e prepare-se para proporcionar melhor qualidade de vida para os pacientes e seus familiares.<\/p>\n\n\n\n<div class=\"wp-block-buttons is-content-justification-center is-layout-flex wp-container-core-buttons-layout-2 wp-block-buttons-is-layout-flex\">\n<div class=\"wp-block-button\"><a class=\"wp-block-button__link has-background has-text-align-center wp-element-button\" style=\"background-color:#08366c\">Inscreva-se<\/a><\/div>\n<\/div>\n<\/div>\n<\/div>\n\n\n\n<figure class=\"wp-block-pullquote\"><blockquote><p>A realiza\u00e7\u00e3o deste curso est\u00e1 sujeita \u00e0 forma\u00e7\u00e3o de turma com um n\u00famero<br>m\u00ednimo de participantes.<\/p><\/blockquote><\/figure>\n\n\n\n<div class=\"wp-block-columns is-layout-flex wp-container-core-columns-layout-4 wp-block-columns-is-layout-flex\">\n<div class=\"wp-block-column is-layout-flow wp-block-column-is-layout-flow\">\n<figure class=\"wp-block-embed is-type-video is-provider-youtube wp-block-embed-youtube wp-embed-aspect-16-9 wp-has-aspect-ratio\"><div class=\"wp-block-embed__wrapper\">\n<iframe loading=\"lazy\" title=\"FINT de Perto: Conhe\u00e7a Toda a Estrutura que Faz a Diferen\u00e7a\" width=\"500\" height=\"281\" src=\"https:\/\/www.youtube.com\/embed\/7lBKCwlRirA?feature=oembed\" frameborder=\"0\" allow=\"accelerometer; autoplay; clipboard-write; encrypted-media; gyroscope; picture-in-picture; web-share\" referrerpolicy=\"strict-origin-when-cross-origin\" allowfullscreen><\/iframe>\n<\/div><\/figure>\n<\/div>\n\n\n\n<div class=\"wp-block-column is-layout-flow wp-block-column-is-layout-flow\">\n<h2 class=\"wp-block-heading\">A FINT de Perto: Conhe\u00e7a Toda a Estrutura que Faz a Diferen\u00e7a<\/h2>\n\n\n\n<p class=\"has-black-color has-text-color has-link-color wp-elements-8c3ea1ba063ba3ab072c00727a370a2b\"><strong>Aqui, cada detalhe foi pensado para voc\u00ea evoluir.<\/strong><br>Neste v\u00eddeo, voc\u00ea vai conhecer de perto a estrutura da FINT: espa\u00e7os modernos, tecnologia de ponta e ambientes que inspiram aprendizado. Aperte o play e sinta como \u00e9 estudar em um lugar feito para transformar sua trajet\u00f3ria.<\/p>\n<\/div>\n<\/div>\n","protected":false},"excerpt":{"rendered":"<p>MANEJO DO PACIENTE PSIQUIATRICO EM CRISE Prepare-se para conhecer os fundamentos do manejo do paciente psiqui\u00e1trico em crise, com o Dr. Loester Ribeiro, m\u00e9dico com mais de tr\u00eas d\u00e9cadas de atua\u00e7\u00e3o e ex-representante do CRM-SP. Este curso apresenta uma metodologia pr\u00e1tica e confi\u00e1vel, contribuindo para o desenvolvimento de habilidades cl\u00ednicas voltadas \u00e0 tomada de decis\u00e3o, [&hellip;]<\/p>\n","protected":false},"author":7,"featured_media":0,"parent":16,"menu_order":0,"comment_status":"closed","ping_status":"closed","template":"template-fullwidth.php","meta":{"om_disable_all_campaigns":false,"_monsterinsights_skip_tracking":false,"_monsterinsights_sitenote_active":false,"_monsterinsights_sitenote_note":"","_monsterinsights_sitenote_category":0,"_uf_show_specific_survey":0,"_uf_disable_surveys":false,"footnotes":""},"aioseo_notices":[],"_links":{"self":[{"href":"https:\/\/educacaomedica.fint.edu.br\/index.php\/wp-json\/wp\/v2\/pages\/1130"}],"collection":[{"href":"https:\/\/educacaomedica.fint.edu.br\/index.php\/wp-json\/wp\/v2\/pages"}],"about":[{"href":"https:\/\/educacaomedica.fint.edu.br\/index.php\/wp-json\/wp\/v2\/types\/page"}],"author":[{"embeddable":true,"href":"https:\/\/educacaomedica.fint.edu.br\/index.php\/wp-json\/wp\/v2\/users\/7"}],"replies":[{"embeddable":true,"href":"https:\/\/educacaomedica.fint.edu.br\/index.php\/wp-json\/wp\/v2\/comments?post=1130"}],"version-history":[{"count":9,"href":"https:\/\/educacaomedica.fint.edu.br\/index.php\/wp-json\/wp\/v2\/pages\/1130\/revisions"}],"predecessor-version":[{"id":1154,"href":"https:\/\/educacaomedica.fint.edu.br\/index.php\/wp-json\/wp\/v2\/pages\/1130\/revisions\/1154"}],"up":[{"embeddable":true,"href":"https:\/\/educacaomedica.fint.edu.br\/index.php\/wp-json\/wp\/v2\/pages\/16"}],"wp:attachment":[{"href":"https:\/\/educacaomedica.fint.edu.br\/index.php\/wp-json\/wp\/v2\/media?parent=1130"}],"curies":[{"name":"wp","href":"https:\/\/api.w.org\/{rel}","templated":true}]}}