{"id":16,"date":"2024-04-04T17:23:52","date_gmt":"2024-04-04T20:23:52","guid":{"rendered":"https:\/\/educacaomedica.fint.edu.br\/?page_id=16"},"modified":"2026-04-16T12:35:25","modified_gmt":"2026-04-16T15:35:25","slug":"extensao-universitaria","status":"publish","type":"page","link":"https:\/\/educacaomedica.fint.edu.br\/index.php\/extensao-universitaria\/","title":{"rendered":"EXTENS\u00c3O UNIVERSIT\u00c1RIA"},"content":{"rendered":"\n<div class=\"wp-block-columns is-layout-flex wp-container-core-columns-layout-1 wp-block-columns-is-layout-flex\">\n<div class=\"wp-block-column is-layout-flow wp-block-column-is-layout-flow\">\n<figure class=\"wp-block-image size-full is-style-default\"><img loading=\"lazy\" decoding=\"async\" width=\"1450\" height=\"879\" src=\"https:\/\/educacaomedica.fint.edu.br\/wp-content\/uploads\/2026\/04\/tela-apresent-infiltracao-2.png\" alt=\"\" class=\"wp-image-1128\" srcset=\"https:\/\/educacaomedica.fint.edu.br\/wp-content\/uploads\/2026\/04\/tela-apresent-infiltracao-2.png 1450w, https:\/\/educacaomedica.fint.edu.br\/wp-content\/uploads\/2026\/04\/tela-apresent-infiltracao-2-300x182.png 300w, https:\/\/educacaomedica.fint.edu.br\/wp-content\/uploads\/2026\/04\/tela-apresent-infiltracao-2-1024x621.png 1024w, https:\/\/educacaomedica.fint.edu.br\/wp-content\/uploads\/2026\/04\/tela-apresent-infiltracao-2-768x466.png 768w\" sizes=\"(max-width: 1450px) 100vw, 1450px\" \/><\/figure>\n\n\n\n<p class=\"has-text-align-center has-black-color has-text-color has-link-color has-medium-font-size wp-elements-4b8ac7f304eb59205ea158bac981bc7d\"><strong>ULTRASSONOGRAFIA MUSCULOESQUEL\u00c9TICA E INFILTRA\u00c7\u00d5ES GUIADAS: Da Imagem \u00e0 Interven\u00e7\u00e3o<\/strong><\/p>\n\n\n\n<p class=\"has-text-align-center\">EXTENS\u00c3O UNIVERSIT\u00c1RIA<\/p>\n\n\n\n<p class=\"has-text-align-center\">SEMIPRESENCIAL<\/p>\n\n\n\n<div class=\"wp-block-buttons is-layout-flex wp-block-buttons-is-layout-flex\">\n<div class=\"wp-block-button has-custom-width wp-block-button__width-100 has-custom-font-size has-small-font-size\"><a class=\"wp-block-button__link has-white-color has-black-background-color has-text-color has-background has-link-color wp-element-button\" href=\"https:\/\/educacaomedica.fint.edu.br\/index.php\/extensao-universitaria\/ultrassonografia-musculoesqueletica-e-infiltracoes-guiadas\/\">SAIBA MAIS<\/a><\/div>\n<\/div>\n<\/div>\n\n\n\n<div class=\"wp-block-column is-layout-flow wp-block-column-is-layout-flow\">\n<figure class=\"wp-block-image size-full is-style-default\"><img loading=\"lazy\" decoding=\"async\" width=\"1450\" height=\"879\" src=\"https:\/\/educacaomedica.fint.edu.br\/wp-content\/uploads\/2026\/04\/tela-manejo-psiqui.png\" alt=\"\" class=\"wp-image-1138\" srcset=\"https:\/\/educacaomedica.fint.edu.br\/wp-content\/uploads\/2026\/04\/tela-manejo-psiqui.png 1450w, https:\/\/educacaomedica.fint.edu.br\/wp-content\/uploads\/2026\/04\/tela-manejo-psiqui-300x182.png 300w, https:\/\/educacaomedica.fint.edu.br\/wp-content\/uploads\/2026\/04\/tela-manejo-psiqui-1024x621.png 1024w, https:\/\/educacaomedica.fint.edu.br\/wp-content\/uploads\/2026\/04\/tela-manejo-psiqui-768x466.png 768w\" sizes=\"(max-width: 1450px) 100vw, 1450px\" \/><\/figure>\n\n\n\n<p class=\"has-text-align-center has-black-color has-text-color has-link-color has-medium-font-size wp-elements-2fed1cf7f96d0f9e484008a9f0ad75a5\"><strong>MANEJO DO PACIENTE PSIQUIATRICO EM CRISE<\/strong><\/p>\n\n\n\n<p class=\"has-text-align-center\">EXTENS\u00c3O UNIVERSIT\u00c1RIA<\/p>\n\n\n\n<p class=\"has-text-align-center\">SEMIPRESENCIAL<\/p>\n\n\n\n<div class=\"wp-block-buttons is-layout-flex wp-block-buttons-is-layout-flex\">\n<div class=\"wp-block-button has-custom-width wp-block-button__width-100 has-custom-font-size has-small-font-size\"><a class=\"wp-block-button__link has-white-color has-black-background-color has-text-color has-background has-link-color wp-element-button\" href=\"https:\/\/educacaomedica.fint.edu.br\/index.php\/extensao-universitaria\/manejo-do-paciente-psiquiatrico-em-crise\/\">SAIBA MAIS<\/a><\/div>\n<\/div>\n<\/div>\n\n\n\n<div class=\"wp-block-column is-layout-flow wp-block-column-is-layout-flow\"><\/div>\n<\/div>\n","protected":false},"excerpt":{"rendered":"<p>ULTRASSONOGRAFIA MUSCULOESQUEL\u00c9TICA E INFILTRA\u00c7\u00d5ES GUIADAS: Da Imagem \u00e0 Interven\u00e7\u00e3o EXTENS\u00c3O UNIVERSIT\u00c1RIA SEMIPRESENCIAL MANEJO DO PACIENTE PSIQUIATRICO EM CRISE EXTENS\u00c3O UNIVERSIT\u00c1RIA SEMIPRESENCIAL<\/p>\n","protected":false},"author":1,"featured_media":0,"parent":0,"menu_order":0,"comment_status":"closed","ping_status":"closed","template":"template-fullwidth.php","meta":{"om_disable_all_campaigns":false,"_monsterinsights_skip_tracking":false,"_monsterinsights_sitenote_active":false,"_monsterinsights_sitenote_note":"","_monsterinsights_sitenote_category":0,"_uf_show_specific_survey":0,"_uf_disable_surveys":false,"footnotes":""},"aioseo_notices":[],"_links":{"self":[{"href":"https:\/\/educacaomedica.fint.edu.br\/index.php\/wp-json\/wp\/v2\/pages\/16"}],"collection":[{"href":"https:\/\/educacaomedica.fint.edu.br\/index.php\/wp-json\/wp\/v2\/pages"}],"about":[{"href":"https:\/\/educacaomedica.fint.edu.br\/index.php\/wp-json\/wp\/v2\/types\/page"}],"author":[{"embeddable":true,"href":"https:\/\/educacaomedica.fint.edu.br\/index.php\/wp-json\/wp\/v2\/users\/1"}],"replies":[{"embeddable":true,"href":"https:\/\/educacaomedica.fint.edu.br\/index.php\/wp-json\/wp\/v2\/comments?post=16"}],"version-history":[{"count":31,"href":"https:\/\/educacaomedica.fint.edu.br\/index.php\/wp-json\/wp\/v2\/pages\/16\/revisions"}],"predecessor-version":[{"id":1152,"href":"https:\/\/educacaomedica.fint.edu.br\/index.php\/wp-json\/wp\/v2\/pages\/16\/revisions\/1152"}],"wp:attachment":[{"href":"https:\/\/educacaomedica.fint.edu.br\/index.php\/wp-json\/wp\/v2\/media?parent=16"}],"curies":[{"name":"wp","href":"https:\/\/api.w.org\/{rel}","templated":true}]}}