{"id":163,"date":"2024-04-25T15:25:48","date_gmt":"2024-04-25T18:25:48","guid":{"rendered":"https:\/\/educacaomedica.fint.edu.br\/?page_id=163"},"modified":"2026-04-28T16:10:18","modified_gmt":"2026-04-28T19:10:18","slug":"pos-graduacao","status":"publish","type":"page","link":"https:\/\/educacaomedica.fint.edu.br\/index.php\/pos-graduacao\/","title":{"rendered":"P\u00d3S-GRADUA\u00c7\u00c3O"},"content":{"rendered":"\n<div class=\"wp-block-columns is-layout-flex wp-container-core-columns-layout-1 wp-block-columns-is-layout-flex\">\n<div class=\"wp-block-column is-layout-flow wp-block-column-is-layout-flow\">\n<figure class=\"wp-block-image size-large\"><a href=\"https:\/\/educacaomedica.fint.edu.br\/index.php\/pos-graduacao\/medicina-da-dor\/\"><img loading=\"lazy\" decoding=\"async\" width=\"1024\" height=\"621\" src=\"https:\/\/educacaomedica.fint.edu.br\/wp-content\/uploads\/2024\/11\/pexels-funkcines-terapijos-centras-927573878-20860581-1024x621.png\" alt=\"\" class=\"wp-image-302\" srcset=\"https:\/\/educacaomedica.fint.edu.br\/wp-content\/uploads\/2024\/11\/pexels-funkcines-terapijos-centras-927573878-20860581-1024x621.png 1024w, https:\/\/educacaomedica.fint.edu.br\/wp-content\/uploads\/2024\/11\/pexels-funkcines-terapijos-centras-927573878-20860581-300x182.png 300w, https:\/\/educacaomedica.fint.edu.br\/wp-content\/uploads\/2024\/11\/pexels-funkcines-terapijos-centras-927573878-20860581-768x466.png 768w, https:\/\/educacaomedica.fint.edu.br\/wp-content\/uploads\/2024\/11\/pexels-funkcines-terapijos-centras-927573878-20860581-1536x932.png 1536w, https:\/\/educacaomedica.fint.edu.br\/wp-content\/uploads\/2024\/11\/pexels-funkcines-terapijos-centras-927573878-20860581.png 1587w\" sizes=\"(max-width: 1024px) 100vw, 1024px\" \/><\/a><\/figure>\n\n\n\n<p class=\"has-text-align-center has-black-color has-text-color has-link-color has-medium-font-size wp-elements-901cc6352fcccfb8ae690a9e008f01f1\"><strong>MEDICINA DA DOR <\/strong><\/p>\n\n\n\n<p class=\"has-text-align-center\"><strong>P\u00d3S-GRADUA\u00c7\u00c3O<br>FELLOWSHIP<\/strong><br>2880 HORAS<\/p>\n\n\n\n<div class=\"wp-block-buttons is-layout-flex wp-block-buttons-is-layout-flex\">\n<div class=\"wp-block-button has-custom-width wp-block-button__width-100 has-custom-font-size has-small-font-size\"><a class=\"wp-block-button__link has-white-color has-black-background-color has-text-color has-background has-link-color wp-element-button\" href=\"https:\/\/educacaomedica.fint.edu.br\/index.php\/pos-graduacao\/medicina-da-dor\/\">SAIBA MAIS<\/a><\/div>\n<\/div>\n<\/div>\n\n\n\n<div class=\"wp-block-column is-layout-flow wp-block-column-is-layout-flow\">\n<figure class=\"wp-block-gallery has-nested-images columns-default is-cropped wp-block-gallery-1 is-layout-flex wp-block-gallery-is-layout-flex\">\n<figure class=\"wp-block-image size-large\"><img loading=\"lazy\" decoding=\"async\" width=\"1024\" height=\"621\" src=\"https:\/\/educacaomedica.fint.edu.br\/wp-content\/uploads\/2025\/12\/Risco-1024x621.png\" alt=\"\" class=\"wp-image-1012\" srcset=\"https:\/\/educacaomedica.fint.edu.br\/wp-content\/uploads\/2025\/12\/Risco-1024x621.png 1024w, https:\/\/educacaomedica.fint.edu.br\/wp-content\/uploads\/2025\/12\/Risco-300x182.png 300w, https:\/\/educacaomedica.fint.edu.br\/wp-content\/uploads\/2025\/12\/Risco-768x466.png 768w, https:\/\/educacaomedica.fint.edu.br\/wp-content\/uploads\/2025\/12\/Risco.png 1161w\" sizes=\"(max-width: 1024px) 100vw, 1024px\" \/><\/figure>\n<\/figure>\n\n\n\n<p class=\"has-text-align-center has-black-color has-text-color has-link-color has-medium-font-size wp-elements-f050af31c3c862f6cc4b83ab6878efa1\"><strong><strong>OBSTETR\u00cdCIA DE ALTO RISCO<\/strong><\/strong><\/p>\n\n\n\n<p class=\"has-text-align-center\"><strong>P\u00d3S-GRADUA\u00c7\u00c3O<br><\/strong>420 HORAS<br>SEMIPRESENCIAL<\/p>\n\n\n\n<div class=\"wp-block-buttons is-layout-flex wp-block-buttons-is-layout-flex\">\n<div class=\"wp-block-button has-custom-width wp-block-button__width-100 has-custom-font-size has-small-font-size\"><a class=\"wp-block-button__link has-white-color has-black-background-color has-text-color has-background has-link-color wp-element-button\" href=\"https:\/\/educacaomedica.fint.edu.br\/index.php\/pos-graduacao\/obstetricia\/\">SAIBA MAIS<\/a><\/div>\n<\/div>\n<\/div>\n\n\n\n<div class=\"wp-block-column is-layout-flow wp-block-column-is-layout-flow\">\n<figure class=\"wp-block-image size-large\"><img loading=\"lazy\" decoding=\"async\" width=\"1024\" height=\"621\" src=\"https:\/\/educacaomedica.fint.edu.br\/wp-content\/uploads\/2025\/12\/1-1-1024x621.png\" alt=\"\" class=\"wp-image-930\" srcset=\"https:\/\/educacaomedica.fint.edu.br\/wp-content\/uploads\/2025\/12\/1-1-1024x621.png 1024w, https:\/\/educacaomedica.fint.edu.br\/wp-content\/uploads\/2025\/12\/1-1-300x182.png 300w, https:\/\/educacaomedica.fint.edu.br\/wp-content\/uploads\/2025\/12\/1-1-768x466.png 768w, https:\/\/educacaomedica.fint.edu.br\/wp-content\/uploads\/2025\/12\/1-1.png 1161w\" sizes=\"(max-width: 1024px) 100vw, 1024px\" \/><\/figure>\n\n\n\n<p class=\"has-text-align-center has-black-color has-text-color has-link-color has-medium-font-size wp-elements-7ce84bb0798edcdbc0c6eb2d125e04ca\"><strong>MEDICINA DO SONO<\/strong><\/p>\n\n\n\n<p class=\"has-text-align-center\"><strong>P\u00d3S-GRADUA\u00c7\u00c3O<\/strong><br>420 HORAS<br>SEMIPRESENCIAL<\/p>\n\n\n\n<div class=\"wp-block-buttons is-layout-flex wp-block-buttons-is-layout-flex\">\n<div class=\"wp-block-button has-custom-width wp-block-button__width-100 has-custom-font-size has-small-font-size\"><a class=\"wp-block-button__link has-white-color has-black-background-color has-text-color has-background has-link-color wp-element-button\" href=\"https:\/\/educacaomedica.fint.edu.br\/index.php\/pos-graduacao\/medicina-do-sono\/\">SAIBA MAIS<\/a><\/div>\n<\/div>\n<\/div>\n<\/div>\n\n\n\n<div class=\"wp-block-columns is-layout-flex wp-container-core-columns-layout-2 wp-block-columns-is-layout-flex\">\n<div class=\"wp-block-column is-layout-flow wp-block-column-is-layout-flow\">\n<figure class=\"wp-block-image size-large\"><img loading=\"lazy\" decoding=\"async\" width=\"1024\" height=\"621\" src=\"https:\/\/educacaomedica.fint.edu.br\/wp-content\/uploads\/2025\/12\/Endoscopia-1024x621.png\" alt=\"\" class=\"wp-image-963\" srcset=\"https:\/\/educacaomedica.fint.edu.br\/wp-content\/uploads\/2025\/12\/Endoscopia-1024x621.png 1024w, https:\/\/educacaomedica.fint.edu.br\/wp-content\/uploads\/2025\/12\/Endoscopia-300x182.png 300w, https:\/\/educacaomedica.fint.edu.br\/wp-content\/uploads\/2025\/12\/Endoscopia-768x466.png 768w, https:\/\/educacaomedica.fint.edu.br\/wp-content\/uploads\/2025\/12\/Endoscopia.png 1161w\" sizes=\"(max-width: 1024px) 100vw, 1024px\" \/><\/figure>\n\n\n\n<p class=\"has-text-align-center has-black-color has-text-color has-link-color has-medium-font-size wp-elements-4493cd478bf524674638eba9ded8bca4\"><strong>ENDOSCOPIA E COLONOSCOPIA<\/strong><\/p>\n\n\n\n<p class=\"has-text-align-center\"><strong>P\u00d3S-GRADUA\u00c7\u00c3O<\/strong><br><strong>FELLOWSHIP<\/strong><br><strong><br><\/strong>5760 HORAS<br>SEMIPRESENCIAL<\/p>\n\n\n\n<div class=\"wp-block-buttons is-layout-flex wp-block-buttons-is-layout-flex\">\n<div class=\"wp-block-button has-custom-width wp-block-button__width-100 has-custom-font-size has-small-font-size\"><a class=\"wp-block-button__link has-white-color has-black-background-color has-text-color has-background has-link-color wp-element-button\" href=\"https:\/\/educacaomedica.fint.edu.br\/index.php\/pos-graduacao\/endoscopia-e-colonoscopia\/\">SAIBA MAIS<\/a><\/div>\n<\/div>\n<\/div>\n\n\n\n<div class=\"wp-block-column is-layout-flow wp-block-column-is-layout-flow\">\n<figure class=\"wp-block-image size-large\"><img loading=\"lazy\" decoding=\"async\" width=\"1024\" height=\"621\" src=\"https:\/\/educacaomedica.fint.edu.br\/wp-content\/uploads\/2025\/12\/Colposcopia-1024x621.png\" alt=\"\" class=\"wp-image-971\" srcset=\"https:\/\/educacaomedica.fint.edu.br\/wp-content\/uploads\/2025\/12\/Colposcopia-1024x621.png 1024w, https:\/\/educacaomedica.fint.edu.br\/wp-content\/uploads\/2025\/12\/Colposcopia-300x182.png 300w, https:\/\/educacaomedica.fint.edu.br\/wp-content\/uploads\/2025\/12\/Colposcopia-768x466.png 768w, https:\/\/educacaomedica.fint.edu.br\/wp-content\/uploads\/2025\/12\/Colposcopia.png 1161w\" sizes=\"(max-width: 1024px) 100vw, 1024px\" \/><\/figure>\n\n\n\n<p class=\"has-text-align-center has-black-color has-text-color has-link-color has-medium-font-size wp-elements-4d6e57b68f53e60656d5e46010e63836\"><strong>PATOLOGIA DO TRATO GENIT\u00c1RIO INFERIOR E COLPOSCOPIA<\/strong><\/p>\n\n\n\n<p class=\"has-text-align-center\"><strong>P\u00d3S-GRADUA\u00c7\u00c3O<\/strong><br>420 HORAS<br>SEMIPRESENCIAL<\/p>\n\n\n\n<div class=\"wp-block-buttons is-layout-flex wp-block-buttons-is-layout-flex\">\n<div class=\"wp-block-button has-custom-width wp-block-button__width-100 has-custom-font-size has-small-font-size\"><a class=\"wp-block-button__link has-white-color has-black-background-color has-text-color has-background has-link-color wp-element-button\" href=\"https:\/\/educacaomedica.fint.edu.br\/index.php\/pos-graduacao\/patologia-do-trato-genitario-inferior-e-colposcopia\/\" target=\"_blank\" rel=\"noreferrer noopener\">SAIBA MAIS<\/a><\/div>\n<\/div>\n<\/div>\n\n\n\n<div class=\"wp-block-column is-layout-flow wp-block-column-is-layout-flow\">\n<figure class=\"wp-block-image size-large\"><img loading=\"lazy\" decoding=\"async\" width=\"1024\" height=\"621\" src=\"https:\/\/educacaomedica.fint.edu.br\/wp-content\/uploads\/2025\/12\/Endocrino-1024x621.png\" alt=\"\" class=\"wp-image-974\" srcset=\"https:\/\/educacaomedica.fint.edu.br\/wp-content\/uploads\/2025\/12\/Endocrino-1024x621.png 1024w, https:\/\/educacaomedica.fint.edu.br\/wp-content\/uploads\/2025\/12\/Endocrino-300x182.png 300w, https:\/\/educacaomedica.fint.edu.br\/wp-content\/uploads\/2025\/12\/Endocrino-768x466.png 768w, https:\/\/educacaomedica.fint.edu.br\/wp-content\/uploads\/2025\/12\/Endocrino.png 1161w\" sizes=\"(max-width: 1024px) 100vw, 1024px\" \/><\/figure>\n\n\n\n<p class=\"has-text-align-center has-black-color has-text-color has-link-color has-medium-font-size wp-elements-54e8e3bf2cf25d822b4d17bbe8b05251\"><strong>ENDOCRINO GINECOLOGIA<\/strong><br><\/p>\n\n\n\n<p class=\"has-text-align-center\"><strong>P\u00d3S-GRADUA\u00c7\u00c3O<\/strong><br>420 HORAS<br>SEMIPRESENCIAL<\/p>\n\n\n\n<div class=\"wp-block-buttons is-layout-flex wp-block-buttons-is-layout-flex\">\n<div class=\"wp-block-button has-custom-width wp-block-button__width-100 has-custom-font-size has-small-font-size\"><a class=\"wp-block-button__link has-white-color has-black-background-color has-text-color has-background has-link-color wp-element-button\" href=\"https:\/\/educacaomedica.fint.edu.br\/index.php\/pos-graduacao\/endocrino-ginecologia\/\">SAIBA MAIS<\/a><\/div>\n<\/div>\n<\/div>\n<\/div>\n\n\n\n<div class=\"wp-block-columns is-layout-flex wp-container-core-columns-layout-3 wp-block-columns-is-layout-flex\">\n<div class=\"wp-block-column is-layout-flow wp-block-column-is-layout-flow\">\n<figure class=\"wp-block-image size-large\"><img loading=\"lazy\" decoding=\"async\" width=\"1024\" height=\"621\" src=\"https:\/\/educacaomedica.fint.edu.br\/wp-content\/uploads\/2025\/12\/Paliativa-1024x621.png\" alt=\"\" class=\"wp-image-998\" srcset=\"https:\/\/educacaomedica.fint.edu.br\/wp-content\/uploads\/2025\/12\/Paliativa-1024x621.png 1024w, https:\/\/educacaomedica.fint.edu.br\/wp-content\/uploads\/2025\/12\/Paliativa-300x182.png 300w, https:\/\/educacaomedica.fint.edu.br\/wp-content\/uploads\/2025\/12\/Paliativa-768x466.png 768w, https:\/\/educacaomedica.fint.edu.br\/wp-content\/uploads\/2025\/12\/Paliativa.png 1161w\" sizes=\"(max-width: 1024px) 100vw, 1024px\" \/><\/figure>\n\n\n\n<p class=\"has-text-align-center has-black-color has-text-color has-link-color has-medium-font-size wp-elements-cfb08d86fb8a114d1ddd3e4930d4743f\"><strong>MEDICINA PALIATIVA<\/strong><\/p>\n\n\n\n<p class=\"has-text-align-center\"><strong>P\u00d3S-GRADUA\u00c7\u00c3O<br>FELLOWSHIP<\/strong><br>2880 HORAS<\/p>\n\n\n\n<div class=\"wp-block-buttons is-layout-flex wp-block-buttons-is-layout-flex\">\n<div class=\"wp-block-button has-custom-width wp-block-button__width-100 has-custom-font-size has-small-font-size\"><a class=\"wp-block-button__link has-white-color has-black-background-color has-text-color has-background has-link-color wp-element-button\" href=\"https:\/\/educacaomedica.fint.edu.br\/index.php\/pos-graduacao\/medicina-paliativa\/\">SAIBA MAIS<\/a><\/div>\n<\/div>\n<\/div>\n\n\n\n<div class=\"wp-block-column is-layout-flow wp-block-column-is-layout-flow\">\n<figure class=\"wp-block-image size-large\"><img loading=\"lazy\" decoding=\"async\" width=\"1024\" height=\"683\" src=\"https:\/\/educacaomedica.fint.edu.br\/wp-content\/uploads\/2026\/04\/female-doctor-examining-patient-1024x683.jpg\" alt=\"\" class=\"wp-image-1083\" srcset=\"https:\/\/educacaomedica.fint.edu.br\/wp-content\/uploads\/2026\/04\/female-doctor-examining-patient-1024x683.jpg 1024w, https:\/\/educacaomedica.fint.edu.br\/wp-content\/uploads\/2026\/04\/female-doctor-examining-patient-300x200.jpg 300w, https:\/\/educacaomedica.fint.edu.br\/wp-content\/uploads\/2026\/04\/female-doctor-examining-patient-768x512.jpg 768w, https:\/\/educacaomedica.fint.edu.br\/wp-content\/uploads\/2026\/04\/female-doctor-examining-patient.jpg 1450w\" sizes=\"(max-width: 1024px) 100vw, 1024px\" \/><\/figure>\n\n\n\n<p class=\"has-text-align-center has-black-color has-text-color has-link-color has-medium-font-size wp-elements-901cc6352fcccfb8ae690a9e008f01f1\"><strong>MEDICINA DA DOR <\/strong><\/p>\n\n\n\n<p class=\"has-text-align-center\"><strong>P\u00d3S-GRADUA\u00c7\u00c3O<\/strong><br>400 HORAS<br>SEMIPRESENCIAL<\/p>\n\n\n\n<div class=\"wp-block-buttons is-layout-flex wp-block-buttons-is-layout-flex\">\n<div class=\"wp-block-button has-custom-width wp-block-button__width-100 has-custom-font-size has-small-font-size\"><a class=\"wp-block-button__link has-white-color has-black-background-color has-text-color has-background has-link-color wp-element-button\" href=\"https:\/\/educacaomedica.fint.edu.br\/index.php\/pos-graduacao\/pos-medicina-da-dor\/\">SAIBA MAIS<\/a><\/div>\n<\/div>\n<\/div>\n\n\n\n<div class=\"wp-block-column is-layout-flow wp-block-column-is-layout-flow\">\n<figure class=\"wp-block-gallery has-nested-images columns-default is-cropped wp-block-gallery-2 is-layout-flex wp-block-gallery-is-layout-flex\">\n<figure class=\"wp-block-image size-large\"><img loading=\"lazy\" decoding=\"async\" width=\"1024\" height=\"683\" src=\"https:\/\/educacaomedica.fint.edu.br\/wp-content\/uploads\/2026\/04\/worry-just-take-pills-as-she-says-everything-will-be-fine-2-1024x683.jpg\" alt=\"\" class=\"wp-image-1111\" srcset=\"https:\/\/educacaomedica.fint.edu.br\/wp-content\/uploads\/2026\/04\/worry-just-take-pills-as-she-says-everything-will-be-fine-2-1024x683.jpg 1024w, https:\/\/educacaomedica.fint.edu.br\/wp-content\/uploads\/2026\/04\/worry-just-take-pills-as-she-says-everything-will-be-fine-2-300x200.jpg 300w, https:\/\/educacaomedica.fint.edu.br\/wp-content\/uploads\/2026\/04\/worry-just-take-pills-as-she-says-everything-will-be-fine-2-768x512.jpg 768w, https:\/\/educacaomedica.fint.edu.br\/wp-content\/uploads\/2026\/04\/worry-just-take-pills-as-she-says-everything-will-be-fine-2.jpg 1450w\" sizes=\"(max-width: 1024px) 100vw, 1024px\" \/><\/figure>\n<\/figure>\n\n\n\n<p class=\"has-text-align-center has-black-color has-text-color has-link-color has-medium-font-size wp-elements-cfb08d86fb8a114d1ddd3e4930d4743f\"><strong>MEDICINA PALIATIVA<\/strong><\/p>\n\n\n\n<p class=\"has-text-align-center\"><strong>P\u00d3S-GRADUA\u00c7\u00c3O<\/strong><br>400 HORAS<br>SEMIPRESENCIAL<\/p>\n\n\n\n<div class=\"wp-block-buttons is-layout-flex wp-block-buttons-is-layout-flex\">\n<div class=\"wp-block-button has-custom-width wp-block-button__width-100 has-custom-font-size has-small-font-size\"><a class=\"wp-block-button__link has-white-color has-black-background-color has-text-color has-background has-link-color wp-element-button\" href=\"https:\/\/educacaomedica.fint.edu.br\/index.php\/pos-graduacao\/pos-medicina-paliativa\/\">SAIBA MAIS<\/a><\/div>\n<\/div>\n<\/div>\n<\/div>\n\n\n\n<div class=\"wp-block-columns is-layout-flex wp-container-core-columns-layout-4 wp-block-columns-is-layout-flex\">\n<div class=\"wp-block-column is-layout-flow wp-block-column-is-layout-flow\"><\/div>\n\n\n\n<div class=\"wp-block-column is-layout-flow wp-block-column-is-layout-flow\"><\/div>\n<\/div>\n\n\n\n<div class=\"wp-block-columns is-layout-flex wp-container-core-columns-layout-5 wp-block-columns-is-layout-flex\">\n<div class=\"wp-block-column is-layout-flow wp-block-column-is-layout-flow\">\n<figure class=\"wp-block-gallery has-nested-images columns-default is-cropped wp-block-gallery-3 is-layout-flex wp-block-gallery-is-layout-flex\"><\/figure>\n\n\n\n<p class=\"has-text-align-center has-black-color has-text-color has-link-color has-medium-font-size wp-elements-4b2225fb737fef7c3932b96bd3a62691\"><\/p>\n\n\n\n<p><\/p>\n\n\n\n<p><\/p>\n<\/div>\n\n\n\n<div class=\"wp-block-column is-layout-flow wp-block-column-is-layout-flow\">\n<p class=\"has-text-align-center has-black-color has-text-color has-link-color has-medium-font-size wp-elements-4b2225fb737fef7c3932b96bd3a62691\"><\/p>\n\n\n\n<p><\/p>\n\n\n\n<p><\/p>\n<\/div>\n<\/div>\n","protected":false},"excerpt":{"rendered":"<p>MEDICINA DA DOR P\u00d3S-GRADUA\u00c7\u00c3OFELLOWSHIP2880 HORAS OBSTETR\u00cdCIA DE ALTO RISCO P\u00d3S-GRADUA\u00c7\u00c3O420 HORASSEMIPRESENCIAL MEDICINA DO SONO P\u00d3S-GRADUA\u00c7\u00c3O420 HORASSEMIPRESENCIAL ENDOSCOPIA E COLONOSCOPIA P\u00d3S-GRADUA\u00c7\u00c3OFELLOWSHIP5760 HORASSEMIPRESENCIAL PATOLOGIA DO TRATO GENIT\u00c1RIO INFERIOR E COLPOSCOPIA P\u00d3S-GRADUA\u00c7\u00c3O420 HORASSEMIPRESENCIAL ENDOCRINO GINECOLOGIA P\u00d3S-GRADUA\u00c7\u00c3O420 HORASSEMIPRESENCIAL MEDICINA PALIATIVA P\u00d3S-GRADUA\u00c7\u00c3OFELLOWSHIP2880 HORAS MEDICINA DA DOR P\u00d3S-GRADUA\u00c7\u00c3O400 HORASSEMIPRESENCIAL MEDICINA PALIATIVA P\u00d3S-GRADUA\u00c7\u00c3O400 HORASSEMIPRESENCIAL<\/p>\n","protected":false},"author":2,"featured_media":0,"parent":0,"menu_order":0,"comment_status":"closed","ping_status":"closed","template":"template-fullwidth.php","meta":{"om_disable_all_campaigns":false,"_monsterinsights_skip_tracking":false,"_monsterinsights_sitenote_active":false,"_monsterinsights_sitenote_note":"","_monsterinsights_sitenote_category":0,"_uf_show_specific_survey":0,"_uf_disable_surveys":false,"footnotes":""},"aioseo_notices":[],"_links":{"self":[{"href":"https:\/\/educacaomedica.fint.edu.br\/index.php\/wp-json\/wp\/v2\/pages\/163"}],"collection":[{"href":"https:\/\/educacaomedica.fint.edu.br\/index.php\/wp-json\/wp\/v2\/pages"}],"about":[{"href":"https:\/\/educacaomedica.fint.edu.br\/index.php\/wp-json\/wp\/v2\/types\/page"}],"author":[{"embeddable":true,"href":"https:\/\/educacaomedica.fint.edu.br\/index.php\/wp-json\/wp\/v2\/users\/2"}],"replies":[{"embeddable":true,"href":"https:\/\/educacaomedica.fint.edu.br\/index.php\/wp-json\/wp\/v2\/comments?post=163"}],"version-history":[{"count":97,"href":"https:\/\/educacaomedica.fint.edu.br\/index.php\/wp-json\/wp\/v2\/pages\/163\/revisions"}],"predecessor-version":[{"id":1180,"href":"https:\/\/educacaomedica.fint.edu.br\/index.php\/wp-json\/wp\/v2\/pages\/163\/revisions\/1180"}],"wp:attachment":[{"href":"https:\/\/educacaomedica.fint.edu.br\/index.php\/wp-json\/wp\/v2\/media?parent=163"}],"curies":[{"name":"wp","href":"https:\/\/api.w.org\/{rel}","templated":true}]}}