{"id":298,"date":"2024-11-07T10:38:17","date_gmt":"2024-11-07T13:38:17","guid":{"rendered":"https:\/\/educacaomedica.fint.edu.br\/?page_id=298"},"modified":"2026-02-23T15:40:16","modified_gmt":"2026-02-23T18:40:16","slug":"medicina-da-dor","status":"publish","type":"page","link":"https:\/\/educacaomedica.fint.edu.br\/index.php\/pos-graduacao\/medicina-da-dor\/","title":{"rendered":"MEDICINA DA DOR"},"content":{"rendered":"\n<div class=\"wp-block-columns is-layout-flex wp-container-core-columns-layout-1 wp-block-columns-is-layout-flex\">\n<div class=\"wp-block-column is-layout-flow wp-block-column-is-layout-flow\"><\/div>\n\n\n\n<div class=\"wp-block-column is-layout-flow wp-block-column-is-layout-flow\">\n<h1 class=\"wp-block-heading has-text-color has-link-color has-large-font-size wp-elements-11c1cb85f393695bb70907aa52e405a6\" style=\"color:#5059a1\">P\u00d3S-GRADUA\u00c7\u00c3O FELLOWSHIP<br>MEDICINA DA DOR <\/h1>\n\n\n\n<p>A dor cr\u00f4nica afeta milh\u00f5es de brasileiros e \u00e9 uma das principais causas de limita\u00e7\u00e3o na vida das pessoas. A demanda por m\u00e9dicos capacitados a tratar casos complexos s\u00f3 cresce, e o mercado valoriza quem domina t\u00e9cnicas modernas e oferece resultados reais.<br>A P\u00f3s-gradua\u00e7\u00e3o Fellowship em Medicina da Dor prepara voc\u00ea para atuar com seguran\u00e7a e precis\u00e3o: avalia\u00e7\u00e3o cl\u00ednica aprofundada, manejo farmacol\u00f3gico atualizado e t\u00e9cnicas intervencionistas que poucos profissionais dominam. Forma\u00e7\u00e3o pr\u00e1tica, completa e alinhada ao que o paciente e o mercado exigem hoje. Voc\u00ea aprende a compreender a dor em todas as suas dimens\u00f5es e se posiciona como refer\u00eancia em uma \u00e1rea em plena expans\u00e3o.<\/p>\n\n\n<div class=\"lightweight-accordion has-text-color has-background\"><details><summary class=\"lightweight-accordion-title\" style=\"color:#ffffff;background:#08366c;\"><span>Valor do Curso<\/span><\/summary><div class=\"lightweight-accordion-body\" style=\"border-color:#08366c;\">\n\n<p class=\"has-text-align-center has-black-color has-text-color has-link-color wp-elements-fa59e59e96cb519b4c6b1ceb5619ceba\">Valor da Inscri\u00e7\u00e3o: Gratuita <\/p>\n\n\n\n<hr class=\"wp-block-separator has-alpha-channel-opacity\"\/>\n\n\n\n<p class=\"has-text-align-center has-black-color has-text-color has-link-color wp-elements-2f3aab73b36bcd6d94779aecd42e9dce\"><strong>Investimento compat\u00edvel com forma\u00e7\u00f5es m\u00e9dica avan\u00e7adas e fellowship reconhecidas no Brasil.<\/strong><\/p>\n\n\n\n<p class=\"has-text-align-center has-black-color has-text-color has-link-color has-small-font-size wp-elements-26c457b0a23e5a9c8c50f93d615ad7e9\">Fale com um consultor e garanta condi\u00e7\u00f5es especiais<\/p>\n\n<\/div><\/details><\/div>\n\n\n<div class=\"wp-block-buttons is-layout-flex wp-block-buttons-is-layout-flex\">\n<div class=\"wp-block-button has-custom-width wp-block-button__width-50\"><a class=\"wp-block-button__link has-background wp-element-button\" href=\"https:\/\/fint.edu.br\/processo-seletivo-fellowship\/\" style=\"background-color:#08366c\" target=\"_blank\" rel=\"noreferrer noopener\">Inscreva-se<\/a><\/div>\n\n\n\n<div class=\"wp-block-button has-custom-width wp-block-button__width-50\"><a class=\"wp-block-button__link has-background wp-element-button\" href=\"https:\/\/wa.me\/5519971386715?text=Ol%C3%A1%21%20Vi%20o%20curso%20de%20P%C3%B3s-gradua%C3%A7%C3%A3o%20Fellowship%20em%20Medicina%20da%20Dor%20no%20site%20e%20gostaria%20de%20mais%20informa%C3%A7%C3%B5es%2C%20por%20favor.\" style=\"background-color:#08366c\" target=\"_blank\" rel=\"noreferrer noopener\">Fale com um consultor<\/a><\/div>\n<\/div>\n<\/div>\n<\/div>\n\n\n\n<div class=\"wp-block-columns is-layout-flex wp-container-core-columns-layout-2 wp-block-columns-is-layout-flex\">\n<div class=\"wp-block-column is-layout-flow wp-block-column-is-layout-flow\"><div class=\"lightweight-accordion has-text-color has-background\"><details><summary class=\"lightweight-accordion-title\" style=\"color:#ffffff;background:#08366c;\"><span>Metodologia<\/span><\/summary><div class=\"lightweight-accordion-body\" style=\"border-color:#08366c;\">\n\n<p class=\"has-black-color has-text-color has-link-color wp-elements-a40375c84e00719ea825a419e5af05ec\">A p\u00f3s-gradua\u00e7\u00e3o conta com forma\u00e7\u00e3o te\u00f3rico-pr\u00e1tica e carga hor\u00e1ria de 2.880 horas.<\/p>\n\n<\/div><\/details><\/div><\/div>\n\n\n\n<div class=\"wp-block-column is-layout-flow wp-block-column-is-layout-flow\"><div class=\"lightweight-accordion has-text-color has-background\"><details><summary class=\"lightweight-accordion-title\" style=\"color:#ffffff;background:#08366c;\"><span>P\u00fablico-alvo<\/span><\/summary><div class=\"lightweight-accordion-body\" style=\"border-color:#08366c;\">\n\n<p class=\"has-black-color has-text-color has-link-color wp-elements-c1f8ea73a8f5e7e83da9d20ca4e99ae0\">Este curso \u00e9 destinado a M\u00e9dicos graduados, Anestesiologista; Cl\u00ednico(a); Neurologista; Ortopedista; Pediatra e Reumatologista.<\/p>\n\n<\/div><\/details><\/div><\/div>\n\n\n\n<div class=\"wp-block-column is-layout-flow wp-block-column-is-layout-flow\"><div class=\"lightweight-accordion has-text-color has-background\"><details><summary class=\"lightweight-accordion-title\" style=\"color:#ffffff;background:#08366c;\"><span>Corpo Docente<\/span><\/summary><div class=\"lightweight-accordion-body\" style=\"border-color:#08366c;\">\n\n<p class=\"has-black-color has-text-color has-link-color wp-elements-614ed266a00743e9a7d07fd6bde5e97c\">Cada professor \u00e9 escolhido pela sua expertise e capacidade de ensinar pr\u00e1ticas e conceitos inovadores, oferecendo uma experi\u00eancia educacional que alia conhecimento te\u00f3rico \u00e0 pr\u00e1tica cl\u00ednica de alto padr\u00e3o.<\/p>\n\n<\/div><\/details><\/div><\/div>\n<\/div>\n\n\n\n<p><\/p>\n\n\n\n<hr class=\"wp-block-separator has-alpha-channel-opacity\"\/>\n\n\n\n<div class=\"wp-block-media-text has-media-on-the-right is-stacked-on-mobile\"><div class=\"wp-block-media-text__content\">\n<h2 class=\"wp-block-heading has-large-font-size\">COMPET\u00caNCIAS E HABILIDADES<\/h2>\n\n\n\n<ul>\n<li>Capacitar o m\u00e9dico a compreender profundamente os mecanismos neurobiol\u00f3gicos e fisiopatol\u00f3gicos da dor, bem como suas manifesta\u00e7\u00f5es cl\u00ednicas nas diferentes s\u00edndromes dolorosas.<\/li>\n\n\n\n<li>Desenvolver habilidades para avaliar e quantificar a dor de forma objetiva e sistem\u00e1tica, utilizando instrumentos de medi\u00e7\u00e3o validados, al\u00e9m de formular planos diagn\u00f3sticos adequados.<\/li>\n\n\n\n<li>Habilitar o uso criterioso e respons\u00e1vel de terap\u00eauticas farmacol\u00f3gicas e n\u00e3o-farmacol\u00f3gicas, identificando indica\u00e7\u00f5es, contraindica\u00e7\u00f5es e potenciais efeitos adversos, adequando o tratamento \u00e0s caracter\u00edsticas individuais de cada paciente.<\/li>\n\n\n\n<li>Formar compet\u00eancias para implementar tratamentos intervencionistas e integrar abordagens multimodais (cl\u00ednicas, interven\u00e7\u00f5es, reabilita\u00e7\u00e3o, psicossocial), oferecendo cuidado integral e personalizado.<\/li>\n\n\n\n<li>Estimular a pr\u00e1tica baseada em evid\u00eancias e o pensamento cr\u00edtico, preparando o m\u00e9dico para iniciar projetos de pesquisa, promover inova\u00e7\u00e3o cl\u00ednica e contribuir para a constru\u00e7\u00e3o de conhecimento na \u00e1rea da dor.<\/li>\n<\/ul>\n<\/div><figure class=\"wp-block-media-text__media\"><img loading=\"lazy\" decoding=\"async\" width=\"1024\" height=\"979\" src=\"https:\/\/educacaomedica.fint.edu.br\/wp-content\/uploads\/2024\/11\/Group-210-1024x979.png\" alt=\"\" class=\"wp-image-300 size-full\" srcset=\"https:\/\/educacaomedica.fint.edu.br\/wp-content\/uploads\/2024\/11\/Group-210-1024x979.png 1024w, https:\/\/educacaomedica.fint.edu.br\/wp-content\/uploads\/2024\/11\/Group-210-300x287.png 300w, https:\/\/educacaomedica.fint.edu.br\/wp-content\/uploads\/2024\/11\/Group-210-768x734.png 768w, https:\/\/educacaomedica.fint.edu.br\/wp-content\/uploads\/2024\/11\/Group-210-1536x1468.png 1536w, https:\/\/educacaomedica.fint.edu.br\/wp-content\/uploads\/2024\/11\/Group-210.png 1610w\" sizes=\"(max-width: 1024px) 100vw, 1024px\" \/><\/figure><\/div>\n\n\n\n<hr class=\"wp-block-separator has-alpha-channel-opacity\"\/>\n\n\n\n<div class=\"wp-block-columns is-layout-flex wp-container-core-columns-layout-3 wp-block-columns-is-layout-flex\">\n<div class=\"wp-block-column is-vertically-aligned-center is-layout-flow wp-block-column-is-layout-flow\">\n<h2 class=\"wp-block-heading has-text-align-center\">Inscri\u00e7\u00f5es abertas<\/h2>\n\n\n\n<p class=\"has-text-align-center has-black-color has-text-color has-link-color wp-elements-a6134811e9f3d95598c27a6457579650\">Matricule-se e transforme seu conhecimento em pr\u00e1tica!<br><\/p>\n\n\n\n<div class=\"wp-block-buttons is-content-justification-center is-layout-flex wp-container-core-buttons-layout-2 wp-block-buttons-is-layout-flex\">\n<div class=\"wp-block-button\"><a class=\"wp-block-button__link has-background wp-element-button\" href=\"https:\/\/fint.edu.br\/processo-seletivo-fellowship\/\" style=\"background-color:#08366c\" target=\"_blank\" rel=\"noreferrer noopener\">Inscreva-se<\/a><\/div>\n<\/div>\n<\/div>\n<\/div>\n\n\n\n<figure class=\"wp-block-pullquote\"><blockquote><p>A realiza\u00e7\u00e3o deste curso est\u00e1 sujeita \u00e0 forma\u00e7\u00e3o de turma com um n\u00famero<br>m\u00ednimo de participantes.<\/p><\/blockquote><\/figure>\n\n\n\n<div class=\"wp-block-columns is-layout-flex wp-container-core-columns-layout-4 wp-block-columns-is-layout-flex\">\n<div class=\"wp-block-column is-layout-flow wp-block-column-is-layout-flow\">\n<figure class=\"wp-block-embed is-type-video is-provider-youtube wp-block-embed-youtube wp-embed-aspect-16-9 wp-has-aspect-ratio\"><div class=\"wp-block-embed__wrapper\">\n<iframe loading=\"lazy\" title=\"FINT de Perto: Conhe\u00e7a Toda a Estrutura que Faz a Diferen\u00e7a\" width=\"500\" height=\"281\" src=\"https:\/\/www.youtube.com\/embed\/7lBKCwlRirA?feature=oembed\" frameborder=\"0\" allow=\"accelerometer; autoplay; clipboard-write; encrypted-media; gyroscope; picture-in-picture; web-share\" referrerpolicy=\"strict-origin-when-cross-origin\" allowfullscreen><\/iframe>\n<\/div><\/figure>\n<\/div>\n\n\n\n<div class=\"wp-block-column is-layout-flow wp-block-column-is-layout-flow\">\n<h2 class=\"wp-block-heading\">A FINT de Perto: Conhe\u00e7a Toda a Estrutura que Faz a Diferen\u00e7a<\/h2>\n\n\n\n<p class=\"has-black-color has-text-color has-link-color wp-elements-8c3ea1ba063ba3ab072c00727a370a2b\"><strong>Aqui, cada detalhe foi pensado para voc\u00ea evoluir.<\/strong><br>Neste v\u00eddeo, voc\u00ea vai conhecer de perto a estrutura da FINT: espa\u00e7os modernos, tecnologia de ponta e ambientes que inspiram aprendizado. Aperte o play e sinta como \u00e9 estudar em um lugar feito para transformar sua trajet\u00f3ria.<\/p>\n<\/div>\n<\/div>\n","protected":false},"excerpt":{"rendered":"<p>P\u00d3S-GRADUA\u00c7\u00c3O FELLOWSHIPMEDICINA DA DOR A dor cr\u00f4nica afeta milh\u00f5es de brasileiros e \u00e9 uma das principais causas de limita\u00e7\u00e3o na vida das pessoas. A demanda por m\u00e9dicos capacitados a tratar casos complexos s\u00f3 cresce, e o mercado valoriza quem domina t\u00e9cnicas modernas e oferece resultados reais.A P\u00f3s-gradua\u00e7\u00e3o Fellowship em Medicina da Dor prepara voc\u00ea para [&hellip;]<\/p>\n","protected":false},"author":3,"featured_media":0,"parent":163,"menu_order":0,"comment_status":"closed","ping_status":"closed","template":"template-fullwidth.php","meta":{"om_disable_all_campaigns":false,"_monsterinsights_skip_tracking":false,"_monsterinsights_sitenote_active":false,"_monsterinsights_sitenote_note":"","_monsterinsights_sitenote_category":0,"_uf_show_specific_survey":0,"_uf_disable_surveys":false,"footnotes":""},"aioseo_notices":[],"_links":{"self":[{"href":"https:\/\/educacaomedica.fint.edu.br\/index.php\/wp-json\/wp\/v2\/pages\/298"}],"collection":[{"href":"https:\/\/educacaomedica.fint.edu.br\/index.php\/wp-json\/wp\/v2\/pages"}],"about":[{"href":"https:\/\/educacaomedica.fint.edu.br\/index.php\/wp-json\/wp\/v2\/types\/page"}],"author":[{"embeddable":true,"href":"https:\/\/educacaomedica.fint.edu.br\/index.php\/wp-json\/wp\/v2\/users\/3"}],"replies":[{"embeddable":true,"href":"https:\/\/educacaomedica.fint.edu.br\/index.php\/wp-json\/wp\/v2\/comments?post=298"}],"version-history":[{"count":49,"href":"https:\/\/educacaomedica.fint.edu.br\/index.php\/wp-json\/wp\/v2\/pages\/298\/revisions"}],"predecessor-version":[{"id":1072,"href":"https:\/\/educacaomedica.fint.edu.br\/index.php\/wp-json\/wp\/v2\/pages\/298\/revisions\/1072"}],"up":[{"embeddable":true,"href":"https:\/\/educacaomedica.fint.edu.br\/index.php\/wp-json\/wp\/v2\/pages\/163"}],"wp:attachment":[{"href":"https:\/\/educacaomedica.fint.edu.br\/index.php\/wp-json\/wp\/v2\/media?parent=298"}],"curies":[{"name":"wp","href":"https:\/\/api.w.org\/{rel}","templated":true}]}}