{"id":588,"date":"2025-03-27T22:05:14","date_gmt":"2025-03-28T01:05:14","guid":{"rendered":"https:\/\/educacaomedica.fint.edu.br\/?page_id=588"},"modified":"2026-02-23T15:46:59","modified_gmt":"2026-02-23T18:46:59","slug":"medicina-paliativa","status":"publish","type":"page","link":"https:\/\/educacaomedica.fint.edu.br\/index.php\/pos-graduacao\/medicina-paliativa\/","title":{"rendered":"MEDICINA PALIATIVA"},"content":{"rendered":"\n<div class=\"wp-block-columns is-layout-flex wp-container-core-columns-layout-1 wp-block-columns-is-layout-flex\">\n<div class=\"wp-block-column is-layout-flow wp-block-column-is-layout-flow\">\n<p><\/p>\n<\/div>\n\n\n\n<div class=\"wp-block-column is-layout-flow wp-block-column-is-layout-flow\">\n<h2 class=\"wp-block-heading has-text-color has-link-color has-x-large-font-size wp-elements-b3123366db76d43d367f48a5c0843f39\" style=\"color:#5059a1\">P\u00d3S-GRADUA\u00c7\u00c3O FELLOWSHIP<br>MEDICINA PALIATIVA<\/h2>\n\n\n\n<p>Em uma era em que o cuidado com a sa\u00fade \u00e9 cada vez mais global, os Cuidados Paliativos representam um compromisso com a dignidade e a qualidade de vida de pacientes e seus familiares.<br>O curso de p\u00f3s-gradua\u00e7\u00e3o oferece uma vis\u00e3o abrangente sobre os Cuidados Paliativos, capacitando profissionais a atuar com t\u00e9cnicas e pr\u00e1ticas que atendem \u00e0s necessidades f\u00edsicas, emocionais e espirituais dos pacientes.<br>Desenvolva compet\u00eancias para apoiar e orientar tanto pacientes quanto cuidadores, fornecendo um suporte que ultrapassa os limites do tratamento tradicional e promove uma abordagem humana e compassiva.<\/p>\n\n\n<div class=\"lightweight-accordion has-text-color has-background\"><details><summary class=\"lightweight-accordion-title\" style=\"color:#ffffff;background:#08366c;\"><span>Valor do Curso<\/span><\/summary><div class=\"lightweight-accordion-body\" style=\"border-color:#08366c;\">\n\n<p class=\"has-text-align-center has-black-color has-text-color has-link-color wp-elements-fa59e59e96cb519b4c6b1ceb5619ceba\">Valor da Inscri\u00e7\u00e3o: Gratuita <\/p>\n\n\n\n<hr class=\"wp-block-separator has-alpha-channel-opacity\"\/>\n\n\n\n<p class=\"has-text-align-center has-black-color has-text-color has-link-color wp-elements-2f3aab73b36bcd6d94779aecd42e9dce\"><strong>Investimento compat\u00edvel com forma\u00e7\u00f5es m\u00e9dica avan\u00e7adas e fellowship reconhecidas no Brasil.<\/strong><\/p>\n\n\n\n<p class=\"has-text-align-center has-black-color has-text-color has-link-color has-small-font-size wp-elements-26c457b0a23e5a9c8c50f93d615ad7e9\">Fale com um consultor e garanta condi\u00e7\u00f5es especiais<\/p>\n\n<\/div><\/details><\/div>\n\n\n<div class=\"wp-block-buttons is-layout-flex wp-block-buttons-is-layout-flex\">\n<div class=\"wp-block-button has-custom-width wp-block-button__width-50\"><a class=\"wp-block-button__link has-background wp-element-button\" href=\"https:\/\/fint.edu.br\/processo-seletivo-fellowship\/\" style=\"background-color:#08366c\" target=\"_blank\" rel=\"noreferrer noopener\">Inscreva-se<\/a><\/div>\n\n\n\n<div class=\"wp-block-button has-custom-width wp-block-button__width-50\"><a class=\"wp-block-button__link has-background wp-element-button\" href=\"https:\/\/wa.me\/5519971386715?text=Ol%C3%A1%21%20Vi%20o%20curso%20de%20P%C3%B3s-gradua%C3%A7%C3%A3o%20Fellowship%20em%20Medicina%20Paliativa%20no%20site%20e%20gostaria%20de%20mais%20informa%C3%A7%C3%B5es%2C%20por%20favor.\" style=\"background-color:#08366c\" target=\"_blank\" rel=\"noreferrer noopener\">Fale com um consultor<\/a><\/div>\n<\/div>\n<\/div>\n<\/div>\n\n\n\n<div class=\"wp-block-columns is-layout-flex wp-container-core-columns-layout-2 wp-block-columns-is-layout-flex\">\n<div class=\"wp-block-column is-layout-flow wp-block-column-is-layout-flow\"><div class=\"lightweight-accordion has-text-color has-background\"><details><summary class=\"lightweight-accordion-title\" style=\"color:#ffffff;background:#08366c;\"><span><strong>Metodologia<\/strong><\/span><\/summary><div class=\"lightweight-accordion-body\" style=\"border-color:#08366c;\">\n\n<p class=\"has-black-color has-text-color has-link-color wp-elements-a40375c84e00719ea825a419e5af05ec\">A p\u00f3s-gradua\u00e7\u00e3o conta com forma\u00e7\u00e3o te\u00f3rico-pr\u00e1tica e carga hor\u00e1ria de 2.880 horas.<\/p>\n\n<\/div><\/details><\/div><\/div>\n\n\n\n<div class=\"wp-block-column is-layout-flow wp-block-column-is-layout-flow\"><div class=\"lightweight-accordion has-text-color has-background\"><details><summary class=\"lightweight-accordion-title\" style=\"color:#ffffff;background:#08366c;\"><span><strong>P\u00fablico-alvo<\/strong><\/span><\/summary><div class=\"lightweight-accordion-body\" style=\"border-color:#08366c;\">\n\n<p class=\"has-black-color has-text-color has-link-color wp-elements-bf35738b73c12c0379c95161a59bc64e\">Este curso \u00e9 destinado a graduados em medicina, que desejam ampliar suas compet\u00eancias e atuar de maneira diferenciada no campo da medicina paliativa.<\/p>\n\n<\/div><\/details><\/div><\/div>\n\n\n\n<div class=\"wp-block-column is-layout-flow wp-block-column-is-layout-flow\"><div class=\"lightweight-accordion has-text-color has-background\"><details><summary class=\"lightweight-accordion-title\" style=\"color:#ffffff;background:#08366c;\"><span><strong>Corpo Docente<\/strong><\/span><\/summary><div class=\"lightweight-accordion-body\" style=\"border-color:#08366c;\">\n\n<p class=\"has-black-color has-text-color has-link-color wp-elements-614ed266a00743e9a7d07fd6bde5e97c\">Cada professor \u00e9 escolhido pela sua expertise e capacidade de ensinar pr\u00e1ticas e conceitos inovadores, oferecendo uma experi\u00eancia educacional que alia conhecimento te\u00f3rico \u00e0 pr\u00e1tica cl\u00ednica de alto padr\u00e3o.<\/p>\n\n<\/div><\/details><\/div><\/div>\n<\/div>\n\n\n\n<div class=\"wp-block-media-text has-media-on-the-right is-stacked-on-mobile\"><div class=\"wp-block-media-text__content\">\n<p><\/p>\n\n\n\n<h2 class=\"wp-block-heading has-large-font-size\">OBJETIVOS DO CURSO<\/h2>\n\n\n\n<ul>\n<li>Aplicar t\u00e9cnicas de cuidado paliativo, focando no manejo da dor e do sofrimento. Aprofundar conceitos e t\u00e9cnicas essenciais da Medicina Paliativa, tanto no contexto institucional quanto no cuidado domiciliar, desenvolvendo uma atua\u00e7\u00e3o segura, \u00e9tica e baseada em evid\u00eancias.<br>Capacitar profissionais para o manejo avan\u00e7ado da dor e do sofrimento global, integrando suporte emocional, comunica\u00e7\u00e3o compassiva e acolhimento \u00e0s fam\u00edlias em todas as fases do cuidado.<\/li>\n\n\n\n<li>Formar especialistas aptos a promover qualidade de vida e estabiliza\u00e7\u00e3o cl\u00ednica, influenciando positivamente o curso da doen\u00e7a por meio de interven\u00e7\u00f5es centradas no paciente.<br>Fortalecer a atua\u00e7\u00e3o multiprofissional, aprimorando a coordena\u00e7\u00e3o entre diferentes \u00e1reas da sa\u00fade com foco em necessidades individuais de pacientes e familiares.<\/li>\n\n\n\n<li>Orientar sobre aspectos jur\u00eddicos, \u00e9ticos e espirituais relacionados aos cuidados paliativos, garantindo uma pr\u00e1tica respons\u00e1vel, humanizada e alinhada \u00e0s legisla\u00e7\u00f5es vigentes.<\/li>\n<\/ul>\n<\/div><figure class=\"wp-block-media-text__media\"><img loading=\"lazy\" decoding=\"async\" width=\"1024\" height=\"979\" src=\"https:\/\/educacaomedica.fint.edu.br\/wp-content\/uploads\/2025\/03\/Group-235-1024x979.png\" alt=\"\" class=\"wp-image-612 size-full\" srcset=\"https:\/\/educacaomedica.fint.edu.br\/wp-content\/uploads\/2025\/03\/Group-235-1024x979.png 1024w, https:\/\/educacaomedica.fint.edu.br\/wp-content\/uploads\/2025\/03\/Group-235-300x287.png 300w, https:\/\/educacaomedica.fint.edu.br\/wp-content\/uploads\/2025\/03\/Group-235-768x734.png 768w, https:\/\/educacaomedica.fint.edu.br\/wp-content\/uploads\/2025\/03\/Group-235-1536x1468.png 1536w, https:\/\/educacaomedica.fint.edu.br\/wp-content\/uploads\/2025\/03\/Group-235.png 1610w\" sizes=\"(max-width: 1024px) 100vw, 1024px\" \/><\/figure><\/div>\n\n\n\n<hr class=\"wp-block-separator has-alpha-channel-opacity\"\/>\n\n\n\n<div class=\"wp-block-columns is-layout-flex wp-container-core-columns-layout-3 wp-block-columns-is-layout-flex\">\n<div class=\"wp-block-column is-vertically-aligned-center is-layout-flow wp-block-column-is-layout-flow\">\n<h2 class=\"wp-block-heading has-text-align-center\">Inscreva-se<\/h2>\n\n\n\n<p class=\"has-black-color has-text-color has-link-color wp-elements-cf62715786b61789c1822be4d2a6f4f7\">Invista na sua carreira com uma forma\u00e7\u00e3o que une conhecimento especializado. Garanta sua vaga e prepare-se para proporcionar melhor qualidade de vida para os pacientes e seus familiares.<\/p>\n\n\n\n<div class=\"wp-block-buttons is-content-justification-center is-layout-flex wp-container-core-buttons-layout-2 wp-block-buttons-is-layout-flex\">\n<div class=\"wp-block-button\"><a class=\"wp-block-button__link has-background has-text-align-center wp-element-button\" href=\"https:\/\/fint.edu.br\/processo-seletivo-fellowship\/\" style=\"background-color:#08366c\" target=\"_blank\" rel=\"noreferrer noopener\">Inscreva-se<\/a><\/div>\n<\/div>\n<\/div>\n<\/div>\n\n\n\n<figure class=\"wp-block-pullquote\"><blockquote><p>A realiza\u00e7\u00e3o deste curso est\u00e1 sujeita \u00e0 forma\u00e7\u00e3o de turma com um n\u00famero<br>m\u00ednimo de participantes.<\/p><\/blockquote><\/figure>\n\n\n\n<div class=\"wp-block-columns is-layout-flex wp-container-core-columns-layout-4 wp-block-columns-is-layout-flex\">\n<div class=\"wp-block-column is-layout-flow wp-block-column-is-layout-flow\">\n<figure class=\"wp-block-embed is-type-video is-provider-youtube wp-block-embed-youtube wp-embed-aspect-16-9 wp-has-aspect-ratio\"><div class=\"wp-block-embed__wrapper\">\n<iframe loading=\"lazy\" title=\"FINT de Perto: Conhe\u00e7a Toda a Estrutura que Faz a Diferen\u00e7a\" width=\"500\" height=\"281\" src=\"https:\/\/www.youtube.com\/embed\/7lBKCwlRirA?feature=oembed\" frameborder=\"0\" allow=\"accelerometer; autoplay; clipboard-write; encrypted-media; gyroscope; picture-in-picture; web-share\" referrerpolicy=\"strict-origin-when-cross-origin\" allowfullscreen><\/iframe>\n<\/div><\/figure>\n<\/div>\n\n\n\n<div class=\"wp-block-column is-layout-flow wp-block-column-is-layout-flow\">\n<h2 class=\"wp-block-heading\">A FINT de Perto: Conhe\u00e7a Toda a Estrutura que Faz a Diferen\u00e7a<\/h2>\n\n\n\n<p class=\"has-black-color has-text-color has-link-color wp-elements-8c3ea1ba063ba3ab072c00727a370a2b\"><strong>Aqui, cada detalhe foi pensado para voc\u00ea evoluir.<\/strong><br>Neste v\u00eddeo, voc\u00ea vai conhecer de perto a estrutura da FINT: espa\u00e7os modernos, tecnologia de ponta e ambientes que inspiram aprendizado. Aperte o play e sinta como \u00e9 estudar em um lugar feito para transformar sua trajet\u00f3ria.<\/p>\n<\/div>\n<\/div>\n","protected":false},"excerpt":{"rendered":"<p>P\u00d3S-GRADUA\u00c7\u00c3O FELLOWSHIPMEDICINA PALIATIVA Em uma era em que o cuidado com a sa\u00fade \u00e9 cada vez mais global, os Cuidados Paliativos representam um compromisso com a dignidade e a qualidade de vida de pacientes e seus familiares.O curso de p\u00f3s-gradua\u00e7\u00e3o oferece uma vis\u00e3o abrangente sobre os Cuidados Paliativos, capacitando profissionais a atuar com t\u00e9cnicas e [&hellip;]<\/p>\n","protected":false},"author":1,"featured_media":0,"parent":163,"menu_order":0,"comment_status":"closed","ping_status":"closed","template":"template-fullwidth.php","meta":{"om_disable_all_campaigns":false,"_monsterinsights_skip_tracking":false,"_monsterinsights_sitenote_active":false,"_monsterinsights_sitenote_note":"","_monsterinsights_sitenote_category":0,"_uf_show_specific_survey":0,"_uf_disable_surveys":false,"footnotes":""},"aioseo_notices":[],"_links":{"self":[{"href":"https:\/\/educacaomedica.fint.edu.br\/index.php\/wp-json\/wp\/v2\/pages\/588"}],"collection":[{"href":"https:\/\/educacaomedica.fint.edu.br\/index.php\/wp-json\/wp\/v2\/pages"}],"about":[{"href":"https:\/\/educacaomedica.fint.edu.br\/index.php\/wp-json\/wp\/v2\/types\/page"}],"author":[{"embeddable":true,"href":"https:\/\/educacaomedica.fint.edu.br\/index.php\/wp-json\/wp\/v2\/users\/1"}],"replies":[{"embeddable":true,"href":"https:\/\/educacaomedica.fint.edu.br\/index.php\/wp-json\/wp\/v2\/comments?post=588"}],"version-history":[{"count":25,"href":"https:\/\/educacaomedica.fint.edu.br\/index.php\/wp-json\/wp\/v2\/pages\/588\/revisions"}],"predecessor-version":[{"id":1075,"href":"https:\/\/educacaomedica.fint.edu.br\/index.php\/wp-json\/wp\/v2\/pages\/588\/revisions\/1075"}],"up":[{"embeddable":true,"href":"https:\/\/educacaomedica.fint.edu.br\/index.php\/wp-json\/wp\/v2\/pages\/163"}],"wp:attachment":[{"href":"https:\/\/educacaomedica.fint.edu.br\/index.php\/wp-json\/wp\/v2\/media?parent=588"}],"curies":[{"name":"wp","href":"https:\/\/api.w.org\/{rel}","templated":true}]}}