{"id":64,"date":"2024-04-05T11:58:18","date_gmt":"2024-04-05T14:58:18","guid":{"rendered":"https:\/\/educacaomedica.fint.edu.br\/?page_id=64"},"modified":"2025-09-08T05:09:27","modified_gmt":"2025-09-08T08:09:27","slug":"o-que-e","status":"publish","type":"page","link":"https:\/\/educacaomedica.fint.edu.br\/index.php\/o-que-e\/","title":{"rendered":"O QUE \u00c9"},"content":{"rendered":"\n<p class=\"has-black-color has-text-color has-link-color has-medium-font-size wp-elements-f7357fb4227b2d7b318028771679d9f2\"><strong>Bem-vindo ao Programa de Educa\u00e7\u00e3o M\u00e9dica da FINT<\/strong><\/p>\n\n\n\n<p>Desenvolvido com a mais alta qualidade acad\u00eamica e profissionalismo, o programa foi concebido com o intuito de oferecer uma trajet\u00f3ria educacional excepcional para estudantes de medicina e m\u00e9dicos j\u00e1 formados que buscam aprimorar seus conhecimentos e habilidades em diversas \u00e1reas da medicina.<\/p>\n\n\n\n<p class=\"has-black-color has-text-color has-link-color has-medium-font-size wp-elements-35d9c7ec75774c8bbeb8f66e0ece8b3b\"><strong>Por que criamos o Programa de Educa\u00e7\u00e3o M\u00e9dica?<\/strong><\/p>\n\n\n\n<p>O setor da sa\u00fade est\u00e1 em constante evolu\u00e7\u00e3o, com novas descobertas, tecnologias e pr\u00e1ticas emergindo regularmente. Reconhecemos a necessidade urgente de oferecer um programa educacional flex\u00edvel e abrangente que possibilite aos profissionais da \u00e1rea m\u00e9dica manterem-se atualizados e competitivos em um ambiente em r\u00e1pida transforma\u00e7\u00e3o.<\/p>\n\n\n\n<p class=\"has-black-color has-text-color has-link-color has-medium-font-size wp-elements-e7aae169521989250f636b3ccb0870ff\"><strong>Benef\u00edcios do Programa:<\/strong><\/p>\n\n\n\n<p><em><strong>Excel\u00eancia Acad\u00eamica:<\/strong><\/em> Nossos cursos s\u00e3o desenvolvidos e ministrados por uma equipe de renomados professores e profissionais m\u00e9dicos, garantindo uma educa\u00e7\u00e3o de alta qualidade e relev\u00e2ncia.<\/p>\n\n\n\n<p><strong><em>Flexibilidade<\/em>:<\/strong> Oferecemos cursos de p\u00f3s-gradua\u00e7\u00e3o, aperfei\u00e7oamento e extens\u00e3o universit\u00e1ria para atender \u00e0s diferentes necessidades e objetivos de aprendizado dos participantes. Al\u00e9m de um modelo h\u00edbrido de ensino, unindo o melhor da teoria online e a pr\u00e1tica presencial.<\/p>\n\n\n\n<p><strong><em>Atualiza\u00e7\u00e3o Cont\u00ednua<\/em>:<\/strong> \u00c9 voc\u00ea se manter atualizado com as \u00faltimas tend\u00eancias, t\u00e9cnicas e pr\u00e1ticas m\u00e9dicas, garantindo que esteja sempre \u00e0 frente em sua carreira.<\/p>\n\n\n\n<p><strong><em>Networking<\/em>:<\/strong> O programa oferece uma oportunidade \u00fanica para interagir e colaborar com outros profissionais de sa\u00fade, expandindo sua rede de contatos e oportunidades profissionais.<\/p>\n\n\n\n<p class=\"has-black-color has-text-color has-link-color has-medium-font-size wp-elements-81d3293f3deb4fd5715ce807fdf0f1ea\"><strong>Por que estudantes de medicina e m\u00e9dicos j\u00e1 formados devem fazer parte deste programa?<\/strong><\/p>\n\n\n\n<p>Para estudantes de medicina, nosso programa oferece uma oportunidade valiosa para complementar sua forma\u00e7\u00e3o acad\u00eamica com cursos de extens\u00e3o, preparando-os para os desafios da pr\u00e1tica m\u00e9dica moderna.<\/p>\n\n\n\n<p>Para m\u00e9dicos j\u00e1 formados, o programa oferece uma oportunidade de aperfei\u00e7oamento e especializa\u00e7\u00e3o em \u00e1reas espec\u00edficas da medicina, permitindo que se destaquem em suas respectivas \u00e1reas de atua\u00e7\u00e3o e avancem em suas carreiras.<\/p>\n","protected":false},"excerpt":{"rendered":"<p>Bem-vindo ao Programa de Educa\u00e7\u00e3o M\u00e9dica da FINT Desenvolvido com a mais alta qualidade acad\u00eamica e profissionalismo, o programa foi concebido com o intuito de oferecer uma trajet\u00f3ria educacional excepcional para estudantes de medicina e m\u00e9dicos j\u00e1 formados que buscam aprimorar seus conhecimentos e habilidades em diversas \u00e1reas da medicina. Por que criamos o Programa [&hellip;]<\/p>\n","protected":false},"author":1,"featured_media":0,"parent":0,"menu_order":0,"comment_status":"closed","ping_status":"closed","template":"template-fullwidth.php","meta":{"om_disable_all_campaigns":false,"_monsterinsights_skip_tracking":false,"_monsterinsights_sitenote_active":false,"_monsterinsights_sitenote_note":"","_monsterinsights_sitenote_category":0,"_uf_show_specific_survey":0,"_uf_disable_surveys":false,"footnotes":""},"aioseo_notices":[],"_links":{"self":[{"href":"https:\/\/educacaomedica.fint.edu.br\/index.php\/wp-json\/wp\/v2\/pages\/64"}],"collection":[{"href":"https:\/\/educacaomedica.fint.edu.br\/index.php\/wp-json\/wp\/v2\/pages"}],"about":[{"href":"https:\/\/educacaomedica.fint.edu.br\/index.php\/wp-json\/wp\/v2\/types\/page"}],"author":[{"embeddable":true,"href":"https:\/\/educacaomedica.fint.edu.br\/index.php\/wp-json\/wp\/v2\/users\/1"}],"replies":[{"embeddable":true,"href":"https:\/\/educacaomedica.fint.edu.br\/index.php\/wp-json\/wp\/v2\/comments?post=64"}],"version-history":[{"count":13,"href":"https:\/\/educacaomedica.fint.edu.br\/index.php\/wp-json\/wp\/v2\/pages\/64\/revisions"}],"predecessor-version":[{"id":859,"href":"https:\/\/educacaomedica.fint.edu.br\/index.php\/wp-json\/wp\/v2\/pages\/64\/revisions\/859"}],"wp:attachment":[{"href":"https:\/\/educacaomedica.fint.edu.br\/index.php\/wp-json\/wp\/v2\/media?parent=64"}],"curies":[{"name":"wp","href":"https:\/\/api.w.org\/{rel}","templated":true}]}}