{"id":802,"date":"2025-07-07T17:01:07","date_gmt":"2025-07-07T20:01:07","guid":{"rendered":"https:\/\/educacaomedica.fint.edu.br\/?page_id=802"},"modified":"2025-10-30T16:22:51","modified_gmt":"2025-10-30T19:22:51","slug":"toxina-botulinica-mandaqui","status":"publish","type":"page","link":"https:\/\/educacaomedica.fint.edu.br\/index.php\/aperfeicoamento\/toxina-botulinica-mandaqui\/","title":{"rendered":"TOXINA BOTUL\u00cdNICA PARA M\u00c9DICOS &#8211; MANDAQUI"},"content":{"rendered":"\n<div class=\"wp-block-media-text is-stacked-on-mobile\"><figure class=\"wp-block-media-text__media\"><img loading=\"lazy\" decoding=\"async\" width=\"1024\" height=\"854\" src=\"https:\/\/educacaomedica.fint.edu.br\/wp-content\/uploads\/2025\/06\/Group-66-1-1024x854.png\" alt=\"\" class=\"wp-image-741 size-full\" srcset=\"https:\/\/educacaomedica.fint.edu.br\/wp-content\/uploads\/2025\/06\/Group-66-1-1024x854.png 1024w, https:\/\/educacaomedica.fint.edu.br\/wp-content\/uploads\/2025\/06\/Group-66-1-300x250.png 300w, https:\/\/educacaomedica.fint.edu.br\/wp-content\/uploads\/2025\/06\/Group-66-1-768x640.png 768w, https:\/\/educacaomedica.fint.edu.br\/wp-content\/uploads\/2025\/06\/Group-66-1.png 1509w\" sizes=\"(max-width: 1024px) 100vw, 1024px\" \/><\/figure><div class=\"wp-block-media-text__content\">\n<h2 class=\"wp-block-heading has-text-color has-link-color wp-elements-ecd8eacd5701db70107807c7164c008b\" style=\"color:#5059a1;font-size:27px\">TOXINA BOTUL\u00cdNICA PARA M\u00c9DICOS  &#8211; MANDAQUI<\/h2>\n\n\n\n<p class=\"has-black-color has-text-color has-link-color wp-elements-728610215bab40d9c0f8b1150edd4ebe\">A toxina botul\u00ednica, revolucionou a medicina est\u00e9tica e terap\u00eautica, tornando-se uma das ferramentas mais valorizadas nas cl\u00ednicas mais avan\u00e7adas do mundo.<br>Tendo um grande avan\u00e7o em tratamentos m\u00e9dicos terap\u00eauticos espec\u00edficos e nos procedimentos est\u00e9ticos, com alto grau de satisfa\u00e7\u00e3o, promovendo rejuvenescimento, harmonia facial e bem-estar aos pacientes.<br>Nosso curso \u00e9 exclusivo para m\u00e9dicos e oferece forma\u00e7\u00e3o completa, baseada em fundamentos anat\u00f4micos, t\u00e9cnicas atualizadas e protocolos seguros para aplica\u00e7\u00e3o cl\u00ednica. Uma oportunidade \u00fanica para ampliar sua atua\u00e7\u00e3o e conquistar novos pacientes.<\/p>\n\n\n<div class=\"lightweight-accordion has-text-color has-background\"><details><summary class=\"lightweight-accordion-title\" style=\"color:#ffffff;background:#08366c;\"><span>Valor do Curso<\/span><\/summary><div class=\"lightweight-accordion-body\" style=\"border-color:#08366c;\">\n\n<p class=\"has-text-align-center has-black-color has-text-color has-link-color wp-elements-fa59e59e96cb519b4c6b1ceb5619ceba\">Valor da Inscri\u00e7\u00e3o: Gratuita <\/p>\n\n\n\n<hr class=\"wp-block-separator has-alpha-channel-opacity\"\/>\n\n\n\n<p class=\"has-text-align-center has-black-color has-text-color has-link-color wp-elements-a9ca72a5761eaf5acc1ebef6d976a3da\"><strong>R$ 4.100,00<\/strong><br><strong>5x R$ 820,00<br>10x R$ 452,90<\/strong><\/p>\n\n\n\n<p class=\"has-text-align-center has-black-color has-text-color has-link-color has-medium-font-size wp-elements-546b05d313b3d55a9f6abf224d24ae38\">Para M\u00e9dicos, M\u00e9dicos Residentes e Estudantes do Internato do Conjunto Hospitalar do Mandaqui. <\/p>\n\n\n\n<p class=\"has-text-align-center has-small-font-size\">Fale com um consultor e garanta condi\u00e7\u00f5es especiais<\/p>\n\n<\/div><\/details><\/div>\n\n\n<div class=\"wp-block-buttons is-layout-flex wp-block-buttons-is-layout-flex\">\n<div class=\"wp-block-button has-custom-width wp-block-button__width-50\"><a class=\"wp-block-button__link has-background wp-element-button\" href=\"https:\/\/fint.jacad.com.br\/academico\/e-course\/v3\/link?idCurso=76\" style=\"background-color:#08366c\" target=\"_blank\" rel=\"noreferrer noopener\">Matricule-se<\/a><\/div>\n\n\n\n<div class=\"wp-block-button has-custom-width wp-block-button__width-50\"><a class=\"wp-block-button__link has-background wp-element-button\" href=\"https:\/\/api.whatsapp.com\/send\/?phone=5519971386715\" style=\"background-color:#08366c\" target=\"_blank\" rel=\"noreferrer noopener\">Consulte condi\u00e7\u00f5es especiais<\/a><\/div>\n<\/div>\n<\/div><\/div>\n\n\n\n<div style=\"height:100px\" aria-hidden=\"true\" class=\"wp-block-spacer\"><\/div>\n\n\n\n<div class=\"wp-block-columns is-layout-flex wp-container-core-columns-layout-1 wp-block-columns-is-layout-flex\">\n<div class=\"wp-block-column is-layout-flow wp-block-column-is-layout-flow\"><div class=\"lightweight-accordion has-text-color has-background\"><details><summary class=\"lightweight-accordion-title\" style=\"color:#ffffff;background:#08366c;\"><span><strong>Formato<\/strong><\/span><\/summary><div class=\"lightweight-accordion-body\" style=\"border-color:#08366c;\">\n\n<p class=\"has-black-color has-text-color has-link-color wp-elements-c3f8680b707ec8c0044138ce5d50a945\">O curso tem uma carga hor\u00e1ria total de 24 horas, sendo 8 horas de teoria e 16 horas presenciais <em>hands-on<\/em>.<\/p>\n\n<\/div><\/details><\/div><\/div>\n\n\n\n<div class=\"wp-block-column is-layout-flow wp-block-column-is-layout-flow\"><div class=\"lightweight-accordion has-text-color has-background\"><details><summary class=\"lightweight-accordion-title\" style=\"color:#ffffff;background:#08366c;\"><span><strong>P\u00fablico-alvo<\/strong><\/span><\/summary><div class=\"lightweight-accordion-body\" style=\"border-color:#08366c;\">\n\n<p class=\"has-black-color has-text-color has-link-color wp-elements-4ae7f25a39407d5ed78834fbcb908e26\">Destinado \u00e0 m\u00e9dicos que tenham interesse em atuar com a toxina botul\u00ednica, de acordo com as normas de seu<br>conselho profissionail.<\/p>\n\n<\/div><\/details><\/div><\/div>\n\n\n\n<div class=\"wp-block-column is-layout-flow wp-block-column-is-layout-flow\"><div class=\"lightweight-accordion has-text-color has-background\"><details><summary class=\"lightweight-accordion-title\" style=\"color:#ffffff;background:#08366c;\"><span><strong>Corpo docente<\/strong><\/span><\/summary><div class=\"lightweight-accordion-body\" style=\"border-color:#08366c;\">\n\n<p class=\"has-black-color has-text-color has-link-color wp-elements-5036e869584e530b408ddc80db2563e1\">A equipe docente \u00e9 composta por especialistas reconhecidos na \u00e1rea com vasta experi\u00eancia pr\u00e1tica e acad\u00eamica. Os professores proporcionam uma vis\u00e3o abrangente e atualizada, com discuss\u00f5es de casos reais e t\u00e9cnicas de ponta, oferecendo aos alunos uma forma\u00e7\u00e3o diferenciada e diretamente aplic\u00e1vel.<\/p>\n\n<\/div><\/details><\/div><\/div>\n<\/div>\n\n\n\n<hr class=\"wp-block-separator has-alpha-channel-opacity\"\/>\n\n\n\n<h2 class=\"wp-block-heading has-black-color has-text-color has-link-color wp-elements-273f776bec0374940795437f5f83543c\">Por que fazer este curso?<\/h2>\n\n\n\n<div class=\"wp-block-columns is-layout-flex wp-container-core-columns-layout-2 wp-block-columns-is-layout-flex\">\n<div class=\"wp-block-column is-layout-flow wp-block-column-is-layout-flow\">\n<ul>\n<li>Alta demanda por procedimentos com toxina botul\u00ednica<\/li>\n\n\n\n<li>Aplica\u00e7\u00f5es est\u00e9ticas e terap\u00eauticas com resultados comprovados<\/li>\n\n\n\n<li>Aulas te\u00f3ricas e pr\u00e1ticas com especialista<\/li>\n\n\n\n<li>Atividades pr\u00e1ticas com turmas reduzidas (10 a 12 alunos)<\/li>\n\n\n\n<li>Atividades pr\u00e1ticas (2 dias) em finais de semana<\/li>\n\n\n\n<li>Certifica\u00e7\u00e3o reconhecida<\/li>\n<\/ul>\n<\/div>\n\n\n\n<div class=\"wp-block-column is-layout-flow wp-block-column-is-layout-flow\">\n<div class=\"wp-block-buttons is-content-justification-center is-layout-flex wp-container-core-buttons-layout-2 wp-block-buttons-is-layout-flex\">\n<div class=\"wp-block-button has-custom-width wp-block-button__width-75\"><a class=\"wp-block-button__link has-background has-text-align-center wp-element-button\" href=\"https:\/\/fint.jacad.com.br\/academico\/e-course\/v3\/link?idCurso=76\" style=\"background-color:#08366c\" target=\"_blank\" rel=\"noreferrer noopener\">Matricule-se<\/a><\/div>\n<\/div>\n<\/div>\n<\/div>\n\n\n\n<hr class=\"wp-block-separator has-alpha-channel-opacity\"\/>\n\n\n\n<div class=\"wp-block-columns is-layout-flex wp-container-core-columns-layout-3 wp-block-columns-is-layout-flex\">\n<div class=\"wp-block-column is-layout-flow wp-block-column-is-layout-flow\">\n<h2 class=\"wp-block-heading\">Programa do Curso<\/h2>\n\n\n\n<p class=\"has-black-color has-text-color has-link-color wp-elements-6b767d47eda0d1e4bbf28cd4c6e24513\">O Curso de Aperfei\u00e7oamento em Toxina Botul\u00ednica para M\u00e9dicos \u00e9 dividido em dois m\u00f3dulos principais: um te\u00f3rico e um pr\u00e1tico. Cada m\u00f3dulo foi desenhado para oferecer uma compreens\u00e3o completa sobre o uso da toxina botul\u00ednica, desde seus fundamentos at\u00e9 sua aplica\u00e7\u00e3o avan\u00e7ada.<\/p>\n\n\n\n<p class=\"has-black-color has-text-color has-link-color wp-elements-03dfb4ae2a2e8bfbce4a9ed036a9c931\"><strong>M\u00f3dulo: Fundamentos e Estrat\u00e9gias Seguras da Toxina Botul\u00ednica<\/strong><br>Hist\u00f3ria, evolu\u00e7\u00e3o e mecanismos de a\u00e7\u00e3o da toxina botul\u00ednica<br>Anatomia funcional facial aplicada \u00e0 toxina<br>Indica\u00e7\u00f5es est\u00e9ticas: Rugas din\u00e2micas (glabela, frontal, orbicular dos olhos)<br>Sorriso gengival, queixo, linhas de marionete, pesco\u00e7o<br>Indica\u00e7\u00f5es terap\u00eauticas:<br>Cefaleia tensional<br>Bruxismo \/ disfun\u00e7\u00e3o de ATM<br>Hiperidrose<br>Espasticidade (breve abordagem)<br>Tipos de toxinas: Comparativo entre marcas dispon\u00edveis no mercado<br>Unidades, dilui\u00e7\u00e3o e conserva\u00e7\u00e3o<br>Intercorr\u00eancias e complica\u00e7\u00f5es: Diagn\u00f3stico, preven\u00e7\u00e3o e conduta<br>Plant\u00e3o de d\u00favidas ao final da aula<\/p>\n<\/div>\n\n\n\n<div class=\"wp-block-column is-layout-flow wp-block-column-is-layout-flow\">\n<p class=\"has-black-color has-text-color has-link-color wp-elements-37f35931e64b98b11aa1baa345da791f\"><strong>M\u00f3dulo: Pr\u00e1tico presencial<\/strong><br>A pr\u00e1tica \u00e9 essencial para garantir que os profissionais estejam aptos a aplicar a toxina<br>botul\u00ednica com confian\u00e7a e precis\u00e3o.<br>No m\u00f3dulo pr\u00e1tico, os alunos ter\u00e3o 16 horas de atividades presenciais, durante as quais<br>poder\u00e3o realizar procedimentos supervisionados em pacientes modelos. As pr\u00e1ticas<br>cobrem:<br>Pontos de aplica\u00e7\u00e3o b\u00e1sicos: Aplica\u00e7\u00f5es em \u00e1reas comuns, como rugas faciais, p\u00e9s de galinha e linhas de express\u00e3o.<br>Pontos de aplica\u00e7\u00e3o avan\u00e7ados: T\u00e9cnicas mais complexas para aplica\u00e7\u00f5es avan\u00e7adas, incluindo \u00e1reas que exigem maior precis\u00e3o e cuidado.<br>Pontos de aplica\u00e7\u00e3o terap\u00eauticos: Uso da toxina botul\u00ednica para condi\u00e7\u00f5es terap\u00eauticas, como hiperidrose (sudorese excessiva), enxaqueca e bruxismo.<\/p>\n\n\n\n<div class=\"wp-block-buttons is-content-justification-center is-layout-flex wp-container-core-buttons-layout-3 wp-block-buttons-is-layout-flex\">\n<div class=\"wp-block-button has-custom-width wp-block-button__width-50\"><a class=\"wp-block-button__link has-background wp-element-button\" href=\"https:\/\/wa.me\/5519971386715\" style=\"background-color:#08366c\" target=\"_blank\" rel=\"noreferrer noopener\">Consulte condi\u00e7\u00f5es especiais<\/a><\/div>\n\n\n\n<div class=\"wp-block-button has-custom-width wp-block-button__width-50\"><a class=\"wp-block-button__link has-background wp-element-button\" href=\"https:\/\/fint.jacad.com.br\/academico\/e-course\/v3\/link?idCurso=76\" style=\"background-color:#08366c\" target=\"_blank\" rel=\"noreferrer noopener\">Matricule-se<\/a><\/div>\n<\/div>\n<\/div>\n<\/div>\n\n\n\n<hr class=\"wp-block-separator has-alpha-channel-opacity\"\/>\n\n\n\n<div class=\"wp-block-media-text has-media-on-the-right is-stacked-on-mobile\"><div class=\"wp-block-media-text__content\">\n<p><\/p>\n\n\n\n<h2 class=\"wp-block-heading has-large-font-size\">COMPET\u00caNCIAS E HABILIDADES<\/h2>\n\n\n\n<p class=\"has-black-color has-text-color has-link-color wp-elements-e5f5ffdb1f2941fd817976f0ec7709a2\">Ao concluir o curso, os profissionais estar\u00e3o habilitados para realizar uma variedade de procedimentos com toxina botul\u00ednica, aplicando o conhecimento adquirido em seus respectivos campos de atua\u00e7\u00e3o. As principais compet\u00eancias e habilidades que ser\u00e3o desenvolvidas ao longo do curso incluem:<\/p>\n\n\n\n<ul>\n<li><strong>Compreens\u00e3o dos fundamentos te\u00f3ricos da toxina botul\u00ednica:<\/strong>&nbsp;\u25cb aluno aprender\u00e1 sobre a estrutura da toxina, como ela age no organismo e quais s\u00e3o as suas principais indica\u00e7\u00f5es cl\u00ednicas, tanto para fins est\u00e9ticos quanto terap\u00eauticos.<\/li>\n\n\n\n<li><strong>Dom\u00ednio das t\u00e9cnicas de administra\u00e7\u00e3o da toxina botul\u00ednica:<\/strong>&nbsp;\u25cb Os participantes ser\u00e3o treinados nas t\u00e9cnicas mais eficazes de administra\u00e7\u00e3o da toxina, desde a dilui\u00e7\u00e3o e prepara\u00e7\u00e3o at\u00e9 a aplica\u00e7\u00e3o em diferentes pontos do corpo.<\/li>\n\n\n\n<li><strong>Conhecimento dos protocolos de seguran\u00e7a e preven\u00e7\u00e3o de complica\u00e7\u00f5es:<\/strong>&nbsp;O curso ir\u00e1 fornecer aos alunos as informa\u00e7\u00f5es necess\u00e1rias para garantir a seguran\u00e7a do paciente durante o procedimento, incluindo como prevenir e lidar com complica\u00e7\u00f5es que possam surgir.<\/li>\n<\/ul>\n<\/div><figure class=\"wp-block-media-text__media\"><img loading=\"lazy\" decoding=\"async\" width=\"1024\" height=\"1014\" src=\"https:\/\/educacaomedica.fint.edu.br\/wp-content\/uploads\/2025\/06\/ADASD-1536x1521-1-1024x1014.png\" alt=\"\" class=\"wp-image-729 size-full\" srcset=\"https:\/\/educacaomedica.fint.edu.br\/wp-content\/uploads\/2025\/06\/ADASD-1536x1521-1-1024x1014.png 1024w, https:\/\/educacaomedica.fint.edu.br\/wp-content\/uploads\/2025\/06\/ADASD-1536x1521-1-300x297.png 300w, https:\/\/educacaomedica.fint.edu.br\/wp-content\/uploads\/2025\/06\/ADASD-1536x1521-1-150x150.png 150w, https:\/\/educacaomedica.fint.edu.br\/wp-content\/uploads\/2025\/06\/ADASD-1536x1521-1-768x761.png 768w, https:\/\/educacaomedica.fint.edu.br\/wp-content\/uploads\/2025\/06\/ADASD-1536x1521-1.png 1536w\" sizes=\"(max-width: 1024px) 100vw, 1024px\" \/><\/figure><\/div>\n\n\n\n<hr class=\"wp-block-separator has-alpha-channel-opacity\"\/>\n\n\n\n<div class=\"wp-block-columns is-layout-flex wp-container-core-columns-layout-4 wp-block-columns-is-layout-flex\">\n<div class=\"wp-block-column is-layout-flow wp-block-column-is-layout-flow\">\n<h2 class=\"wp-block-heading\">Matr\u00edculas abertas<\/h2>\n\n\n\n<p class=\"has-black-color has-text-color has-link-color wp-elements-d21ee6b40efc444abd70138be0bb7d0a\">Invista na sua carreira com uma forma\u00e7\u00e3o que une pr\u00e1tica avan\u00e7ada e conhecimento especializado. Garanta sua vaga e prepare-se para transformar a sa\u00fade e o bem-estar dos seus pacientes com t\u00e9cnicas de ponta e inova\u00e7\u00e3o.<\/p>\n<\/div>\n\n\n\n<div class=\"wp-block-column is-layout-flow wp-block-column-is-layout-flow\">\n<div class=\"wp-block-buttons is-content-justification-center is-layout-flex wp-container-core-buttons-layout-4 wp-block-buttons-is-layout-flex\">\n<div class=\"wp-block-button has-custom-width wp-block-button__width-75\"><a class=\"wp-block-button__link has-background wp-element-button\" href=\"https:\/\/fint.jacad.com.br\/academico\/e-course\/v3\/link?idCurso=76\" style=\"background-color:#08366c\" target=\"_blank\" rel=\"noreferrer noopener\">Matricule-se<\/a><\/div>\n<\/div>\n<\/div>\n<\/div>\n\n\n\n<figure class=\"wp-block-pullquote\"><blockquote><p>A realiza\u00e7\u00e3o deste curso est\u00e1 sujeita \u00e0 forma\u00e7\u00e3o de turma com um n\u00famero<br>m\u00ednimo de participantes.<\/p><\/blockquote><\/figure>\n\n\n\n<div class=\"wp-block-columns is-layout-flex wp-container-core-columns-layout-5 wp-block-columns-is-layout-flex\">\n<div class=\"wp-block-column is-layout-flow wp-block-column-is-layout-flow\">\n<figure class=\"wp-block-embed is-type-video is-provider-youtube wp-block-embed-youtube wp-embed-aspect-16-9 wp-has-aspect-ratio\"><div class=\"wp-block-embed__wrapper\">\n<iframe loading=\"lazy\" title=\"FINT de Perto: Conhe\u00e7a Toda a Estrutura que Faz a Diferen\u00e7a\" width=\"500\" height=\"281\" src=\"https:\/\/www.youtube.com\/embed\/7lBKCwlRirA?feature=oembed\" frameborder=\"0\" allow=\"accelerometer; autoplay; clipboard-write; encrypted-media; gyroscope; picture-in-picture; web-share\" referrerpolicy=\"strict-origin-when-cross-origin\" allowfullscreen><\/iframe>\n<\/div><\/figure>\n<\/div>\n\n\n\n<div class=\"wp-block-column is-layout-flow wp-block-column-is-layout-flow\">\n<h2 class=\"wp-block-heading\">A FINT de Perto: Conhe\u00e7a Toda a Estrutura que Faz a Diferen\u00e7a<\/h2>\n\n\n\n<p class=\"has-black-color has-text-color has-link-color wp-elements-8c3ea1ba063ba3ab072c00727a370a2b\"><strong>Aqui, cada detalhe foi pensado para voc\u00ea evoluir.<\/strong><br>Neste v\u00eddeo, voc\u00ea vai conhecer de perto a estrutura da FINT: espa\u00e7os modernos, tecnologia de ponta e ambientes que inspiram aprendizado. Aperte o play e sinta como \u00e9 estudar em um lugar feito para transformar sua trajet\u00f3ria.<\/p>\n<\/div>\n<\/div>\n","protected":false},"excerpt":{"rendered":"<p>Por que fazer este curso? Programa do Curso O Curso de Aperfei\u00e7oamento em Toxina Botul\u00ednica para M\u00e9dicos \u00e9 dividido em dois m\u00f3dulos principais: um te\u00f3rico e um pr\u00e1tico. Cada m\u00f3dulo foi desenhado para oferecer uma compreens\u00e3o completa sobre o uso da toxina botul\u00ednica, desde seus fundamentos at\u00e9 sua aplica\u00e7\u00e3o avan\u00e7ada. M\u00f3dulo: Fundamentos e Estrat\u00e9gias Seguras [&hellip;]<\/p>\n","protected":false},"author":1,"featured_media":0,"parent":724,"menu_order":0,"comment_status":"closed","ping_status":"closed","template":"template-fullwidth.php","meta":{"om_disable_all_campaigns":false,"_monsterinsights_skip_tracking":false,"_monsterinsights_sitenote_active":false,"_monsterinsights_sitenote_note":"","_monsterinsights_sitenote_category":0,"_uf_show_specific_survey":0,"_uf_disable_surveys":false,"footnotes":""},"aioseo_notices":[],"_links":{"self":[{"href":"https:\/\/educacaomedica.fint.edu.br\/index.php\/wp-json\/wp\/v2\/pages\/802"}],"collection":[{"href":"https:\/\/educacaomedica.fint.edu.br\/index.php\/wp-json\/wp\/v2\/pages"}],"about":[{"href":"https:\/\/educacaomedica.fint.edu.br\/index.php\/wp-json\/wp\/v2\/types\/page"}],"author":[{"embeddable":true,"href":"https:\/\/educacaomedica.fint.edu.br\/index.php\/wp-json\/wp\/v2\/users\/1"}],"replies":[{"embeddable":true,"href":"https:\/\/educacaomedica.fint.edu.br\/index.php\/wp-json\/wp\/v2\/comments?post=802"}],"version-history":[{"count":13,"href":"https:\/\/educacaomedica.fint.edu.br\/index.php\/wp-json\/wp\/v2\/pages\/802\/revisions"}],"predecessor-version":[{"id":881,"href":"https:\/\/educacaomedica.fint.edu.br\/index.php\/wp-json\/wp\/v2\/pages\/802\/revisions\/881"}],"up":[{"embeddable":true,"href":"https:\/\/educacaomedica.fint.edu.br\/index.php\/wp-json\/wp\/v2\/pages\/724"}],"wp:attachment":[{"href":"https:\/\/educacaomedica.fint.edu.br\/index.php\/wp-json\/wp\/v2\/media?parent=802"}],"curies":[{"name":"wp","href":"https:\/\/api.w.org\/{rel}","templated":true}]}}