{"id":932,"date":"2025-12-11T15:47:26","date_gmt":"2025-12-11T18:47:26","guid":{"rendered":"https:\/\/educacaomedica.fint.edu.br\/?page_id=932"},"modified":"2026-02-10T19:28:04","modified_gmt":"2026-02-10T22:28:04","slug":"fisioterapia-hospitalar","status":"publish","type":"page","link":"https:\/\/educacaomedica.fint.edu.br\/index.php\/pos-graduacao\/fisioterapia-hospitalar\/","title":{"rendered":"FISIOTERAPIA HOSPITALAR"},"content":{"rendered":"\n<div class=\"wp-block-columns is-layout-flex wp-container-core-columns-layout-1 wp-block-columns-is-layout-flex\">\n<div class=\"wp-block-column is-layout-flow wp-block-column-is-layout-flow\">\n<h3 class=\"wp-block-heading has-text-color has-link-color has-large-font-size wp-elements-38d8b10bb6a5338cae65ba479c0d9fcd\" style=\"color:#5059a1\">P\u00d3S-GRADUA\u00c7\u00c3O FISIOTERAPIA HOSPITALAR<\/h3>\n\n\n\n<p>A P\u00f3s-gradua\u00e7\u00e3o em <strong>Fisioterapia Hospitalar da FINT<\/strong> tem como prop\u00f3sito formar profissionais capazes de assumir o <strong>protagonismo absoluto no ambiente hospitalar<\/strong>. O curso prepara o fisioterapeuta para atuar com excel\u00eancia em setores cr\u00edticos, dominar tecnologias avan\u00e7adas, tomar decis\u00f5es cl\u00ednicas de alto impacto e suprir a crescente escassez de especialistas no pa\u00eds. O aluno sai pronto para se tornar uma <strong>refer\u00eancia incontest\u00e1vel<\/strong> no cuidado ao paciente, valorizado e altamente desejado pelas institui\u00e7\u00f5es de sa\u00fade.<\/p>\n\n\n<div class=\"lightweight-accordion has-text-color has-background\"><details><summary class=\"lightweight-accordion-title\" style=\"color:#ffffff;background:#08366c;\"><span>Valor do Curso<\/span><\/summary><div class=\"lightweight-accordion-body\" style=\"border-color:#08366c;\">\n\n<p class=\"has-text-align-center has-black-color has-text-color has-link-color wp-elements-fa59e59e96cb519b4c6b1ceb5619ceba\">Valor da Inscri\u00e7\u00e3o: Gratuita <\/p>\n\n\n\n<hr class=\"wp-block-separator has-alpha-channel-opacity\"\/>\n\n\n\n<p class=\"has-text-align-center has-black-color has-text-color has-link-color wp-elements-61bd1e7e86166178c35a57632683e8d3\"><strong>12 x R$ 1.436,70<\/strong> <\/p>\n\n\n\n<p class=\"has-text-align-center has-black-color has-text-color has-link-color wp-elements-2797ab1a25c5ed41149cb88d2492d802\"><strong>ou em at\u00e9 24x<\/strong><\/p>\n\n\n\n<p class=\"has-text-align-center has-black-color has-text-color has-link-color has-small-font-size wp-elements-26c457b0a23e5a9c8c50f93d615ad7e9\">Fale com um consultor e garanta condi\u00e7\u00f5es especiais<\/p>\n\n<\/div><\/details><\/div>\n\n\n<div class=\"wp-block-buttons is-layout-flex wp-block-buttons-is-layout-flex\">\n<div class=\"wp-block-button has-custom-width wp-block-button__width-50\"><a class=\"wp-block-button__link has-background wp-element-button\" href=\"https:\/\/fint.jacad.com.br\/academico\/e-course\/v3\/link?idCurso=96\" style=\"background-color:#08366c\" target=\"_blank\" rel=\"noreferrer noopener\">Matricule-se<\/a><\/div>\n\n\n\n<div class=\"wp-block-button has-custom-width wp-block-button__width-50\"><a class=\"wp-block-button__link has-background wp-element-button\" href=\"https:\/\/api.whatsapp.com\/send\/?phone=5519971386715\" style=\"background-color:#08366c\" target=\"_blank\" rel=\"noreferrer noopener\">Fale com um consultor<\/a><\/div>\n<\/div>\n<\/div>\n<\/div>\n\n\n\n<div class=\"wp-block-columns is-layout-flex wp-container-core-columns-layout-2 wp-block-columns-is-layout-flex\">\n<div class=\"wp-block-column is-layout-flow wp-block-column-is-layout-flow\"><div class=\"lightweight-accordion has-text-color has-background\"><details><summary class=\"lightweight-accordion-title\" style=\"color:#ffffff;background:#08366c;\"><span>u003cstrongu003eMetodologiau003c\/strongu003e<\/span><\/summary><div class=\"lightweight-accordion-body\" style=\"border-color:#08366c;\">\n\n<p class=\"has-black-color has-text-color has-link-color wp-elements-3c40c89162d2f14dbd8e2a73105a3e64\">A p\u00f3s-gradua\u00e7\u00e3o \u00e9 oferecida no formato semipresencial, com carga hor\u00e1ria de 780 horas.<\/p>\n\n<\/div><\/details><\/div><\/div>\n\n\n\n<div class=\"wp-block-column is-layout-flow wp-block-column-is-layout-flow\"><div class=\"lightweight-accordion has-text-color has-background\"><details><summary class=\"lightweight-accordion-title\" style=\"color:#ffffff;background:#08366c;\"><span>u003cstrongu003eP\u00fablico-alvou003c\/strongu003e<\/span><\/summary><div class=\"lightweight-accordion-body\" style=\"border-color:#08366c;\">\n\n<p class=\"has-black-color has-text-color has-link-color wp-elements-2e49de80fb5e089d9491c8494714f9a6\">Este curso \u00e9 destinado a graduados em fisioterapia.<\/p>\n\n<\/div><\/details><\/div><\/div>\n\n\n\n<div class=\"wp-block-column is-layout-flow wp-block-column-is-layout-flow\"><div class=\"lightweight-accordion has-text-color has-background\"><details><summary class=\"lightweight-accordion-title\" style=\"color:#ffffff;background:#08366c;\"><span>u003cstrongu003eCorpo Docenteu003c\/strongu003e<\/span><\/summary><div class=\"lightweight-accordion-body\" style=\"border-color:#08366c;\">\n\n<p class=\"has-black-color has-text-color has-link-color wp-elements-614ed266a00743e9a7d07fd6bde5e97c\">Cada professor \u00e9 escolhido pela sua expertise e capacidade de ensinar pr\u00e1ticas e conceitos inovadores, oferecendo uma experi\u00eancia educacional que alia conhecimento te\u00f3rico \u00e0 pr\u00e1tica cl\u00ednica de alto padr\u00e3o.<\/p>\n\n<\/div><\/details><\/div><\/div>\n<\/div>\n\n\n\n<div class=\"wp-block-media-text has-media-on-the-right is-stacked-on-mobile\"><div class=\"wp-block-media-text__content\">\n<p><\/p>\n\n\n\n<h2 class=\"wp-block-heading has-large-font-size\">OBJETIVOS DO CURSO<\/h2>\n\n\n\n<ul>\n<li>Dom\u00ednio pleno das pr\u00e1ticas avan\u00e7adas em pacientes cr\u00edticos. Desenvolver compet\u00eancias para aplicar t\u00e9cnicas modernas de ventila\u00e7\u00e3o mec\u00e2nica, mobiliza\u00e7\u00e3o precoce, manejo hemodin\u00e2mico e interven\u00e7\u00f5es de alta complexidade, garantindo decis\u00f5es r\u00e1pidas, seguras e eficazes.<\/li>\n\n\n\n<li>Atua\u00e7\u00e3o estrat\u00e9gica em UTIs e unidades de alta complexidade. Formar profissionais capazes de interpretar rapidamente quadros cl\u00ednicos cr\u00edticos, intervindo de forma precisa e protagonizando condutas fisioterap\u00eauticas em terapia intensiva, emerg\u00eancia e ambientes de risco elevado.<\/li>\n\n\n\n<li>Atua\u00e7\u00e3o vers\u00e1til em diferentes perfis cl\u00ednicos. Capacitar o fisioterapeuta para cuidar de pacientes adultos, idosos, pedi\u00e1tricos e neonatais no contexto hospitalar, ampliando seu campo de atua\u00e7\u00e3o e tornando-o indispens\u00e1vel \u00e0 equipe multiprofissional.<\/li>\n\n\n\n<li>Fortalecimento de lideran\u00e7a e comunica\u00e7\u00e3o cl\u00ednica. Aprimorar compet\u00eancias de lideran\u00e7a, tomada de decis\u00e3o e di\u00e1logo interdisciplinar, assegurando participa\u00e7\u00e3o ativa em discuss\u00f5es cl\u00ednicas e integra\u00e7\u00e3o eficiente junto \u00e0s equipes de sa\u00fade.<\/li>\n\n\n\n<li>Impulso \u00e0 empregabilidade e crescimento profissional. Preparar o profissional para ocupar vagas altamente disputadas no mercado hospitalar brasileiro, elevando sua autoridade t\u00e9cnica, seu valor competitivo e suas oportunidades de carreira.<\/li>\n<\/ul>\n<\/div><figure class=\"wp-block-media-text__media\"><img loading=\"lazy\" decoding=\"async\" width=\"1024\" height=\"979\" src=\"https:\/\/educacaomedica.fint.edu.br\/wp-content\/uploads\/2025\/03\/Group-235-1024x979.png\" alt=\"\" class=\"wp-image-612 size-full\" srcset=\"https:\/\/educacaomedica.fint.edu.br\/wp-content\/uploads\/2025\/03\/Group-235-1024x979.png 1024w, https:\/\/educacaomedica.fint.edu.br\/wp-content\/uploads\/2025\/03\/Group-235-300x287.png 300w, https:\/\/educacaomedica.fint.edu.br\/wp-content\/uploads\/2025\/03\/Group-235-768x734.png 768w, https:\/\/educacaomedica.fint.edu.br\/wp-content\/uploads\/2025\/03\/Group-235-1536x1468.png 1536w, https:\/\/educacaomedica.fint.edu.br\/wp-content\/uploads\/2025\/03\/Group-235.png 1610w\" sizes=\"(max-width: 1024px) 100vw, 1024px\" \/><\/figure><\/div>\n\n\n\n<hr class=\"wp-block-separator has-alpha-channel-opacity\"\/>\n\n\n\n<div class=\"wp-block-columns is-layout-flex wp-container-core-columns-layout-3 wp-block-columns-is-layout-flex\">\n<div class=\"wp-block-column is-vertically-aligned-center is-layout-flow wp-block-column-is-layout-flow\">\n<h2 class=\"wp-block-heading has-text-align-center\">Matricule-se<\/h2>\n\n\n\n<p class=\"has-black-color has-text-color has-link-color wp-elements-cf62715786b61789c1822be4d2a6f4f7\">Invista na sua carreira com uma forma\u00e7\u00e3o que une conhecimento especializado. Garanta sua vaga e prepare-se para proporcionar melhor qualidade de vida para os pacientes e seus familiares.<\/p>\n\n\n\n<div class=\"wp-block-buttons is-content-justification-center is-layout-flex wp-container-core-buttons-layout-2 wp-block-buttons-is-layout-flex\">\n<div class=\"wp-block-button\"><a class=\"wp-block-button__link has-background has-text-align-center wp-element-button\" href=\"https:\/\/fint.jacad.com.br\/academico\/e-course\/v3\/link?idCurso=96\" style=\"background-color:#08366c\" target=\"_blank\" rel=\"noreferrer noopener\">Matricule-se<\/a><\/div>\n<\/div>\n<\/div>\n<\/div>\n\n\n\n<figure class=\"wp-block-pullquote\"><blockquote><p>A realiza\u00e7\u00e3o deste curso est\u00e1 sujeita \u00e0 forma\u00e7\u00e3o de turma com um n\u00famero<br>m\u00ednimo de participantes.<\/p><\/blockquote><\/figure>\n\n\n\n<div class=\"wp-block-columns is-layout-flex wp-container-core-columns-layout-4 wp-block-columns-is-layout-flex\">\n<div class=\"wp-block-column is-layout-flow wp-block-column-is-layout-flow\">\n<figure class=\"wp-block-embed is-type-video is-provider-youtube wp-block-embed-youtube wp-embed-aspect-16-9 wp-has-aspect-ratio\"><div class=\"wp-block-embed__wrapper\">\n<iframe loading=\"lazy\" title=\"FINT de Perto: Conhe\u00e7a Toda a Estrutura que Faz a Diferen\u00e7a\" width=\"500\" height=\"281\" src=\"https:\/\/www.youtube.com\/embed\/7lBKCwlRirA?feature=oembed\" frameborder=\"0\" allow=\"accelerometer; autoplay; clipboard-write; encrypted-media; gyroscope; picture-in-picture; web-share\" referrerpolicy=\"strict-origin-when-cross-origin\" allowfullscreen><\/iframe>\n<\/div><\/figure>\n<\/div>\n\n\n\n<div class=\"wp-block-column is-layout-flow wp-block-column-is-layout-flow\">\n<h2 class=\"wp-block-heading\">A FINT de Perto: Conhe\u00e7a Toda a Estrutura que Faz a Diferen\u00e7a<\/h2>\n\n\n\n<p class=\"has-black-color has-text-color has-link-color wp-elements-8c3ea1ba063ba3ab072c00727a370a2b\"><strong>Aqui, cada detalhe foi pensado para voc\u00ea evoluir.<\/strong><br>Neste v\u00eddeo, voc\u00ea vai conhecer de perto a estrutura da FINT: espa\u00e7os modernos, tecnologia de ponta e ambientes que inspiram aprendizado. Aperte o play e sinta como \u00e9 estudar em um lugar feito para transformar sua trajet\u00f3ria.<\/p>\n<\/div>\n<\/div>\n","protected":false},"excerpt":{"rendered":"<p>P\u00d3S-GRADUA\u00c7\u00c3O FISIOTERAPIA HOSPITALAR A P\u00f3s-gradua\u00e7\u00e3o em Fisioterapia Hospitalar da FINT tem como prop\u00f3sito formar profissionais capazes de assumir o protagonismo absoluto no ambiente hospitalar. O curso prepara o fisioterapeuta para atuar com excel\u00eancia em setores cr\u00edticos, dominar tecnologias avan\u00e7adas, tomar decis\u00f5es cl\u00ednicas de alto impacto e suprir a crescente escassez de especialistas no pa\u00eds. O [&hellip;]<\/p>\n","protected":false},"author":1,"featured_media":0,"parent":163,"menu_order":0,"comment_status":"closed","ping_status":"closed","template":"template-fullwidth.php","meta":{"om_disable_all_campaigns":false,"_monsterinsights_skip_tracking":false,"_monsterinsights_sitenote_active":false,"_monsterinsights_sitenote_note":"","_monsterinsights_sitenote_category":0,"_uf_show_specific_survey":0,"_uf_disable_surveys":false,"footnotes":""},"aioseo_notices":[],"_links":{"self":[{"href":"https:\/\/educacaomedica.fint.edu.br\/index.php\/wp-json\/wp\/v2\/pages\/932"}],"collection":[{"href":"https:\/\/educacaomedica.fint.edu.br\/index.php\/wp-json\/wp\/v2\/pages"}],"about":[{"href":"https:\/\/educacaomedica.fint.edu.br\/index.php\/wp-json\/wp\/v2\/types\/page"}],"author":[{"embeddable":true,"href":"https:\/\/educacaomedica.fint.edu.br\/index.php\/wp-json\/wp\/v2\/users\/1"}],"replies":[{"embeddable":true,"href":"https:\/\/educacaomedica.fint.edu.br\/index.php\/wp-json\/wp\/v2\/comments?post=932"}],"version-history":[{"count":2,"href":"https:\/\/educacaomedica.fint.edu.br\/index.php\/wp-json\/wp\/v2\/pages\/932\/revisions"}],"predecessor-version":[{"id":1058,"href":"https:\/\/educacaomedica.fint.edu.br\/index.php\/wp-json\/wp\/v2\/pages\/932\/revisions\/1058"}],"up":[{"embeddable":true,"href":"https:\/\/educacaomedica.fint.edu.br\/index.php\/wp-json\/wp\/v2\/pages\/163"}],"wp:attachment":[{"href":"https:\/\/educacaomedica.fint.edu.br\/index.php\/wp-json\/wp\/v2\/media?parent=932"}],"curies":[{"name":"wp","href":"https:\/\/api.w.org\/{rel}","templated":true}]}}