{"id":945,"date":"2025-12-23T07:43:21","date_gmt":"2025-12-23T10:43:21","guid":{"rendered":"https:\/\/educacaomedica.fint.edu.br\/?page_id=945"},"modified":"2026-02-23T15:41:51","modified_gmt":"2026-02-23T18:41:51","slug":"endoscopia-e-colonoscopia","status":"publish","type":"page","link":"https:\/\/educacaomedica.fint.edu.br\/index.php\/pos-graduacao\/endoscopia-e-colonoscopia\/","title":{"rendered":"ENDOSCOPIA E COLONOSCOPIA"},"content":{"rendered":"\n<div class=\"wp-block-columns is-layout-flex wp-container-core-columns-layout-1 wp-block-columns-is-layout-flex\">\n<div class=\"wp-block-column is-layout-flow wp-block-column-is-layout-flow\">\n<p><\/p>\n<\/div>\n\n\n\n<div class=\"wp-block-column is-layout-flow wp-block-column-is-layout-flow\">\n<h2 class=\"wp-block-heading has-text-color has-link-color has-x-large-font-size wp-elements-807f3a5fd5427aa64321ad96c1c44092\" style=\"color:#5059a1\">P\u00d3S-GRADUA\u00c7\u00c3O FELLOWSHIP<br>ENDOSCOPIA E COLONOSCOPIA<\/h2>\n\n\n\n<p>Formar m\u00e9dicos altamente especializados em Endoscopia Digestiva Alta e Colonoscopia, preparados para atuar com excel\u00eancia t\u00e9cnica, seguran\u00e7a cl\u00ednica e autonomia progressiva em procedimentos diagn\u00f3sticos e terap\u00eauticos de baixa, m\u00e9dia e alta complexidade. <br>Ao longo de 5.760 horas de forma\u00e7\u00e3o intensiva, o m\u00e9dico desenvolve dom\u00ednio pr\u00e1tico e consistente das t\u00e9cnicas endosc\u00f3picas, aprimora a capacidade de tomar decis\u00f5es cl\u00ednicas sob press\u00e3o, atinge indicadores objetivos de qualidade e constr\u00f3i a confian\u00e7a necess\u00e1ria para atuar em servi\u00e7os exigentes, centros de refer\u00eancia e cen\u00e1rios de alta responsabilidade assistencial.<br>O curso de P\u00f3s-gradua\u00e7\u00e3o Fellowship em Endoscopia e Colonoscopia n\u00e3o entrega apenas conhecimento. Entrega experi\u00eancia real, performance cl\u00ednica e posicionamento profissional.<\/p>\n\n\n<div class=\"lightweight-accordion has-text-color has-background\"><details><summary class=\"lightweight-accordion-title\" style=\"color:#ffffff;background:#08366c;\"><span>Valor do Curso<\/span><\/summary><div class=\"lightweight-accordion-body\" style=\"border-color:#08366c;\">\n\n<p class=\"has-text-align-center has-black-color has-text-color has-link-color wp-elements-fa59e59e96cb519b4c6b1ceb5619ceba\">Valor da Inscri\u00e7\u00e3o: Gratuita <\/p>\n\n\n\n<hr class=\"wp-block-separator has-alpha-channel-opacity\"\/>\n\n\n\n<p class=\"has-text-align-center has-black-color has-text-color has-link-color wp-elements-51c7b46b5638c10d1d1d4c7a9e1b543a\"><strong>Investimento compat\u00edvel com forma\u00e7\u00f5es m\u00e9dica avan\u00e7adas fellowships reconhecidas no Brasil.<\/strong><\/p>\n\n\n\n<p class=\"has-text-align-center has-black-color has-text-color has-link-color has-small-font-size wp-elements-26c457b0a23e5a9c8c50f93d615ad7e9\">Fale com um consultor e garanta condi\u00e7\u00f5es especiais<\/p>\n\n<\/div><\/details><\/div>\n\n\n<div class=\"wp-block-buttons is-layout-flex wp-block-buttons-is-layout-flex\">\n<div class=\"wp-block-button has-custom-width wp-block-button__width-50\"><a class=\"wp-block-button__link has-background wp-element-button\" href=\"https:\/\/fint.edu.br\/processo-seletivo-fellowship\/\" style=\"background-color:#08366c\" target=\"_blank\" rel=\"noreferrer noopener\">Inscreva-se<\/a><\/div>\n\n\n\n<div class=\"wp-block-button has-custom-width wp-block-button__width-50\"><a class=\"wp-block-button__link has-background wp-element-button\" href=\"https:\/\/wa.me\/5519971386715?text=Ol%C3%A1%21%20Vi%20os%20cursos%20de%20P%C3%B3s-gradua%C3%A7%C3%A3o%20Fellowship%20em%20Endoscopia%20e%20Colonoscopia%20no%20site%20e%20gostaria%20de%20mais%20informa%C3%A7%C3%B5es%2C%20por%20favor.\" style=\"background-color:#08366c\" target=\"_blank\" rel=\"noreferrer noopener\">Fale com um consultor<\/a><\/div>\n<\/div>\n<\/div>\n<\/div>\n\n\n\n<div class=\"wp-block-columns is-layout-flex wp-container-core-columns-layout-2 wp-block-columns-is-layout-flex\">\n<div class=\"wp-block-column is-layout-flow wp-block-column-is-layout-flow\"><div class=\"lightweight-accordion has-text-color has-background\"><details><summary class=\"lightweight-accordion-title\" style=\"color:#ffffff;background:#08366c;\"><span>Metodologia<\/span><\/summary><div class=\"lightweight-accordion-body\" style=\"border-color:#08366c;\">\n\n<p class=\"has-black-color has-text-color has-link-color wp-elements-b072e792c30382610970d1b3b83300ba\">A p\u00f3s-gradua\u00e7\u00e3o conta com forma\u00e7\u00e3o te\u00f3rico-pr\u00e1tica e carga hor\u00e1ria de 5.760 horas.<\/p>\n\n<\/div><\/details><\/div><\/div>\n\n\n\n<div class=\"wp-block-column is-layout-flow wp-block-column-is-layout-flow\"><div class=\"lightweight-accordion has-text-color has-background\"><details><summary class=\"lightweight-accordion-title\" style=\"color:#ffffff;background:#08366c;\"><span>P\u00fablico-alvo<\/span><\/summary><div class=\"lightweight-accordion-body\" style=\"border-color:#08366c;\">\n\n<p class=\"has-black-color has-text-color has-link-color wp-elements-09d18169a37b28093afe625192874d58\">Este curso \u00e9 destinado a M\u00e9dicos graduados com resid\u00eancia m\u00e9dica credenciada em Cl\u00ednica M\u00e9dica, Cirurgia Geral ou Gastroenterologia.<\/p>\n\n<\/div><\/details><\/div><\/div>\n\n\n\n<div class=\"wp-block-column is-layout-flow wp-block-column-is-layout-flow\"><div class=\"lightweight-accordion has-text-color has-background\"><details><summary class=\"lightweight-accordion-title\" style=\"color:#ffffff;background:#08366c;\"><span>Corpo Docente<\/span><\/summary><div class=\"lightweight-accordion-body\" style=\"border-color:#08366c;\">\n\n<p class=\"has-black-color has-text-color has-link-color wp-elements-614ed266a00743e9a7d07fd6bde5e97c\">Cada professor \u00e9 escolhido pela sua expertise e capacidade de ensinar pr\u00e1ticas e conceitos inovadores, oferecendo uma experi\u00eancia educacional que alia conhecimento te\u00f3rico \u00e0 pr\u00e1tica cl\u00ednica de alto padr\u00e3o.<\/p>\n\n<\/div><\/details><\/div><\/div>\n<\/div>\n\n\n\n<div class=\"wp-block-media-text has-media-on-the-right is-stacked-on-mobile\"><div class=\"wp-block-media-text__content\">\n<p><\/p>\n\n\n\n<h2 class=\"wp-block-heading has-large-font-size\">OBJETIVOS DO CURSO<\/h2>\n\n\n\n<p>Capacitar o m\u00e9dico a dominar, com precis\u00e3o e autonomia progressiva, as t\u00e9cnicas diagn\u00f3sticas e terap\u00eauticas da Endoscopia Digestiva Alta e da Colonoscopia, incluindo procedimentos avan\u00e7ados como polipectomias, hemostasias, mucosectomias e manejo de les\u00f5es complexas, conforme crit\u00e9rios de excel\u00eancia estabelecidos pela SOBED e AMB.<\/p>\n\n\n\n<p>Desenvolver habilidade t\u00e9cnica refinada no manuseio de equipamentos endosc\u00f3picos, com foco em ergonomia, biosseguran\u00e7a, qualidade assistencial e preven\u00e7\u00e3o de complica\u00e7\u00f5es, formando um profissional preparado para ambientes de alta demanda e responsabilidade cl\u00ednica.<\/p>\n\n\n\n<p>Treinar o m\u00e9dico para alcan\u00e7ar indicadores superiores de qualidade em colonoscopia, como alta taxa de intuba\u00e7\u00e3o do ceco, adequada taxa de detec\u00e7\u00e3o de p\u00f3lipos (TDP\/ADR) e execu\u00e7\u00e3o segura de terapias endosc\u00f3picas, consolidando uma pr\u00e1tica baseada em m\u00e9tricas reais de excel\u00eancia<\/p>\n\n\n\n<p>Preparar o profissional para o manejo completo do paciente endosc\u00f3pico, abrangendo avalia\u00e7\u00e3o pr\u00e9-procedimento, seda\u00e7\u00e3o consciente, condu\u00e7\u00e3o intraoperat\u00f3ria e tratamento eficaz de intercorr\u00eancias e emerg\u00eancias, garantindo seguran\u00e7a, confian\u00e7a e tomada de decis\u00e3o cl\u00ednica avan\u00e7ada.<\/p>\n\n\n\n<p>Estimular a forma\u00e7\u00e3o cient\u00edfica e o pensamento cr\u00edtico, capacitando o m\u00e9dico a participar de pesquisas, auditorias de qualidade e produ\u00e7\u00e3o cient\u00edfica em Endoscopia Digestiva, fortalecendo sua autoridade t\u00e9cnica, acad\u00eamica e institucional no cen\u00e1rio m\u00e9dico especializado.<\/p>\n\n\n\n<ul>\n<li><\/li>\n<\/ul>\n<\/div><figure class=\"wp-block-media-text__media\"><img loading=\"lazy\" decoding=\"async\" width=\"1024\" height=\"979\" src=\"https:\/\/educacaomedica.fint.edu.br\/wp-content\/uploads\/2025\/12\/Endoscopia-2.png\" alt=\"\" class=\"wp-image-946 size-full\" srcset=\"https:\/\/educacaomedica.fint.edu.br\/wp-content\/uploads\/2025\/12\/Endoscopia-2.png 1024w, https:\/\/educacaomedica.fint.edu.br\/wp-content\/uploads\/2025\/12\/Endoscopia-2-300x287.png 300w, https:\/\/educacaomedica.fint.edu.br\/wp-content\/uploads\/2025\/12\/Endoscopia-2-768x734.png 768w\" sizes=\"(max-width: 1024px) 100vw, 1024px\" \/><\/figure><\/div>\n\n\n\n<hr class=\"wp-block-separator has-alpha-channel-opacity\"\/>\n\n\n\n<div class=\"wp-block-columns is-layout-flex wp-container-core-columns-layout-3 wp-block-columns-is-layout-flex\">\n<div class=\"wp-block-column is-vertically-aligned-center is-layout-flow wp-block-column-is-layout-flow\">\n<h2 class=\"wp-block-heading has-text-align-center\">Inscreva-se<\/h2>\n\n\n\n<p class=\"has-black-color has-text-color has-link-color wp-elements-cf62715786b61789c1822be4d2a6f4f7\">Invista na sua carreira com uma forma\u00e7\u00e3o que une conhecimento especializado. Garanta sua vaga e prepare-se para proporcionar melhor qualidade de vida para os pacientes e seus familiares.<\/p>\n\n\n\n<div class=\"wp-block-buttons is-content-justification-center is-layout-flex wp-container-core-buttons-layout-2 wp-block-buttons-is-layout-flex\">\n<div class=\"wp-block-button\"><a class=\"wp-block-button__link has-background has-text-align-center wp-element-button\" href=\"https:\/\/fint.edu.br\/processo-seletivo-fellowship\/\" style=\"background-color:#08366c\" target=\"_blank\" rel=\"noreferrer noopener\">Inscreva-se<\/a><\/div>\n<\/div>\n<\/div>\n<\/div>\n\n\n\n<figure class=\"wp-block-pullquote\"><blockquote><p>A realiza\u00e7\u00e3o deste curso est\u00e1 sujeita \u00e0 forma\u00e7\u00e3o de turma com um n\u00famero<br>m\u00ednimo de participantes.<\/p><\/blockquote><\/figure>\n\n\n\n<div class=\"wp-block-columns is-layout-flex wp-container-core-columns-layout-4 wp-block-columns-is-layout-flex\">\n<div class=\"wp-block-column is-layout-flow wp-block-column-is-layout-flow\">\n<figure class=\"wp-block-embed is-type-video is-provider-youtube wp-block-embed-youtube wp-embed-aspect-16-9 wp-has-aspect-ratio\"><div class=\"wp-block-embed__wrapper\">\n<iframe loading=\"lazy\" title=\"FINT de Perto: Conhe\u00e7a Toda a Estrutura que Faz a Diferen\u00e7a\" width=\"500\" height=\"281\" src=\"https:\/\/www.youtube.com\/embed\/7lBKCwlRirA?feature=oembed\" frameborder=\"0\" allow=\"accelerometer; autoplay; clipboard-write; encrypted-media; gyroscope; picture-in-picture; web-share\" referrerpolicy=\"strict-origin-when-cross-origin\" allowfullscreen><\/iframe>\n<\/div><\/figure>\n<\/div>\n\n\n\n<div class=\"wp-block-column is-layout-flow wp-block-column-is-layout-flow\">\n<h2 class=\"wp-block-heading\">A FINT de Perto: Conhe\u00e7a Toda a Estrutura que Faz a Diferen\u00e7a<\/h2>\n\n\n\n<p class=\"has-black-color has-text-color has-link-color wp-elements-8c3ea1ba063ba3ab072c00727a370a2b\"><strong>Aqui, cada detalhe foi pensado para voc\u00ea evoluir.<\/strong><br>Neste v\u00eddeo, voc\u00ea vai conhecer de perto a estrutura da FINT: espa\u00e7os modernos, tecnologia de ponta e ambientes que inspiram aprendizado. Aperte o play e sinta como \u00e9 estudar em um lugar feito para transformar sua trajet\u00f3ria.<\/p>\n<\/div>\n<\/div>\n","protected":false},"excerpt":{"rendered":"<p>P\u00d3S-GRADUA\u00c7\u00c3O FELLOWSHIPENDOSCOPIA E COLONOSCOPIA Formar m\u00e9dicos altamente especializados em Endoscopia Digestiva Alta e Colonoscopia, preparados para atuar com excel\u00eancia t\u00e9cnica, seguran\u00e7a cl\u00ednica e autonomia progressiva em procedimentos diagn\u00f3sticos e terap\u00eauticos de baixa, m\u00e9dia e alta complexidade. Ao longo de 5.760 horas de forma\u00e7\u00e3o intensiva, o m\u00e9dico desenvolve dom\u00ednio pr\u00e1tico e consistente das t\u00e9cnicas endosc\u00f3picas, aprimora [&hellip;]<\/p>\n","protected":false},"author":1,"featured_media":0,"parent":163,"menu_order":0,"comment_status":"closed","ping_status":"closed","template":"template-fullwidth.php","meta":{"om_disable_all_campaigns":false,"_monsterinsights_skip_tracking":false,"_monsterinsights_sitenote_active":false,"_monsterinsights_sitenote_note":"","_monsterinsights_sitenote_category":0,"_uf_show_specific_survey":0,"_uf_disable_surveys":false,"footnotes":""},"aioseo_notices":[],"_links":{"self":[{"href":"https:\/\/educacaomedica.fint.edu.br\/index.php\/wp-json\/wp\/v2\/pages\/945"}],"collection":[{"href":"https:\/\/educacaomedica.fint.edu.br\/index.php\/wp-json\/wp\/v2\/pages"}],"about":[{"href":"https:\/\/educacaomedica.fint.edu.br\/index.php\/wp-json\/wp\/v2\/types\/page"}],"author":[{"embeddable":true,"href":"https:\/\/educacaomedica.fint.edu.br\/index.php\/wp-json\/wp\/v2\/users\/1"}],"replies":[{"embeddable":true,"href":"https:\/\/educacaomedica.fint.edu.br\/index.php\/wp-json\/wp\/v2\/comments?post=945"}],"version-history":[{"count":11,"href":"https:\/\/educacaomedica.fint.edu.br\/index.php\/wp-json\/wp\/v2\/pages\/945\/revisions"}],"predecessor-version":[{"id":1074,"href":"https:\/\/educacaomedica.fint.edu.br\/index.php\/wp-json\/wp\/v2\/pages\/945\/revisions\/1074"}],"up":[{"embeddable":true,"href":"https:\/\/educacaomedica.fint.edu.br\/index.php\/wp-json\/wp\/v2\/pages\/163"}],"wp:attachment":[{"href":"https:\/\/educacaomedica.fint.edu.br\/index.php\/wp-json\/wp\/v2\/media?parent=945"}],"curies":[{"name":"wp","href":"https:\/\/api.w.org\/{rel}","templated":true}]}}