{"id":952,"date":"2025-12-23T10:08:00","date_gmt":"2025-12-23T13:08:00","guid":{"rendered":"https:\/\/educacaomedica.fint.edu.br\/?page_id=952"},"modified":"2026-02-10T19:34:07","modified_gmt":"2026-02-10T22:34:07","slug":"traumatologia-ortopedica","status":"publish","type":"page","link":"https:\/\/educacaomedica.fint.edu.br\/index.php\/pos-graduacao\/traumatologia-ortopedica\/","title":{"rendered":"TRAUMATOLOGIA ORTOP\u00c9DICA"},"content":{"rendered":"\n<div class=\"wp-block-columns is-layout-flex wp-container-core-columns-layout-1 wp-block-columns-is-layout-flex\">\n<div class=\"wp-block-column is-layout-flow wp-block-column-is-layout-flow\">\n<p><\/p>\n<\/div>\n\n\n\n<div class=\"wp-block-column is-layout-flow wp-block-column-is-layout-flow\">\n<h2 class=\"wp-block-heading has-text-color has-link-color has-x-large-font-size wp-elements-778b0146e1a429e5039ad444e1dd7d45\" style=\"color:#5059a1\">P\u00d3S-GRADUA\u00c7\u00c3O FELLOWSHIP<br>TRAUMATOLOGIA ORTOP\u00c9DICA<\/h2>\n\n\n\n<p>Formar <strong>ortopedistas altamente especializados em Traumatologia Ortop\u00e9dica<\/strong>, por meio de uma <strong>imers\u00e3o intensiva te\u00f3rico-pr\u00e1tica<\/strong>, capacitando o m\u00e9dico a <strong>avaliar, decidir e intervir com precis\u00e3o<\/strong> nos diferentes cen\u00e1rios do trauma musculoesquel\u00e9tico. O programa desenvolve <strong>dom\u00ednio t\u00e9cnico-cir\u00fargico, racioc\u00ednio cl\u00ednico r\u00e1pido e autonomia progressiva<\/strong>, preparando o egresso para atuar com <strong>seguran\u00e7a e protagonismo<\/strong> no atendimento ao politraumatizado, no tratamento de fraturas simples e complexas, no manejo de complica\u00e7\u00f5es e revis\u00f5es cir\u00fargicas, utilizando <strong>protocolos atualizados, t\u00e9cnicas modernas e pr\u00e1ticas baseadas em evid\u00eancias<\/strong>, compat\u00edveis com <strong>servi\u00e7os de refer\u00eancia<\/strong> e<strong> ambientes mais exigentes da Ortopedia moderna<\/strong>.<\/p>\n\n\n<div class=\"lightweight-accordion has-text-color has-background\"><details><summary class=\"lightweight-accordion-title\" style=\"color:#ffffff;background:#08366c;\"><span>Valor do Curso<\/span><\/summary><div class=\"lightweight-accordion-body\" style=\"border-color:#08366c;\">\n\n<p class=\"has-text-align-center has-black-color has-text-color has-link-color wp-elements-fa59e59e96cb519b4c6b1ceb5619ceba\">Valor da Inscri\u00e7\u00e3o: Gratuita <\/p>\n\n\n\n<hr class=\"wp-block-separator has-alpha-channel-opacity\"\/>\n\n\n\n<p class=\"has-text-align-center has-black-color has-text-color has-link-color wp-elements-2f3aab73b36bcd6d94779aecd42e9dce\"><strong>Investimento compat\u00edvel com forma\u00e7\u00f5es m\u00e9dica avan\u00e7adas e fellowship reconhecidas no Brasil.<\/strong><\/p>\n\n\n\n<p class=\"has-text-align-center has-black-color has-text-color has-link-color has-small-font-size wp-elements-26c457b0a23e5a9c8c50f93d615ad7e9\">Fale com um consultor e garanta condi\u00e7\u00f5es especiais<\/p>\n\n<\/div><\/details><\/div>\n\n\n<div class=\"wp-block-buttons is-layout-flex wp-block-buttons-is-layout-flex\">\n<div class=\"wp-block-button has-custom-width wp-block-button__width-50\"><a class=\"wp-block-button__link has-background wp-element-button\" href=\"https:\/\/fint.jacad.com.br\/academico\/e-course\/v3\/link?idCurso=103\" style=\"background-color:#08366c\" target=\"_blank\" rel=\"noreferrer noopener\">Matricule-se<\/a><\/div>\n\n\n\n<div class=\"wp-block-button has-custom-width wp-block-button__width-50\"><a class=\"wp-block-button__link has-background wp-element-button\" href=\"https:\/\/api.whatsapp.com\/send\/?phone=5519971386715\" style=\"background-color:#08366c\" target=\"_blank\" rel=\"noreferrer noopener\">Fale com um consultor<\/a><\/div>\n<\/div>\n<\/div>\n<\/div>\n\n\n\n<div class=\"wp-block-columns is-layout-flex wp-container-core-columns-layout-2 wp-block-columns-is-layout-flex\">\n<div class=\"wp-block-column is-layout-flow wp-block-column-is-layout-flow\"><div class=\"lightweight-accordion has-text-color has-background\"><details><summary class=\"lightweight-accordion-title\" style=\"color:#ffffff;background:#08366c;\"><span>Metodologia<\/span><\/summary><div class=\"lightweight-accordion-body\" style=\"border-color:#08366c;\">\n\n<p class=\"has-black-color has-text-color has-link-color wp-elements-2ab0e4f123255dc5262346ff99a4e744\">A p\u00f3s-gradua\u00e7\u00e3o \u00e9 oferecida no formato semipresencial, com carga hor\u00e1ria de 2880 horas.<\/p>\n\n<\/div><\/details><\/div><\/div>\n\n\n\n<div class=\"wp-block-column is-layout-flow wp-block-column-is-layout-flow\"><div class=\"lightweight-accordion has-text-color has-background\"><details><summary class=\"lightweight-accordion-title\" style=\"color:#ffffff;background:#08366c;\"><span>P\u00fablico-alvo<\/span><\/summary><div class=\"lightweight-accordion-body\" style=\"border-color:#08366c;\">\n\n<p class=\"has-black-color has-text-color has-link-color wp-elements-0fe0fa7b13b3d2df0e5ea843ade154ce\">Este curso \u00e9 destinado a M\u00e9dicos Ortopedistas.<\/p>\n\n<\/div><\/details><\/div><\/div>\n\n\n\n<div class=\"wp-block-column is-layout-flow wp-block-column-is-layout-flow\"><div class=\"lightweight-accordion has-text-color has-background\"><details><summary class=\"lightweight-accordion-title\" style=\"color:#ffffff;background:#08366c;\"><span>Corpo Docente<\/span><\/summary><div class=\"lightweight-accordion-body\" style=\"border-color:#08366c;\">\n\n<p class=\"has-black-color has-text-color has-link-color wp-elements-614ed266a00743e9a7d07fd6bde5e97c\">Cada professor \u00e9 escolhido pela sua expertise e capacidade de ensinar pr\u00e1ticas e conceitos inovadores, oferecendo uma experi\u00eancia educacional que alia conhecimento te\u00f3rico \u00e0 pr\u00e1tica cl\u00ednica de alto padr\u00e3o.<\/p>\n\n<\/div><\/details><\/div><\/div>\n<\/div>\n\n\n\n<div class=\"wp-block-media-text has-media-on-the-right is-stacked-on-mobile\"><div class=\"wp-block-media-text__content\">\n<p><\/p>\n\n\n\n<h2 class=\"wp-block-heading has-large-font-size\">OBJETIVOS DO CURSO<\/h2>\n\n\n\n<p>Capacitar o m\u00e9dico para o atendimento completo do politraumatizado, dominando protocolos consagrados como ATLS, AO Trauma e cirurgia de controle de danos, com racioc\u00ednio r\u00e1pido, conduta segura e impacto direto na redu\u00e7\u00e3o de complica\u00e7\u00f5es e mortalidade.<\/p>\n\n\n\n<p>Desenvolver excel\u00eancia t\u00e9cnica no diagn\u00f3stico e tratamento das fraturas simples e complexas, incluindo fraturas expostas, les\u00f5es associadas e trauma do idoso, formando um profissional resolutivo, confiante e altamente empreg\u00e1vel.<\/p>\n\n\n\n<p>Dominar t\u00e9cnicas cir\u00fargicas ortop\u00e9dicas traum\u00e1ticas modernas, com treinamento intensivo em placas, parafusos, hastes intramedulares, fixadores externos e planejamento cir\u00fargico avan\u00e7ado, elevando o padr\u00e3o t\u00e9cnico do egresso ao n\u00edvel dos grandes centros.<\/p>\n\n\n\n<p>Aprimorar a capacidade de planejamento cir\u00fargico e manejo de complica\u00e7\u00f5es, preparando o m\u00e9dico para enfrentar pseudoartroses, infec\u00e7\u00f5es, falhas de implantes e revis\u00f5es cir\u00fargicas, com pensamento estrat\u00e9gico e decis\u00f5es baseadas em evid\u00eancia.<\/p>\n\n\n\n<p>Posicionar o egresso como profissional diferenciado no mercado, apto a atuar em prontos-socorros, centros cir\u00fargicos e servi\u00e7os de trauma de m\u00e9dia e alta complexidade, com forma\u00e7\u00e3o robusta para provas de t\u00edtulo, concursos m\u00e9dicos e progress\u00e3o acelerada de carreira.<\/p>\n<\/div><figure class=\"wp-block-media-text__media\"><img loading=\"lazy\" decoding=\"async\" width=\"1024\" height=\"979\" src=\"https:\/\/educacaomedica.fint.edu.br\/wp-content\/uploads\/2025\/12\/Traumatologia.png\" alt=\"\" class=\"wp-image-953 size-full\" srcset=\"https:\/\/educacaomedica.fint.edu.br\/wp-content\/uploads\/2025\/12\/Traumatologia.png 1024w, https:\/\/educacaomedica.fint.edu.br\/wp-content\/uploads\/2025\/12\/Traumatologia-300x287.png 300w, https:\/\/educacaomedica.fint.edu.br\/wp-content\/uploads\/2025\/12\/Traumatologia-768x734.png 768w\" sizes=\"(max-width: 1024px) 100vw, 1024px\" \/><\/figure><\/div>\n\n\n\n<hr class=\"wp-block-separator has-alpha-channel-opacity\"\/>\n\n\n\n<div class=\"wp-block-columns is-layout-flex wp-container-core-columns-layout-3 wp-block-columns-is-layout-flex\">\n<div class=\"wp-block-column is-vertically-aligned-center is-layout-flow wp-block-column-is-layout-flow\">\n<h2 class=\"wp-block-heading has-text-align-center\">Matricule-se<\/h2>\n\n\n\n<p class=\"has-black-color has-text-color has-link-color wp-elements-cf62715786b61789c1822be4d2a6f4f7\">Invista na sua carreira com uma forma\u00e7\u00e3o que une conhecimento especializado. Garanta sua vaga e prepare-se para proporcionar melhor qualidade de vida para os pacientes e seus familiares.<\/p>\n\n\n\n<div class=\"wp-block-buttons is-content-justification-center is-layout-flex wp-container-core-buttons-layout-2 wp-block-buttons-is-layout-flex\">\n<div class=\"wp-block-button\"><a class=\"wp-block-button__link has-background has-text-align-center wp-element-button\" href=\"https:\/\/fint.jacad.com.br\/academico\/e-course\/v3\/link?idCurso=103\" style=\"background-color:#08366c\" target=\"_blank\" rel=\"noreferrer noopener\">Matricule-se<\/a><\/div>\n<\/div>\n<\/div>\n<\/div>\n\n\n\n<figure class=\"wp-block-pullquote\"><blockquote><p>A realiza\u00e7\u00e3o deste curso est\u00e1 sujeita \u00e0 forma\u00e7\u00e3o de turma com um n\u00famero<br>m\u00ednimo de participantes.<\/p><\/blockquote><\/figure>\n\n\n\n<div class=\"wp-block-columns is-layout-flex wp-container-core-columns-layout-4 wp-block-columns-is-layout-flex\">\n<div class=\"wp-block-column is-layout-flow wp-block-column-is-layout-flow\">\n<figure class=\"wp-block-embed is-type-video is-provider-youtube wp-block-embed-youtube wp-embed-aspect-16-9 wp-has-aspect-ratio\"><div class=\"wp-block-embed__wrapper\">\n<iframe loading=\"lazy\" title=\"FINT de Perto: Conhe\u00e7a Toda a Estrutura que Faz a Diferen\u00e7a\" width=\"500\" height=\"281\" src=\"https:\/\/www.youtube.com\/embed\/7lBKCwlRirA?feature=oembed\" frameborder=\"0\" allow=\"accelerometer; autoplay; clipboard-write; encrypted-media; gyroscope; picture-in-picture; web-share\" referrerpolicy=\"strict-origin-when-cross-origin\" allowfullscreen><\/iframe>\n<\/div><\/figure>\n<\/div>\n\n\n\n<div class=\"wp-block-column is-layout-flow wp-block-column-is-layout-flow\">\n<h2 class=\"wp-block-heading\">A FINT de Perto: Conhe\u00e7a Toda a Estrutura que Faz a Diferen\u00e7a<\/h2>\n\n\n\n<p class=\"has-black-color has-text-color has-link-color wp-elements-8c3ea1ba063ba3ab072c00727a370a2b\"><strong>Aqui, cada detalhe foi pensado para voc\u00ea evoluir.<\/strong><br>Neste v\u00eddeo, voc\u00ea vai conhecer de perto a estrutura da FINT: espa\u00e7os modernos, tecnologia de ponta e ambientes que inspiram aprendizado. Aperte o play e sinta como \u00e9 estudar em um lugar feito para transformar sua trajet\u00f3ria.<\/p>\n<\/div>\n<\/div>\n","protected":false},"excerpt":{"rendered":"<p>P\u00d3S-GRADUA\u00c7\u00c3O FELLOWSHIPTRAUMATOLOGIA ORTOP\u00c9DICA Formar ortopedistas altamente especializados em Traumatologia Ortop\u00e9dica, por meio de uma imers\u00e3o intensiva te\u00f3rico-pr\u00e1tica, capacitando o m\u00e9dico a avaliar, decidir e intervir com precis\u00e3o nos diferentes cen\u00e1rios do trauma musculoesquel\u00e9tico. O programa desenvolve dom\u00ednio t\u00e9cnico-cir\u00fargico, racioc\u00ednio cl\u00ednico r\u00e1pido e autonomia progressiva, preparando o egresso para atuar com seguran\u00e7a e protagonismo no atendimento [&hellip;]<\/p>\n","protected":false},"author":1,"featured_media":0,"parent":163,"menu_order":0,"comment_status":"closed","ping_status":"closed","template":"template-fullwidth.php","meta":{"om_disable_all_campaigns":false,"_monsterinsights_skip_tracking":false,"_monsterinsights_sitenote_active":false,"_monsterinsights_sitenote_note":"","_monsterinsights_sitenote_category":0,"_uf_show_specific_survey":0,"_uf_disable_surveys":false,"footnotes":""},"aioseo_notices":[],"_links":{"self":[{"href":"https:\/\/educacaomedica.fint.edu.br\/index.php\/wp-json\/wp\/v2\/pages\/952"}],"collection":[{"href":"https:\/\/educacaomedica.fint.edu.br\/index.php\/wp-json\/wp\/v2\/pages"}],"about":[{"href":"https:\/\/educacaomedica.fint.edu.br\/index.php\/wp-json\/wp\/v2\/types\/page"}],"author":[{"embeddable":true,"href":"https:\/\/educacaomedica.fint.edu.br\/index.php\/wp-json\/wp\/v2\/users\/1"}],"replies":[{"embeddable":true,"href":"https:\/\/educacaomedica.fint.edu.br\/index.php\/wp-json\/wp\/v2\/comments?post=952"}],"version-history":[{"count":3,"href":"https:\/\/educacaomedica.fint.edu.br\/index.php\/wp-json\/wp\/v2\/pages\/952\/revisions"}],"predecessor-version":[{"id":1066,"href":"https:\/\/educacaomedica.fint.edu.br\/index.php\/wp-json\/wp\/v2\/pages\/952\/revisions\/1066"}],"up":[{"embeddable":true,"href":"https:\/\/educacaomedica.fint.edu.br\/index.php\/wp-json\/wp\/v2\/pages\/163"}],"wp:attachment":[{"href":"https:\/\/educacaomedica.fint.edu.br\/index.php\/wp-json\/wp\/v2\/media?parent=952"}],"curies":[{"name":"wp","href":"https:\/\/api.w.org\/{rel}","templated":true}]}}