{"id":955,"date":"2025-12-23T11:10:43","date_gmt":"2025-12-23T14:10:43","guid":{"rendered":"https:\/\/educacaomedica.fint.edu.br\/?page_id=955"},"modified":"2026-02-10T19:32:41","modified_gmt":"2026-02-10T22:32:41","slug":"obstetricia","status":"publish","type":"page","link":"https:\/\/educacaomedica.fint.edu.br\/index.php\/pos-graduacao\/obstetricia\/","title":{"rendered":"OBSTETRICIA DE ALTO RISCO"},"content":{"rendered":"\n<div class=\"wp-block-columns is-layout-flex wp-container-core-columns-layout-1 wp-block-columns-is-layout-flex\">\n<div class=\"wp-block-column is-layout-flow wp-block-column-is-layout-flow\">\n<figure class=\"wp-block-image size-large\"><img loading=\"lazy\" decoding=\"async\" width=\"1024\" height=\"621\" src=\"https:\/\/educacaomedica.fint.edu.br\/wp-content\/uploads\/2025\/12\/Gestacao-1-1024x621.png\" alt=\"\" class=\"wp-image-965\" srcset=\"https:\/\/educacaomedica.fint.edu.br\/wp-content\/uploads\/2025\/12\/Gestacao-1-1024x621.png 1024w, https:\/\/educacaomedica.fint.edu.br\/wp-content\/uploads\/2025\/12\/Gestacao-1-300x182.png 300w, https:\/\/educacaomedica.fint.edu.br\/wp-content\/uploads\/2025\/12\/Gestacao-1-768x466.png 768w, https:\/\/educacaomedica.fint.edu.br\/wp-content\/uploads\/2025\/12\/Gestacao-1.png 1161w\" sizes=\"(max-width: 1024px) 100vw, 1024px\" \/><\/figure>\n<\/div>\n\n\n\n<div class=\"wp-block-column is-layout-flow wp-block-column-is-layout-flow\">\n<h2 class=\"wp-block-heading has-text-color has-link-color has-x-large-font-size wp-elements-b9bb1519f3bc4d89aaf55425a8dc9ebe\" style=\"color:#5059a1\">P\u00d3S-GRADUA\u00c7\u00c3O OBSTETR\u00cdCIA DE ALTO RISCO<\/h2>\n\n\n\n<p>A P\u00f3s-Gradua\u00e7\u00e3o em Obstetr\u00edcia de Alto Risco tem como finalidade capacitar m\u00e9dicos para atuar de forma segura, \u00e9tica e baseada em evid\u00eancias na assist\u00eancia ao pr\u00e9-natal, parto e puerp\u00e9rio de gestantes com condi\u00e7\u00f5es cl\u00ednicas, obst\u00e9tricas e\/ou sociais associadas a maior risco materno-fetal. O curso integra conhecimentos atuais de obstetr\u00edcia, cl\u00ednica aplicada \u00e0 gesta\u00e7\u00e3o, medicina fetal, urg\u00eancias e emerg\u00eancias, vigil\u00e2ncia e protocolos assistenciais, com foco em tomada de decis\u00e3o e seguran\u00e7a do paciente.<br>A forma\u00e7\u00e3o prop\u00f5e abordagem pr\u00e1tica e contextualizada para atua\u00e7\u00e3o em ambulat\u00f3rios, maternidades, hospitais e servi\u00e7os de refer\u00eancia, valorizando o trabalho em equipe multiprofissional, a comunica\u00e7\u00e3o efetiva e o cuidado centrado na gestante e no rec\u00e9m-nascido.<\/p>\n\n\n<div class=\"lightweight-accordion has-text-color has-background\"><details><summary class=\"lightweight-accordion-title\" style=\"color:#ffffff;background:#08366c;\"><span>Valor do Curso<\/span><\/summary><div class=\"lightweight-accordion-body\" style=\"border-color:#08366c;\">\n\n<p class=\"has-text-align-center has-black-color has-text-color has-link-color wp-elements-fa59e59e96cb519b4c6b1ceb5619ceba\">Valor da Inscri\u00e7\u00e3o: Gratuita <\/p>\n\n\n\n<hr class=\"wp-block-separator has-alpha-channel-opacity\"\/>\n\n\n\n<p class=\"has-text-align-center has-black-color has-text-color has-link-color wp-elements-b1a9b51c57c4a2156b15da2e26c88eee\"><strong>Investimento compat\u00edvel com forma\u00e7\u00f5es m\u00e9dica avan\u00e7adas e reconhecidas no Brasil.<\/strong><\/p>\n\n\n\n<p class=\"has-text-align-center has-black-color has-text-color has-link-color has-small-font-size wp-elements-26c457b0a23e5a9c8c50f93d615ad7e9\">Fale com um consultor e garanta condi\u00e7\u00f5es especiais<\/p>\n\n<\/div><\/details><\/div>\n\n\n<div class=\"wp-block-buttons is-layout-flex wp-block-buttons-is-layout-flex\">\n<div class=\"wp-block-button has-custom-width wp-block-button__width-50\"><a class=\"wp-block-button__link has-background wp-element-button\" href=\"https:\/\/fint.jacad.com.br\/academico\/e-course\/v3\/link?idCurso=102\" style=\"background-color:#08366c\" target=\"_blank\" rel=\"noreferrer noopener\">Matricule-se<\/a><\/div>\n\n\n\n<div class=\"wp-block-button has-custom-width wp-block-button__width-50\"><a class=\"wp-block-button__link has-background wp-element-button\" href=\"https:\/\/api.whatsapp.com\/send\/?phone=5519971386715\" style=\"background-color:#08366c\" target=\"_blank\" rel=\"noreferrer noopener\">Fale com um consultor<\/a><\/div>\n<\/div>\n<\/div>\n<\/div>\n\n\n\n<div class=\"wp-block-columns is-layout-flex wp-container-core-columns-layout-2 wp-block-columns-is-layout-flex\">\n<div class=\"wp-block-column is-layout-flow wp-block-column-is-layout-flow\"><div class=\"lightweight-accordion has-text-color has-background\"><details><summary class=\"lightweight-accordion-title\" style=\"color:#ffffff;background:#08366c;\"><span>Metodologia<\/span><\/summary><div class=\"lightweight-accordion-body\" style=\"border-color:#08366c;\">\n\n<p class=\"has-black-color has-text-color has-link-color wp-elements-e72cefa127da288ca37cb5c497911b5a\">A p\u00f3s-gradua\u00e7\u00e3o \u00e9 oferecida no formato semipresencial, com carga hor\u00e1ria de 420 horas.<\/p>\n\n<\/div><\/details><\/div><\/div>\n\n\n\n<div class=\"wp-block-column is-layout-flow wp-block-column-is-layout-flow\"><div class=\"lightweight-accordion has-text-color has-background\"><details><summary class=\"lightweight-accordion-title\" style=\"color:#ffffff;background:#08366c;\"><span>P\u00fablico-alvo<\/span><\/summary><div class=\"lightweight-accordion-body\" style=\"border-color:#08366c;\">\n\n<p class=\"has-black-color has-text-color has-link-color wp-elements-9f047a874e19acc354acfb0f67e44cdf\">Este curso \u00e9 destinado a M\u00e9dicos graduados.<\/p>\n\n<\/div><\/details><\/div><\/div>\n\n\n\n<div class=\"wp-block-column is-layout-flow wp-block-column-is-layout-flow\"><div class=\"lightweight-accordion has-text-color has-background\"><details><summary class=\"lightweight-accordion-title\" style=\"color:#ffffff;background:#08366c;\"><span>Corpo Docente<\/span><\/summary><div class=\"lightweight-accordion-body\" style=\"border-color:#08366c;\">\n\n<p class=\"has-black-color has-text-color has-link-color wp-elements-614ed266a00743e9a7d07fd6bde5e97c\">Cada professor \u00e9 escolhido pela sua expertise e capacidade de ensinar pr\u00e1ticas e conceitos inovadores, oferecendo uma experi\u00eancia educacional que alia conhecimento te\u00f3rico \u00e0 pr\u00e1tica cl\u00ednica de alto padr\u00e3o.<\/p>\n\n<\/div><\/details><\/div><\/div>\n<\/div>\n\n\n\n<div class=\"wp-block-media-text has-media-on-the-right is-stacked-on-mobile\"><div class=\"wp-block-media-text__content\">\n<p><\/p>\n\n\n\n<h2 class=\"wp-block-heading has-large-font-size\">OBJETIVOS DO CURSO<\/h2>\n\n\n\n<p>Capacitar o m\u00e9dico a reconhecer precocemente, estratificar e manejar gesta\u00e7\u00f5es de alto risco, utilizando protocolos nacionais e internacionais atualizados, garantindo condutas seguras, resolutivas e alinhadas \u00e0s melhores pr\u00e1ticas da obstetr\u00edcia moderna.<\/p>\n\n\n\n<p>Desenvolver racioc\u00ednio cl\u00ednico avan\u00e7ado e tomada de decis\u00e3o estrat\u00e9gica para o enfrentamento de intercorr\u00eancias maternas, fetais e obst\u00e9tricas de m\u00e9dia e alta complexidade, atuando com autonomia, precis\u00e3o e controle em cen\u00e1rios cr\u00edticos.<\/p>\n\n\n\n<p>Treinar o profissional para atua\u00e7\u00e3o de excel\u00eancia em urg\u00eancias e emerg\u00eancias obst\u00e9tricas, com dom\u00ednio pr\u00e1tico de fluxos assistenciais, resposta r\u00e1pida e manejo de situa\u00e7\u00f5es que impactam diretamente a mortalidade materna e neonatal.<\/p>\n\n\n\n<p>Aprimorar a condu\u00e7\u00e3o do pr\u00e9-natal de alto risco e do cuidado integrado, capacitando o m\u00e9dico a liderar equipes multiprofissionais, organizar linhas de cuidado e aplicar medicina baseada em evid\u00eancias com foco em resultado cl\u00ednico real.<\/p>\n\n\n\n<p>Fortalecer a atua\u00e7\u00e3o \u00e9tica, legal e humanizada, preparando o m\u00e9dico para exercer lideran\u00e7a assistencial, comunica\u00e7\u00e3o estrat\u00e9gica e gest\u00e3o de riscos, posicionando-se como refer\u00eancia t\u00e9cnica e profissional em servi\u00e7os especializados de obstetr\u00edcia.<\/p>\n<\/div><figure class=\"wp-block-media-text__media\"><img loading=\"lazy\" decoding=\"async\" width=\"1024\" height=\"979\" src=\"https:\/\/educacaomedica.fint.edu.br\/wp-content\/uploads\/2025\/12\/Gestacao.png\" alt=\"\" class=\"wp-image-960 size-full\" srcset=\"https:\/\/educacaomedica.fint.edu.br\/wp-content\/uploads\/2025\/12\/Gestacao.png 1024w, https:\/\/educacaomedica.fint.edu.br\/wp-content\/uploads\/2025\/12\/Gestacao-300x287.png 300w, https:\/\/educacaomedica.fint.edu.br\/wp-content\/uploads\/2025\/12\/Gestacao-768x734.png 768w\" sizes=\"(max-width: 1024px) 100vw, 1024px\" \/><\/figure><\/div>\n\n\n\n<hr class=\"wp-block-separator has-alpha-channel-opacity\"\/>\n\n\n\n<div class=\"wp-block-columns is-layout-flex wp-container-core-columns-layout-3 wp-block-columns-is-layout-flex\">\n<div class=\"wp-block-column is-vertically-aligned-center is-layout-flow wp-block-column-is-layout-flow\">\n<h2 class=\"wp-block-heading has-text-align-center\">Matricule-se<\/h2>\n\n\n\n<p class=\"has-black-color has-text-color has-link-color wp-elements-cf62715786b61789c1822be4d2a6f4f7\">Invista na sua carreira com uma forma\u00e7\u00e3o que une conhecimento especializado. Garanta sua vaga e prepare-se para proporcionar melhor qualidade de vida para os pacientes e seus familiares.<\/p>\n\n\n\n<div class=\"wp-block-buttons is-content-justification-center is-layout-flex wp-container-core-buttons-layout-2 wp-block-buttons-is-layout-flex\">\n<div class=\"wp-block-button\"><a class=\"wp-block-button__link has-background has-text-align-center wp-element-button\" href=\"https:\/\/fint.jacad.com.br\/academico\/e-course\/v3\/link?idCurso=102\" style=\"background-color:#08366c\" target=\"_blank\" rel=\"noreferrer noopener\">Matricule-se<\/a><\/div>\n<\/div>\n<\/div>\n<\/div>\n\n\n\n<figure class=\"wp-block-pullquote\"><blockquote><p>A realiza\u00e7\u00e3o deste curso est\u00e1 sujeita \u00e0 forma\u00e7\u00e3o de turma com um n\u00famero<br>m\u00ednimo de participantes.<\/p><\/blockquote><\/figure>\n\n\n\n<div class=\"wp-block-columns is-layout-flex wp-container-core-columns-layout-4 wp-block-columns-is-layout-flex\">\n<div class=\"wp-block-column is-layout-flow wp-block-column-is-layout-flow\">\n<figure class=\"wp-block-embed is-type-video is-provider-youtube wp-block-embed-youtube wp-embed-aspect-16-9 wp-has-aspect-ratio\"><div class=\"wp-block-embed__wrapper\">\n<iframe loading=\"lazy\" title=\"FINT de Perto: Conhe\u00e7a Toda a Estrutura que Faz a Diferen\u00e7a\" width=\"500\" height=\"281\" src=\"https:\/\/www.youtube.com\/embed\/7lBKCwlRirA?feature=oembed\" frameborder=\"0\" allow=\"accelerometer; autoplay; clipboard-write; encrypted-media; gyroscope; picture-in-picture; web-share\" referrerpolicy=\"strict-origin-when-cross-origin\" allowfullscreen><\/iframe>\n<\/div><\/figure>\n<\/div>\n\n\n\n<div class=\"wp-block-column is-layout-flow wp-block-column-is-layout-flow\">\n<h2 class=\"wp-block-heading\">A FINT de Perto: Conhe\u00e7a Toda a Estrutura que Faz a Diferen\u00e7a<\/h2>\n\n\n\n<p class=\"has-black-color has-text-color has-link-color wp-elements-8c3ea1ba063ba3ab072c00727a370a2b\"><strong>Aqui, cada detalhe foi pensado para voc\u00ea evoluir.<\/strong><br>Neste v\u00eddeo, voc\u00ea vai conhecer de perto a estrutura da FINT: espa\u00e7os modernos, tecnologia de ponta e ambientes que inspiram aprendizado. Aperte o play e sinta como \u00e9 estudar em um lugar feito para transformar sua trajet\u00f3ria.<\/p>\n<\/div>\n<\/div>\n","protected":false},"excerpt":{"rendered":"<p>P\u00d3S-GRADUA\u00c7\u00c3O OBSTETR\u00cdCIA DE ALTO RISCO A P\u00f3s-Gradua\u00e7\u00e3o em Obstetr\u00edcia de Alto Risco tem como finalidade capacitar m\u00e9dicos para atuar de forma segura, \u00e9tica e baseada em evid\u00eancias na assist\u00eancia ao pr\u00e9-natal, parto e puerp\u00e9rio de gestantes com condi\u00e7\u00f5es cl\u00ednicas, obst\u00e9tricas e\/ou sociais associadas a maior risco materno-fetal. O curso integra conhecimentos atuais de obstetr\u00edcia, cl\u00ednica [&hellip;]<\/p>\n","protected":false},"author":1,"featured_media":0,"parent":163,"menu_order":0,"comment_status":"closed","ping_status":"closed","template":"template-fullwidth.php","meta":{"om_disable_all_campaigns":false,"_monsterinsights_skip_tracking":false,"_monsterinsights_sitenote_active":false,"_monsterinsights_sitenote_note":"","_monsterinsights_sitenote_category":0,"_uf_show_specific_survey":0,"_uf_disable_surveys":false,"footnotes":""},"aioseo_notices":[],"_links":{"self":[{"href":"https:\/\/educacaomedica.fint.edu.br\/index.php\/wp-json\/wp\/v2\/pages\/955"}],"collection":[{"href":"https:\/\/educacaomedica.fint.edu.br\/index.php\/wp-json\/wp\/v2\/pages"}],"about":[{"href":"https:\/\/educacaomedica.fint.edu.br\/index.php\/wp-json\/wp\/v2\/types\/page"}],"author":[{"embeddable":true,"href":"https:\/\/educacaomedica.fint.edu.br\/index.php\/wp-json\/wp\/v2\/users\/1"}],"replies":[{"embeddable":true,"href":"https:\/\/educacaomedica.fint.edu.br\/index.php\/wp-json\/wp\/v2\/comments?post=955"}],"version-history":[{"count":6,"href":"https:\/\/educacaomedica.fint.edu.br\/index.php\/wp-json\/wp\/v2\/pages\/955\/revisions"}],"predecessor-version":[{"id":1064,"href":"https:\/\/educacaomedica.fint.edu.br\/index.php\/wp-json\/wp\/v2\/pages\/955\/revisions\/1064"}],"up":[{"embeddable":true,"href":"https:\/\/educacaomedica.fint.edu.br\/index.php\/wp-json\/wp\/v2\/pages\/163"}],"wp:attachment":[{"href":"https:\/\/educacaomedica.fint.edu.br\/index.php\/wp-json\/wp\/v2\/media?parent=955"}],"curies":[{"name":"wp","href":"https:\/\/api.w.org\/{rel}","templated":true}]}}