{"id":966,"date":"2025-12-23T17:36:36","date_gmt":"2025-12-23T20:36:36","guid":{"rendered":"https:\/\/educacaomedica.fint.edu.br\/?page_id=966"},"modified":"2026-02-10T19:33:18","modified_gmt":"2026-02-10T22:33:18","slug":"patologia-do-trato-genitario-inferior-e-colposcopia","status":"publish","type":"page","link":"https:\/\/educacaomedica.fint.edu.br\/index.php\/pos-graduacao\/patologia-do-trato-genitario-inferior-e-colposcopia\/","title":{"rendered":"PATOLOGIA DO TRATO GENIT\u00c1RIO INFERIOR E COLPOSCOPIA"},"content":{"rendered":"\n<div class=\"wp-block-columns is-layout-flex wp-container-core-columns-layout-1 wp-block-columns-is-layout-flex\">\n<div class=\"wp-block-column is-layout-flow wp-block-column-is-layout-flow\">\n<p><\/p>\n<\/div>\n\n\n\n<div class=\"wp-block-column is-layout-flow wp-block-column-is-layout-flow\">\n<h2 class=\"wp-block-heading has-text-color has-link-color has-large-font-size wp-elements-62fecfa14abaeb840d380d2b8585a44d\" style=\"color:#5059a1\">P\u00d3S-GRADUA\u00c7\u00c3O PATOLOGIA DO TRATO GENIT\u00c1RIO INFERIOR E COLPOSCOPIA<\/h2>\n\n\n\n<p>Formar m\u00e9dicos especialistas de alta performance em <strong>Patologia do Trato Genital Inferior e Colposcopia<\/strong>, preparados para atuar com <strong>excel\u00eancia t\u00e9cnica, precis\u00e3o diagn\u00f3stica e tomada de decis\u00e3o segura<\/strong> no rastreamento, diagn\u00f3stico precoce, seguimento e tratamento das les\u00f5es precursoras e das principais patologias ginecol\u00f3gicas associadas ao HPV. Ao longo de uma forma\u00e7\u00e3o intensiva, pr\u00e1tica e baseada nas <strong>mais atuais diretrizes nacionais e internacionais<\/strong>, o curso desenvolve profissionais capazes de <strong>reduzir falhas diagn\u00f3sticas, aumentar a resolutividade cl\u00ednica e assumir protagonismo<\/strong> no cuidado integral \u00e0 sa\u00fade da mulher, com atua\u00e7\u00e3o \u00e9tica, humanizada e impacto direto na preven\u00e7\u00e3o do c\u00e2ncer ginecol\u00f3gico.<\/p>\n\n\n<div class=\"lightweight-accordion has-text-color has-background\"><details><summary class=\"lightweight-accordion-title\" style=\"color:#ffffff;background:#08366c;\"><span>Valor do Curso<\/span><\/summary><div class=\"lightweight-accordion-body\" style=\"border-color:#08366c;\">\n\n<p class=\"has-text-align-center has-black-color has-text-color has-link-color wp-elements-fa59e59e96cb519b4c6b1ceb5619ceba\">Valor da Inscri\u00e7\u00e3o: Gratuita <\/p>\n\n\n\n<hr class=\"wp-block-separator has-alpha-channel-opacity\"\/>\n\n\n\n<p class=\"has-text-align-center has-black-color has-text-color has-link-color wp-elements-b1a9b51c57c4a2156b15da2e26c88eee\"><strong>Investimento compat\u00edvel com forma\u00e7\u00f5es m\u00e9dica avan\u00e7adas e reconhecidas no Brasil.<\/strong><\/p>\n\n\n\n<p class=\"has-text-align-center has-black-color has-text-color has-link-color has-small-font-size wp-elements-26c457b0a23e5a9c8c50f93d615ad7e9\">Fale com um consultor e garanta condi\u00e7\u00f5es especiais<\/p>\n\n<\/div><\/details><\/div>\n\n\n<div class=\"wp-block-buttons is-layout-flex wp-block-buttons-is-layout-flex\">\n<div class=\"wp-block-button has-custom-width wp-block-button__width-50\"><a class=\"wp-block-button__link has-background wp-element-button\" href=\"https:\/\/fint.jacad.com.br\/academico\/e-course\/v3\/link?idCurso=104\" style=\"background-color:#08366c\" target=\"_blank\" rel=\"noreferrer noopener\">Matricule-se<\/a><\/div>\n\n\n\n<div class=\"wp-block-button has-custom-width wp-block-button__width-50\"><a class=\"wp-block-button__link has-background wp-element-button\" href=\"https:\/\/api.whatsapp.com\/send\/?phone=5519971386715\" style=\"background-color:#08366c\" target=\"_blank\" rel=\"noreferrer noopener\">Fale com um consultor<\/a><\/div>\n<\/div>\n<\/div>\n<\/div>\n\n\n\n<div class=\"wp-block-columns is-layout-flex wp-container-core-columns-layout-2 wp-block-columns-is-layout-flex\">\n<div class=\"wp-block-column is-layout-flow wp-block-column-is-layout-flow\"><div class=\"lightweight-accordion has-text-color has-background\"><details><summary class=\"lightweight-accordion-title\" style=\"color:#ffffff;background:#08366c;\"><span>Metodologia<\/span><\/summary><div class=\"lightweight-accordion-body\" style=\"border-color:#08366c;\">\n\n<p class=\"has-black-color has-text-color has-link-color wp-elements-e72cefa127da288ca37cb5c497911b5a\">A p\u00f3s-gradua\u00e7\u00e3o \u00e9 oferecida no formato semipresencial, com carga hor\u00e1ria de 420 horas.<\/p>\n\n<\/div><\/details><\/div><\/div>\n\n\n\n<div class=\"wp-block-column is-layout-flow wp-block-column-is-layout-flow\"><div class=\"lightweight-accordion has-text-color has-background\"><details><summary class=\"lightweight-accordion-title\" style=\"color:#ffffff;background:#08366c;\"><span>P\u00fablico-alvo<\/span><\/summary><div class=\"lightweight-accordion-body\" style=\"border-color:#08366c;\">\n\n<p class=\"has-black-color has-text-color has-link-color wp-elements-38cec6585b3ec5020f2dbbb2f3a6f2f1\">Este curso \u00e9 destinado a M\u00e9dicos ginecologistas e obstetras, M\u00e9dicos de fam\u00edlia e comunidade e Profissionais de sa\u00fade autorizados por seu conselho a atuar em colposcopia (de acordo com a legisla\u00e7\u00e3o vigente da categoria).<\/p>\n\n<\/div><\/details><\/div><\/div>\n\n\n\n<div class=\"wp-block-column is-layout-flow wp-block-column-is-layout-flow\"><div class=\"lightweight-accordion has-text-color has-background\"><details><summary class=\"lightweight-accordion-title\" style=\"color:#ffffff;background:#08366c;\"><span>Corpo Docente<\/span><\/summary><div class=\"lightweight-accordion-body\" style=\"border-color:#08366c;\">\n\n<p class=\"has-black-color has-text-color has-link-color wp-elements-614ed266a00743e9a7d07fd6bde5e97c\">Cada professor \u00e9 escolhido pela sua expertise e capacidade de ensinar pr\u00e1ticas e conceitos inovadores, oferecendo uma experi\u00eancia educacional que alia conhecimento te\u00f3rico \u00e0 pr\u00e1tica cl\u00ednica de alto padr\u00e3o.<\/p>\n\n<\/div><\/details><\/div><\/div>\n<\/div>\n\n\n\n<div class=\"wp-block-media-text has-media-on-the-right is-stacked-on-mobile\"><div class=\"wp-block-media-text__content\">\n<p><\/p>\n\n\n\n<h2 class=\"wp-block-heading has-large-font-size\">OBJETIVOS DO CURSO<\/h2>\n\n\n\n<p>Desenvolver dom\u00ednio absoluto da colposcopia moderna, capacitando o m\u00e9dico a interpretar com precis\u00e3o imagens, padr\u00f5es vasculares e zonas de transforma\u00e7\u00e3o, elevando o n\u00edvel diagn\u00f3stico e reduzindo falhas cl\u00ednicas.<\/p>\n\n\n\n<p>Capacitar para a integra\u00e7\u00e3o diagn\u00f3stica de alto n\u00edvel, correlacionando citologia, colposcopia, histopatologia e testes moleculares para decis\u00f5es cl\u00ednicas seguras, r\u00e1pidas e baseadas em evid\u00eancias.<\/p>\n\n\n\n<p>Aprimorar o manejo completo do HPV e das les\u00f5es precursoras do c\u00e2ncer do colo do \u00fatero, com foco em preven\u00e7\u00e3o, seguimento inteligente e interven\u00e7\u00f5es no momento certo, conforme diretrizes nacionais e internacionais.<\/p>\n\n\n\n<p>Treinar o m\u00e9dico para indicar e executar condutas terap\u00eauticas assertivas, incluindo procedimentos ablativos e excisionais, com m\u00e1xima seguran\u00e7a, crit\u00e9rio t\u00e9cnico e respeito \u00e0 \u00e9tica profissional. <\/p>\n\n\n\n<p>Formar especialistas refer\u00eancia no cuidado ginecol\u00f3gico, capazes de atuar com autonomia, credibilidade e vis\u00e3o estrat\u00e9gica, entregando atendimento humanizado, laudos precisos e impacto real na redu\u00e7\u00e3o da morbimortalidade feminina.<\/p>\n\n\n\n<ul>\n<li><\/li>\n<\/ul>\n<\/div><figure class=\"wp-block-media-text__media\"><img loading=\"lazy\" decoding=\"async\" width=\"1024\" height=\"979\" src=\"https:\/\/educacaomedica.fint.edu.br\/wp-content\/uploads\/2025\/12\/Colpocospia.png\" alt=\"\" class=\"wp-image-967 size-full\" srcset=\"https:\/\/educacaomedica.fint.edu.br\/wp-content\/uploads\/2025\/12\/Colpocospia.png 1024w, https:\/\/educacaomedica.fint.edu.br\/wp-content\/uploads\/2025\/12\/Colpocospia-300x287.png 300w, https:\/\/educacaomedica.fint.edu.br\/wp-content\/uploads\/2025\/12\/Colpocospia-768x734.png 768w\" sizes=\"(max-width: 1024px) 100vw, 1024px\" \/><\/figure><\/div>\n\n\n\n<hr class=\"wp-block-separator has-alpha-channel-opacity\"\/>\n\n\n\n<div class=\"wp-block-columns is-layout-flex wp-container-core-columns-layout-3 wp-block-columns-is-layout-flex\">\n<div class=\"wp-block-column is-vertically-aligned-center is-layout-flow wp-block-column-is-layout-flow\">\n<h2 class=\"wp-block-heading has-text-align-center\">Matricule-se<\/h2>\n\n\n\n<p class=\"has-black-color has-text-color has-link-color wp-elements-cf62715786b61789c1822be4d2a6f4f7\">Invista na sua carreira com uma forma\u00e7\u00e3o que une conhecimento especializado. Garanta sua vaga e prepare-se para proporcionar melhor qualidade de vida para os pacientes e seus familiares.<\/p>\n\n\n\n<div class=\"wp-block-buttons is-content-justification-center is-layout-flex wp-container-core-buttons-layout-2 wp-block-buttons-is-layout-flex\">\n<div class=\"wp-block-button\"><a class=\"wp-block-button__link has-background has-text-align-center wp-element-button\" href=\"https:\/\/fint.jacad.com.br\/academico\/e-course\/v3\/link?idCurso=104\" style=\"background-color:#08366c\" target=\"_blank\" rel=\"noreferrer noopener\">Matricule-se<\/a><\/div>\n<\/div>\n<\/div>\n<\/div>\n\n\n\n<figure class=\"wp-block-pullquote\"><blockquote><p>A realiza\u00e7\u00e3o deste curso est\u00e1 sujeita \u00e0 forma\u00e7\u00e3o de turma com um n\u00famero<br>m\u00ednimo de participantes.<\/p><\/blockquote><\/figure>\n\n\n\n<div class=\"wp-block-columns is-layout-flex wp-container-core-columns-layout-4 wp-block-columns-is-layout-flex\">\n<div class=\"wp-block-column is-layout-flow wp-block-column-is-layout-flow\">\n<figure class=\"wp-block-embed is-type-video is-provider-youtube wp-block-embed-youtube wp-embed-aspect-16-9 wp-has-aspect-ratio\"><div class=\"wp-block-embed__wrapper\">\n<iframe loading=\"lazy\" title=\"FINT de Perto: Conhe\u00e7a Toda a Estrutura que Faz a Diferen\u00e7a\" width=\"500\" height=\"281\" src=\"https:\/\/www.youtube.com\/embed\/7lBKCwlRirA?feature=oembed\" frameborder=\"0\" allow=\"accelerometer; autoplay; clipboard-write; encrypted-media; gyroscope; picture-in-picture; web-share\" referrerpolicy=\"strict-origin-when-cross-origin\" allowfullscreen><\/iframe>\n<\/div><\/figure>\n<\/div>\n\n\n\n<div class=\"wp-block-column is-layout-flow wp-block-column-is-layout-flow\">\n<h2 class=\"wp-block-heading\">A FINT de Perto: Conhe\u00e7a Toda a Estrutura que Faz a Diferen\u00e7a<\/h2>\n\n\n\n<p class=\"has-black-color has-text-color has-link-color wp-elements-8c3ea1ba063ba3ab072c00727a370a2b\"><strong>Aqui, cada detalhe foi pensado para voc\u00ea evoluir.<\/strong><br>Neste v\u00eddeo, voc\u00ea vai conhecer de perto a estrutura da FINT: espa\u00e7os modernos, tecnologia de ponta e ambientes que inspiram aprendizado. Aperte o play e sinta como \u00e9 estudar em um lugar feito para transformar sua trajet\u00f3ria.<\/p>\n<\/div>\n<\/div>\n","protected":false},"excerpt":{"rendered":"<p>P\u00d3S-GRADUA\u00c7\u00c3O PATOLOGIA DO TRATO GENIT\u00c1RIO INFERIOR E COLPOSCOPIA Formar m\u00e9dicos especialistas de alta performance em Patologia do Trato Genital Inferior e Colposcopia, preparados para atuar com excel\u00eancia t\u00e9cnica, precis\u00e3o diagn\u00f3stica e tomada de decis\u00e3o segura no rastreamento, diagn\u00f3stico precoce, seguimento e tratamento das les\u00f5es precursoras e das principais patologias ginecol\u00f3gicas associadas ao HPV. Ao longo [&hellip;]<\/p>\n","protected":false},"author":1,"featured_media":0,"parent":163,"menu_order":0,"comment_status":"closed","ping_status":"closed","template":"template-fullwidth.php","meta":{"om_disable_all_campaigns":false,"_monsterinsights_skip_tracking":false,"_monsterinsights_sitenote_active":false,"_monsterinsights_sitenote_note":"","_monsterinsights_sitenote_category":0,"_uf_show_specific_survey":0,"_uf_disable_surveys":false,"footnotes":""},"aioseo_notices":[],"_links":{"self":[{"href":"https:\/\/educacaomedica.fint.edu.br\/index.php\/wp-json\/wp\/v2\/pages\/966"}],"collection":[{"href":"https:\/\/educacaomedica.fint.edu.br\/index.php\/wp-json\/wp\/v2\/pages"}],"about":[{"href":"https:\/\/educacaomedica.fint.edu.br\/index.php\/wp-json\/wp\/v2\/types\/page"}],"author":[{"embeddable":true,"href":"https:\/\/educacaomedica.fint.edu.br\/index.php\/wp-json\/wp\/v2\/users\/1"}],"replies":[{"embeddable":true,"href":"https:\/\/educacaomedica.fint.edu.br\/index.php\/wp-json\/wp\/v2\/comments?post=966"}],"version-history":[{"count":5,"href":"https:\/\/educacaomedica.fint.edu.br\/index.php\/wp-json\/wp\/v2\/pages\/966\/revisions"}],"predecessor-version":[{"id":1065,"href":"https:\/\/educacaomedica.fint.edu.br\/index.php\/wp-json\/wp\/v2\/pages\/966\/revisions\/1065"}],"up":[{"embeddable":true,"href":"https:\/\/educacaomedica.fint.edu.br\/index.php\/wp-json\/wp\/v2\/pages\/163"}],"wp:attachment":[{"href":"https:\/\/educacaomedica.fint.edu.br\/index.php\/wp-json\/wp\/v2\/media?parent=966"}],"curies":[{"name":"wp","href":"https:\/\/api.w.org\/{rel}","templated":true}]}}