{"id":972,"date":"2025-12-23T21:02:48","date_gmt":"2025-12-24T00:02:48","guid":{"rendered":"https:\/\/educacaomedica.fint.edu.br\/?page_id=972"},"modified":"2026-02-23T14:32:26","modified_gmt":"2026-02-23T17:32:26","slug":"endocrino-ginecologia","status":"publish","type":"page","link":"https:\/\/educacaomedica.fint.edu.br\/index.php\/pos-graduacao\/endocrino-ginecologia\/","title":{"rendered":"ENDOCRINO GINECOLOGIA"},"content":{"rendered":"\n<div class=\"wp-block-columns is-layout-flex wp-container-core-columns-layout-1 wp-block-columns-is-layout-flex\">\n<div class=\"wp-block-column is-layout-flow wp-block-column-is-layout-flow\">\n<p><\/p>\n<\/div>\n\n\n\n<div class=\"wp-block-column is-layout-flow wp-block-column-is-layout-flow\">\n<h2 class=\"wp-block-heading has-text-color has-link-color has-large-font-size wp-elements-8235e1538fa0e3ee957d4ed7b437f9ef\" style=\"color:#5059a1\">P\u00d3S-GRADUA\u00c7\u00c3O ENDOCRINO GINECOLOGIA<\/h2>\n\n\n\n<p>Formar m\u00e9dicos de alta performance na <strong>Endocrino-Ginecologia<\/strong>, capazes de atuar com <strong>excel\u00eancia cl\u00ednica, seguran\u00e7a e protagonismo<\/strong> no diagn\u00f3stico e manejo dos dist\u00farbios hormonais femininos ao longo de todas as fases da vida da mulher. O curso tem como foco o desenvolvimento de <strong>racioc\u00ednio cl\u00ednico avan\u00e7ado<\/strong>, dom\u00ednio das <strong>condutas terap\u00eauticas baseadas em evid\u00eancias<\/strong>, interpreta\u00e7\u00e3o precisa de exames e tomada de decis\u00e3o estrat\u00e9gica, integrando sa\u00fade hormonal, metab\u00f3lica, reprodutiva e sexual, posicionando o profissional como <strong>refer\u00eancia t\u00e9cnica e cient\u00edfica em sa\u00fade da mulher<\/strong>.<\/p>\n\n\n<div class=\"lightweight-accordion has-text-color has-background\"><details><summary class=\"lightweight-accordion-title\" style=\"color:#ffffff;background:#08366c;\"><span>Valor do Curso<\/span><\/summary><div class=\"lightweight-accordion-body\" style=\"border-color:#08366c;\">\n\n<p class=\"has-text-align-center has-black-color has-text-color has-link-color wp-elements-fa59e59e96cb519b4c6b1ceb5619ceba\">Valor da Inscri\u00e7\u00e3o: Gratuita <\/p>\n\n\n\n<hr class=\"wp-block-separator has-alpha-channel-opacity\"\/>\n\n\n\n<p class=\"has-text-align-center has-black-color has-text-color has-link-color wp-elements-b1a9b51c57c4a2156b15da2e26c88eee\"><strong>Investimento compat\u00edvel com forma\u00e7\u00f5es m\u00e9dica avan\u00e7adas e reconhecidas no Brasil.<\/strong><\/p>\n\n\n\n<p class=\"has-text-align-center has-black-color has-text-color has-link-color has-small-font-size wp-elements-26c457b0a23e5a9c8c50f93d615ad7e9\">Fale com um consultor e garanta condi\u00e7\u00f5es especiais<\/p>\n\n<\/div><\/details><\/div>\n\n\n<div class=\"wp-block-buttons is-layout-flex wp-block-buttons-is-layout-flex\">\n<div class=\"wp-block-button has-custom-width wp-block-button__width-50\"><a class=\"wp-block-button__link has-background wp-element-button\" href=\"https:\/\/fint.jacad.com.br\/academico\/e-course\/v3\/link?idCurso=105\" style=\"background-color:#08366c\" target=\"_blank\" rel=\"noreferrer noopener\">Matricule-se<\/a><\/div>\n\n\n\n<div class=\"wp-block-button has-custom-width wp-block-button__width-50\"><a class=\"wp-block-button__link has-background wp-element-button\" href=\"https:\/\/api.whatsapp.com\/send\/?phone=5519971386715\" style=\"background-color:#08366c\" target=\"_blank\" rel=\"noreferrer noopener\">Fale com um consultor<\/a><\/div>\n<\/div>\n<\/div>\n<\/div>\n\n\n\n<div class=\"wp-block-columns is-layout-flex wp-container-core-columns-layout-2 wp-block-columns-is-layout-flex\">\n<div class=\"wp-block-column is-layout-flow wp-block-column-is-layout-flow\"><div class=\"lightweight-accordion has-text-color has-background\"><details><summary class=\"lightweight-accordion-title\" style=\"color:#ffffff;background:#08366c;\"><span>Metodologia<\/span><\/summary><div class=\"lightweight-accordion-body\" style=\"border-color:#08366c;\">\n\n<p class=\"has-black-color has-text-color has-link-color wp-elements-e72cefa127da288ca37cb5c497911b5a\">A p\u00f3s-gradua\u00e7\u00e3o \u00e9 oferecida no formato semipresencial, com carga hor\u00e1ria de 420 horas.<\/p>\n\n<\/div><\/details><\/div><\/div>\n\n\n\n<div class=\"wp-block-column is-layout-flow wp-block-column-is-layout-flow\"><div class=\"lightweight-accordion has-text-color has-background\"><details><summary class=\"lightweight-accordion-title\" style=\"color:#ffffff;background:#08366c;\"><span>P\u00fablico-alvo<\/span><\/summary><div class=\"lightweight-accordion-body\" style=\"border-color:#08366c;\">\n\n<p class=\"has-black-color has-text-color has-link-color wp-elements-d8629c3b63083fd12a59a6a09331ea12\">Este curso \u00e9 destinado a M\u00e9dicos.<\/p>\n\n<\/div><\/details><\/div><\/div>\n\n\n\n<div class=\"wp-block-column is-layout-flow wp-block-column-is-layout-flow\"><div class=\"lightweight-accordion has-text-color has-background\"><details><summary class=\"lightweight-accordion-title\" style=\"color:#ffffff;background:#08366c;\"><span>Corpo Docente<\/span><\/summary><div class=\"lightweight-accordion-body\" style=\"border-color:#08366c;\">\n\n<p class=\"has-black-color has-text-color has-link-color wp-elements-614ed266a00743e9a7d07fd6bde5e97c\">Cada professor \u00e9 escolhido pela sua expertise e capacidade de ensinar pr\u00e1ticas e conceitos inovadores, oferecendo uma experi\u00eancia educacional que alia conhecimento te\u00f3rico \u00e0 pr\u00e1tica cl\u00ednica de alto padr\u00e3o.<\/p>\n\n<\/div><\/details><\/div><\/div>\n<\/div>\n\n\n\n<div class=\"wp-block-media-text has-media-on-the-right is-stacked-on-mobile\"><div class=\"wp-block-media-text__content\">\n<p><\/p>\n\n\n\n<h2 class=\"wp-block-heading has-large-font-size\">OBJETIVOS DO CURSO<\/h2>\n\n\n\n<p>Desenvolver dom\u00ednio profundo e aplicado da fisiologia e fisiopatologia hormonal feminina, capacitando o m\u00e9dico a interpretar com precis\u00e3o os mecanismos end\u00f3crinos que influenciam ciclo menstrual, fertilidade, metabolismo, gesta\u00e7\u00e3o, climat\u00e9rio e menopausa.<\/p>\n\n\n\n<p>Capacitar o profissional para realizar diagn\u00f3sticos estrat\u00e9gicos e assertivos nas principais endocrinopatias ginecol\u00f3gicas, como SOP, dist\u00farbios menstruais, disfun\u00e7\u00f5es metab\u00f3licas, altera\u00e7\u00f5es tireoidianas e adrenais, reduzindo erros cl\u00ednicos e aumentando a seguran\u00e7a terap\u00eautica.<\/p>\n\n\n\n<p>Atualizar e consolidar condutas terap\u00eauticas modernas, eficazes e baseadas em evid\u00eancias cient\u00edficas, com uso racional de terapias hormonais, farmacol\u00f3gicas e abordagens integradas, promovendo resultados cl\u00ednicos superiores e personalizados.<\/p>\n\n\n\n<p>Aprimorar a interpreta\u00e7\u00e3o cr\u00edtica de exames laboratoriais e de imagem do eixo end\u00f3crino-reprodutivo, transformando dados em decis\u00f5es cl\u00ednicas seguras, precisas e orientadas para desfechos reais na sa\u00fade da mulher. <\/p>\n\n\n\n<p>Formar m\u00e9dicos preparados para conduzir o cuidado hormonal feminino de forma integral e cont\u00ednua, atuando com excel\u00eancia em obesidade, resist\u00eancia \u00e0 insulina, infertilidade, endocrinologia da gesta\u00e7\u00e3o, menopausa e sa\u00fade sexual, fortalecendo o protagonismo profissional e a autoridade cl\u00ednica no consult\u00f3rio e nos servi\u00e7os de sa\u00fade.<\/p>\n\n\n\n<ul>\n<li><\/li>\n<\/ul>\n<\/div><figure class=\"wp-block-media-text__media\"><img loading=\"lazy\" decoding=\"async\" width=\"1024\" height=\"979\" src=\"https:\/\/educacaomedica.fint.edu.br\/wp-content\/uploads\/2025\/12\/Endocrino-1.png\" alt=\"\" class=\"wp-image-975 size-full\" srcset=\"https:\/\/educacaomedica.fint.edu.br\/wp-content\/uploads\/2025\/12\/Endocrino-1.png 1024w, https:\/\/educacaomedica.fint.edu.br\/wp-content\/uploads\/2025\/12\/Endocrino-1-300x287.png 300w, https:\/\/educacaomedica.fint.edu.br\/wp-content\/uploads\/2025\/12\/Endocrino-1-768x734.png 768w\" sizes=\"(max-width: 1024px) 100vw, 1024px\" \/><\/figure><\/div>\n\n\n\n<hr class=\"wp-block-separator has-alpha-channel-opacity\"\/>\n\n\n\n<div class=\"wp-block-columns is-layout-flex wp-container-core-columns-layout-3 wp-block-columns-is-layout-flex\">\n<div class=\"wp-block-column is-vertically-aligned-center is-layout-flow wp-block-column-is-layout-flow\">\n<h2 class=\"wp-block-heading has-text-align-center\">Matricule-se<\/h2>\n\n\n\n<p class=\"has-black-color has-text-color has-link-color wp-elements-cf62715786b61789c1822be4d2a6f4f7\">Invista na sua carreira com uma forma\u00e7\u00e3o que une conhecimento especializado. Garanta sua vaga e prepare-se para proporcionar melhor qualidade de vida para os pacientes e seus familiares.<\/p>\n\n\n\n<div class=\"wp-block-buttons is-content-justification-center is-layout-flex wp-container-core-buttons-layout-2 wp-block-buttons-is-layout-flex\">\n<div class=\"wp-block-button\"><a class=\"wp-block-button__link has-background has-text-align-center wp-element-button\" href=\"https:\/\/fint.jacad.com.br\/academico\/e-course\/v3\/link?idCurso=105\" style=\"background-color:#08366c\" target=\"_blank\" rel=\"noreferrer noopener\">Matricule-se<\/a><\/div>\n<\/div>\n<\/div>\n<\/div>\n\n\n\n<figure class=\"wp-block-pullquote\"><blockquote><p>A realiza\u00e7\u00e3o deste curso est\u00e1 sujeita \u00e0 forma\u00e7\u00e3o de turma com um n\u00famero<br>m\u00ednimo de participantes.<\/p><\/blockquote><\/figure>\n\n\n\n<div class=\"wp-block-columns is-layout-flex wp-container-core-columns-layout-4 wp-block-columns-is-layout-flex\">\n<div class=\"wp-block-column is-layout-flow wp-block-column-is-layout-flow\">\n<figure class=\"wp-block-embed is-type-video is-provider-youtube wp-block-embed-youtube wp-embed-aspect-16-9 wp-has-aspect-ratio\"><div class=\"wp-block-embed__wrapper\">\n<iframe loading=\"lazy\" title=\"FINT de Perto: Conhe\u00e7a Toda a Estrutura que Faz a Diferen\u00e7a\" width=\"500\" height=\"281\" src=\"https:\/\/www.youtube.com\/embed\/7lBKCwlRirA?feature=oembed\" frameborder=\"0\" allow=\"accelerometer; autoplay; clipboard-write; encrypted-media; gyroscope; picture-in-picture; web-share\" referrerpolicy=\"strict-origin-when-cross-origin\" allowfullscreen><\/iframe>\n<\/div><\/figure>\n<\/div>\n\n\n\n<div class=\"wp-block-column is-layout-flow wp-block-column-is-layout-flow\">\n<h2 class=\"wp-block-heading\">A FINT de Perto: Conhe\u00e7a Toda a Estrutura que Faz a Diferen\u00e7a<\/h2>\n\n\n\n<p class=\"has-black-color has-text-color has-link-color wp-elements-8c3ea1ba063ba3ab072c00727a370a2b\"><strong>Aqui, cada detalhe foi pensado para voc\u00ea evoluir.<\/strong><br>Neste v\u00eddeo, voc\u00ea vai conhecer de perto a estrutura da FINT: espa\u00e7os modernos, tecnologia de ponta e ambientes que inspiram aprendizado. Aperte o play e sinta como \u00e9 estudar em um lugar feito para transformar sua trajet\u00f3ria.<\/p>\n<\/div>\n<\/div>\n","protected":false},"excerpt":{"rendered":"<p>P\u00d3S-GRADUA\u00c7\u00c3O ENDOCRINO GINECOLOGIA Formar m\u00e9dicos de alta performance na Endocrino-Ginecologia, capazes de atuar com excel\u00eancia cl\u00ednica, seguran\u00e7a e protagonismo no diagn\u00f3stico e manejo dos dist\u00farbios hormonais femininos ao longo de todas as fases da vida da mulher. O curso tem como foco o desenvolvimento de racioc\u00ednio cl\u00ednico avan\u00e7ado, dom\u00ednio das condutas terap\u00eauticas baseadas em evid\u00eancias, [&hellip;]<\/p>\n","protected":false},"author":1,"featured_media":0,"parent":163,"menu_order":0,"comment_status":"closed","ping_status":"closed","template":"template-fullwidth.php","meta":{"om_disable_all_campaigns":false,"_monsterinsights_skip_tracking":false,"_monsterinsights_sitenote_active":false,"_monsterinsights_sitenote_note":"","_monsterinsights_sitenote_category":0,"_uf_show_specific_survey":0,"_uf_disable_surveys":false,"footnotes":""},"aioseo_notices":[],"_links":{"self":[{"href":"https:\/\/educacaomedica.fint.edu.br\/index.php\/wp-json\/wp\/v2\/pages\/972"}],"collection":[{"href":"https:\/\/educacaomedica.fint.edu.br\/index.php\/wp-json\/wp\/v2\/pages"}],"about":[{"href":"https:\/\/educacaomedica.fint.edu.br\/index.php\/wp-json\/wp\/v2\/types\/page"}],"author":[{"embeddable":true,"href":"https:\/\/educacaomedica.fint.edu.br\/index.php\/wp-json\/wp\/v2\/users\/1"}],"replies":[{"embeddable":true,"href":"https:\/\/educacaomedica.fint.edu.br\/index.php\/wp-json\/wp\/v2\/comments?post=972"}],"version-history":[{"count":5,"href":"https:\/\/educacaomedica.fint.edu.br\/index.php\/wp-json\/wp\/v2\/pages\/972\/revisions"}],"predecessor-version":[{"id":1070,"href":"https:\/\/educacaomedica.fint.edu.br\/index.php\/wp-json\/wp\/v2\/pages\/972\/revisions\/1070"}],"up":[{"embeddable":true,"href":"https:\/\/educacaomedica.fint.edu.br\/index.php\/wp-json\/wp\/v2\/pages\/163"}],"wp:attachment":[{"href":"https:\/\/educacaomedica.fint.edu.br\/index.php\/wp-json\/wp\/v2\/media?parent=972"}],"curies":[{"name":"wp","href":"https:\/\/api.w.org\/{rel}","templated":true}]}}